{"id":76,"date":"2018-07-12T19:29:02","date_gmt":"2018-07-13T01:29:02","guid":{"rendered":"http:\/\/potrerodemulas.mx\/es\/?page_id=76"},"modified":"2018-07-12T19:37:55","modified_gmt":"2018-07-13T01:37:55","slug":"rapel-y-escalada","status":"publish","type":"page","link":"http:\/\/potrerodemulas.mx\/es\/rapel-y-escalada\/","title":{"rendered":"Rapel y Escalada"},"content":{"rendered":"\t\t<div data-elementor-type=\"wp-post\" data-elementor-id=\"76\" class=\"elementor elementor-76 elementor-bc-flex-widget\">\n\t\t\t\t\t\t<section class=\"elementor-section elementor-top-section elementor-element elementor-element-5f30ae2 elementor-section-boxed elementor-section-height-default elementor-section-height-default\" data-id=\"5f30ae2\" data-element_type=\"section\">\n\t\t\t\t\t\t<div class=\"elementor-container elementor-column-gap-default\">\n\t\t\t\t\t<div class=\"elementor-column elementor-col-100 elementor-top-column elementor-element elementor-element-4122d6c\" data-id=\"4122d6c\" data-element_type=\"column\">\n\t\t\t<div class=\"elementor-widget-wrap elementor-element-populated\">\n\t\t\t\t\t\t<div class=\"elementor-element elementor-element-4711eca elementor-widget elementor-widget-spacer\" data-id=\"4711eca\" data-element_type=\"widget\" data-widget_type=\"spacer.default\">\n\t\t\t\t<div class=\"elementor-widget-container\">\n\t\t\t<style>\/*! elementor - v3.20.0 - 26-03-2024 *\/\n.elementor-column .elementor-spacer-inner{height:var(--spacer-size)}.e-con{--container-widget-width:100%}.e-con-inner>.elementor-widget-spacer,.e-con>.elementor-widget-spacer{width:var(--container-widget-width,var(--spacer-size));--align-self:var(--container-widget-align-self,initial);--flex-shrink:0}.e-con-inner>.elementor-widget-spacer>.elementor-widget-container,.e-con>.elementor-widget-spacer>.elementor-widget-container{height:100%;width:100%}.e-con-inner>.elementor-widget-spacer>.elementor-widget-container>.elementor-spacer,.e-con>.elementor-widget-spacer>.elementor-widget-container>.elementor-spacer{height:100%}.e-con-inner>.elementor-widget-spacer>.elementor-widget-container>.elementor-spacer>.elementor-spacer-inner,.e-con>.elementor-widget-spacer>.elementor-widget-container>.elementor-spacer>.elementor-spacer-inner{height:var(--container-widget-height,var(--spacer-size))}.e-con-inner>.elementor-widget-spacer.elementor-widget-empty,.e-con>.elementor-widget-spacer.elementor-widget-empty{position:relative;min-height:22px;min-width:22px}.e-con-inner>.elementor-widget-spacer.elementor-widget-empty .elementor-widget-empty-icon,.e-con>.elementor-widget-spacer.elementor-widget-empty .elementor-widget-empty-icon{position:absolute;top:0;bottom:0;left:0;right:0;margin:auto;padding:0;width:22px;height:22px}<\/style>\t\t<div class=\"elementor-spacer\">\n\t\t\t<div class=\"elementor-spacer-inner\"><\/div>\n\t\t<\/div>\n\t\t\t\t<\/div>\n\t\t\t\t<\/div>\n\t\t\t\t\t<\/div>\n\t\t<\/div>\n\t\t\t\t\t<\/div>\n\t\t<\/section>\n\t\t\t\t<section class=\"elementor-section elementor-top-section elementor-element elementor-element-1414781 elementor-section-boxed elementor-section-height-default elementor-section-height-default\" data-id=\"1414781\" data-element_type=\"section\">\n\t\t\t\t\t\t<div class=\"elementor-container elementor-column-gap-default\">\n\t\t\t\t\t<div class=\"elementor-column elementor-col-100 elementor-top-column elementor-element elementor-element-b263ad2\" data-id=\"b263ad2\" data-element_type=\"column\">\n\t\t\t<div class=\"elementor-widget-wrap elementor-element-populated\">\n\t\t\t\t\t\t<div class=\"elementor-element elementor-element-2b8f0aa elementor-widget elementor-widget-heading\" data-id=\"2b8f0aa\" data-element_type=\"widget\" data-widget_type=\"heading.default\">\n\t\t\t\t<div class=\"elementor-widget-container\">\n\t\t\t<style>\/*! elementor - v3.20.0 - 26-03-2024 *\/\n.elementor-heading-title{padding:0;margin:0;line-height:1}.elementor-widget-heading .elementor-heading-title[class*=elementor-size-]>a{color:inherit;font-size:inherit;line-height:inherit}.elementor-widget-heading .elementor-heading-title.elementor-size-small{font-size:15px}.elementor-widget-heading .elementor-heading-title.elementor-size-medium{font-size:19px}.elementor-widget-heading .elementor-heading-title.elementor-size-large{font-size:29px}.elementor-widget-heading .elementor-heading-title.elementor-size-xl{font-size:39px}.elementor-widget-heading .elementor-heading-title.elementor-size-xxl{font-size:59px}<\/style><h2 class=\"elementor-heading-title elementor-size-large\">Rapel y escalada en roca via ferrata<\/h2>\t\t<\/div>\n\t\t\t\t<\/div>\n\t\t\t\t\t<\/div>\n\t\t<\/div>\n\t\t\t\t\t<\/div>\n\t\t<\/section>\n\t\t\t\t<section class=\"elementor-section elementor-top-section elementor-element elementor-element-9e5f963 elementor-section-boxed elementor-section-height-default elementor-section-height-default\" data-id=\"9e5f963\" data-element_type=\"section\">\n\t\t\t\t\t\t<div class=\"elementor-container elementor-column-gap-default\">\n\t\t\t\t\t<div class=\"elementor-column elementor-col-33 elementor-top-column elementor-element elementor-element-6a84a61\" data-id=\"6a84a61\" data-element_type=\"column\">\n\t\t\t<div class=\"elementor-widget-wrap elementor-element-populated\">\n\t\t\t\t\t\t<div class=\"elementor-element elementor-element-6b287e4 elementor-widget elementor-widget-text-editor\" data-id=\"6b287e4\" data-element_type=\"widget\" data-widget_type=\"text-editor.default\">\n\t\t\t\t<div class=\"elementor-widget-container\">\n\t\t\t<style>\/*! elementor - v3.20.0 - 26-03-2024 *\/\n.elementor-widget-text-editor.elementor-drop-cap-view-stacked .elementor-drop-cap{background-color:#69727d;color:#fff}.elementor-widget-text-editor.elementor-drop-cap-view-framed .elementor-drop-cap{color:#69727d;border:3px solid;background-color:transparent}.elementor-widget-text-editor:not(.elementor-drop-cap-view-default) .elementor-drop-cap{margin-top:8px}.elementor-widget-text-editor:not(.elementor-drop-cap-view-default) .elementor-drop-cap-letter{width:1em;height:1em}.elementor-widget-text-editor .elementor-drop-cap{float:left;text-align:center;line-height:1;font-size:50px}.elementor-widget-text-editor .elementor-drop-cap-letter{display:inline-block}<\/style>\t\t\t\t<p><strong><span class=\"style43\">En la escalada en roca<\/span><\/strong>\u00a0es fundamental el conocimiento del manejo de las cuerdas que son usadas para asegurarse o atarse a un punto fijo o entre escaladores, as\u00ed mientras uno escala otro sujeta la cuerda para prevenir cualquier ca\u00edda o deslizamiento.<\/p>\t\t\t\t\t\t<\/div>\n\t\t\t\t<\/div>\n\t\t\t\t\t<\/div>\n\t\t<\/div>\n\t\t\t\t<div class=\"elementor-column elementor-col-33 elementor-top-column elementor-element elementor-element-8c0bea4\" data-id=\"8c0bea4\" data-element_type=\"column\">\n\t\t\t<div class=\"elementor-widget-wrap elementor-element-populated\">\n\t\t\t\t\t\t<div class=\"elementor-element elementor-element-5af5003 elementor-widget elementor-widget-text-editor\" data-id=\"5af5003\" data-element_type=\"widget\" data-widget_type=\"text-editor.default\">\n\t\t\t\t<div class=\"elementor-widget-container\">\n\t\t\t\t\t\t\t<p><strong><span class=\"style43\">La escalada en Via Ferrata<\/span>\u00a0<\/strong>es un itinerario deportivo situado a una pared rocosa<\/p>\t\t\t\t\t\t<\/div>\n\t\t\t\t<\/div>\n\t\t\t\t\t<\/div>\n\t\t<\/div>\n\t\t\t\t<div class=\"elementor-column elementor-col-33 elementor-top-column elementor-element elementor-element-4886e5a\" data-id=\"4886e5a\" data-element_type=\"column\">\n\t\t\t<div class=\"elementor-widget-wrap elementor-element-populated\">\n\t\t\t\t\t\t<div class=\"elementor-element elementor-element-7226f99 elementor-widget elementor-widget-text-editor\" data-id=\"7226f99\" data-element_type=\"widget\" data-widget_type=\"text-editor.default\">\n\t\t\t\t<div class=\"elementor-widget-container\">\n\t\t\t\t\t\t\t<p><strong><span class=\"style43\">La t\u00e9cnica llamada rappel<\/span><\/strong>\u00a0se usa para descender por terrenos muy empinados; la cuerda se fija de tal modo que puede ser descolgada cuando el \u00faltimo escalador la haya utilizado. Para descender por la cuerda, los escaladores utilizan la fricci\u00f3n que se genera (a menudo absorbida por un dispositivo mec\u00e1nico sujeto a sus cuerpos) para controlar su velocidad de descenso. Entre las t\u00e9cnicas actuales para las escaladas m\u00e1s empinadas se encuentra el uso de\u00a0<em><strong>cu\u00f1as<\/strong><\/em>, que se incrustan en grietas de las rocas, a las que se sujetan las cuerdas por medio de anillos con cierre llamados\u00a0<em><strong>mosquetones<\/strong><\/em>. Las caras verticales y superiores de las rocas pueden tambi\u00e9n requerir el uso de peque\u00f1as escalas de nylon, sujetadas a la roca por los primeros escaladores; los siguientes pueden usar entonces dos elevadores mec\u00e1nicos que alternativamente sujetan y sueltan la cuerda mientras el escalador sube utilizando los estribos.<\/p>\t\t\t\t\t\t<\/div>\n\t\t\t\t<\/div>\n\t\t\t\t\t<\/div>\n\t\t<\/div>\n\t\t\t\t\t<\/div>\n\t\t<\/section>\n\t\t\t\t<section class=\"elementor-section elementor-top-section elementor-element elementor-element-1724e8d elementor-section-boxed elementor-section-height-default elementor-section-height-default\" data-id=\"1724e8d\" data-element_type=\"section\">\n\t\t\t\t\t\t<div class=\"elementor-container elementor-column-gap-default\">\n\t\t\t\t\t<div class=\"elementor-column elementor-col-100 elementor-top-column elementor-element elementor-element-28eca43\" data-id=\"28eca43\" data-element_type=\"column\">\n\t\t\t<div class=\"elementor-widget-wrap elementor-element-populated\">\n\t\t\t\t\t\t<div class=\"elementor-element elementor-element-bde9a61 elementor-widget elementor-widget-text-editor\" data-id=\"bde9a61\" data-element_type=\"widget\" data-widget_type=\"text-editor.default\">\n\t\t\t\t<div class=\"elementor-widget-container\">\n\t\t\t\t\t\t\t<p class=\"style39\">La fisiograf\u00eda del sitio permitio establecer rutas para principiantes y para expertos, se tienen identificado dos sitios:\u00a0<em><strong>\u201cLa cascada de Los Vencejos\u201d<\/strong><\/em>, que se encuentra sobre e la parte alta del\u00a0<em><strong>arroyo de \u201cLos Helechos\u201d<\/strong><\/em>, la cual presenta una caida entre los\u00a0<em><strong>15 a los 20 metros<\/strong><\/em>\u00a0aproximadamente. Para realizar Rappel para principiantes se encuentra un lugar a s\u00f3lo unos metros al sureste del \u00e1rea de Campamento de &#8220;Lagartija Azul&#8221; Ideal para realizar\u00a0<em><strong>rappel para principiantes<\/strong><\/em>.<\/p><p class=\"style39\"><em><strong>En el cerro de El Caballito<\/strong><\/em>\u00a0se encuentra una ca\u00edda sobre una roca mayor a los\u00a0<em><strong>60 metros<\/strong><\/em>. Es un sitio ideal para realizar rappel en forma\u00a0<em><strong>m\u00e1s profesional<\/strong><\/em>\u00a0o para aquellos que les gusta el verdadero deporte extremo. La roca se enmarca entre hermosos paisajes y las nubes que chocan provenientes del pacifico.<\/p><p class=\"style39\">El usuario lo conforman, por una parte los huespedes que buscan hacer una actividad diferente en sus vacaciones y los deportistas con experiencia que buscan encontrar rutas nuevas que les representen un reto o un entrenamiento.<\/p>\t\t\t\t\t\t<\/div>\n\t\t\t\t<\/div>\n\t\t\t\t\t<\/div>\n\t\t<\/div>\n\t\t\t\t\t<\/div>\n\t\t<\/section>\n\t\t\t\t<section class=\"elementor-section elementor-top-section elementor-element elementor-element-3d1a51b elementor-section-boxed elementor-section-height-default elementor-section-height-default\" data-id=\"3d1a51b\" data-element_type=\"section\">\n\t\t\t\t\t\t<div class=\"elementor-container elementor-column-gap-default\">\n\t\t\t\t\t<div class=\"elementor-column elementor-col-100 elementor-top-column elementor-element elementor-element-7a1b4a5\" data-id=\"7a1b4a5\" data-element_type=\"column\">\n\t\t\t<div class=\"elementor-widget-wrap elementor-element-populated\">\n\t\t\t\t\t\t<div class=\"elementor-element elementor-element-0c7323d elementor-widget elementor-widget-media-carousel\" data-id=\"0c7323d\" data-element_type=\"widget\" data-widget_type=\"media-carousel.default\">\n\t\t\t\t<div class=\"elementor-widget-container\">\n\t\t\t \t\t<\/div>\n\t\t\t\t<\/div>\n\t\t\t\t\t<\/div>\n\t\t<\/div>\n\t\t\t\t\t<\/div>\n\t\t<\/section>\n\t\t\t\t<\/div>\n\t\t","protected":false},"excerpt":{"rendered":"<p>Rapel y escalada en roca via ferrata En la escalada en roca\u00a0es fundamental el conocimiento del manejo de las cuerdas que son usadas para asegurarse o atarse a un punto fijo o entre escaladores, as\u00ed mientras uno escala otro sujeta la cuerda para prevenir cualquier ca\u00edda o deslizamiento. La escalada en Via Ferrata\u00a0es un itinerario [&hellip;]<\/p>\n","protected":false},"author":1,"featured_media":0,"parent":0,"menu_order":0,"comment_status":"closed","ping_status":"closed","template":"","meta":{"footnotes":""},"yoast_head":"<!-- This site is optimized with the Yoast SEO plugin v22.3 - https:\/\/yoast.com\/wordpress\/plugins\/seo\/ -->\n<title>Rapel y Escalada - Potrero de mulas de San Sebastian del Oeste<\/title>\n<meta name=\"robots\" content=\"index, follow, max-snippet:-1, max-image-preview:large, max-video-preview:-1\" \/>\n<link rel=\"canonical\" href=\"http:\/\/potrerodemulas.mx\/es\/rapel-y-escalada\/\" \/>\n<meta property=\"og:locale\" content=\"es_MX\" \/>\n<meta property=\"og:type\" content=\"article\" \/>\n<meta property=\"og:title\" content=\"Rapel y Escalada - Potrero de mulas de San Sebastian del Oeste\" \/>\n<meta property=\"og:description\" content=\"Rapel y escalada en roca via ferrata En la escalada en roca\u00a0es fundamental el conocimiento del manejo de las cuerdas que son usadas para asegurarse o atarse a un punto fijo o entre escaladores, as\u00ed mientras uno escala otro sujeta la cuerda para prevenir cualquier ca\u00edda o deslizamiento. La escalada en Via Ferrata\u00a0es un itinerario [&hellip;]\" \/>\n<meta property=\"og:url\" content=\"http:\/\/potrerodemulas.mx\/es\/rapel-y-escalada\/\" \/>\n<meta property=\"og:site_name\" content=\"Potrero de mulas de San Sebastian del Oeste\" \/>\n<meta property=\"article:publisher\" content=\"https:\/\/www.facebook.com\/potrerodemulas\" \/>\n<meta property=\"article:modified_time\" content=\"2018-07-13T01:37:55+00:00\" \/>\n<meta name=\"twitter:card\" content=\"summary_large_image\" \/>\n<meta name=\"twitter:label1\" content=\"Tiempo de lectura\" \/>\n\t<meta name=\"twitter:data1\" content=\"2 minutos\" \/>\n<script type=\"application\/ld+json\" class=\"yoast-schema-graph\">{\"@context\":\"https:\/\/schema.org\",\"@graph\":[{\"@type\":\"WebPage\",\"@id\":\"http:\/\/potrerodemulas.mx\/es\/rapel-y-escalada\/\",\"url\":\"http:\/\/potrerodemulas.mx\/es\/rapel-y-escalada\/\",\"name\":\"Rapel y Escalada - Potrero de mulas de San Sebastian del Oeste\",\"isPartOf\":{\"@id\":\"http:\/\/potrerodemulas.mx\/es\/#website\"},\"datePublished\":\"2018-07-13T01:29:02+00:00\",\"dateModified\":\"2018-07-13T01:37:55+00:00\",\"breadcrumb\":{\"@id\":\"http:\/\/potrerodemulas.mx\/es\/rapel-y-escalada\/#breadcrumb\"},\"inLanguage\":\"es-MX\",\"potentialAction\":[{\"@type\":\"ReadAction\",\"target\":[\"http:\/\/potrerodemulas.mx\/es\/rapel-y-escalada\/\"]}]},{\"@type\":\"BreadcrumbList\",\"@id\":\"http:\/\/potrerodemulas.mx\/es\/rapel-y-escalada\/#breadcrumb\",\"itemListElement\":[{\"@type\":\"ListItem\",\"position\":1,\"name\":\"Inicio\",\"item\":\"http:\/\/potrerodemulas.mx\/es\/\"},{\"@type\":\"ListItem\",\"position\":2,\"name\":\"Rapel y Escalada\"}]},{\"@type\":\"WebSite\",\"@id\":\"http:\/\/potrerodemulas.mx\/es\/#website\",\"url\":\"http:\/\/potrerodemulas.mx\/es\/\",\"name\":\"Potrero de mulas de San Sebastian del Oeste\",\"description\":\"Potrero de mulas ecoturismo amibental\",\"potentialAction\":[{\"@type\":\"SearchAction\",\"target\":{\"@type\":\"EntryPoint\",\"urlTemplate\":\"http:\/\/potrerodemulas.mx\/es\/?s={search_term_string}\"},\"query-input\":\"required name=search_term_string\"}],\"inLanguage\":\"es-MX\"}]}<\/script>\n<!-- \/ Yoast SEO plugin. -->","yoast_head_json":{"title":"Rapel y Escalada - Potrero de mulas de San Sebastian del Oeste","robots":{"index":"index","follow":"follow","max-snippet":"max-snippet:-1","max-image-preview":"max-image-preview:large","max-video-preview":"max-video-preview:-1"},"canonical":"http:\/\/potrerodemulas.mx\/es\/rapel-y-escalada\/","og_locale":"es_MX","og_type":"article","og_title":"Rapel y Escalada - Potrero de mulas de San Sebastian del Oeste","og_description":"Rapel y escalada en roca via ferrata En la escalada en roca\u00a0es fundamental el conocimiento del manejo de las cuerdas que son usadas para asegurarse o atarse a un punto fijo o entre escaladores, as\u00ed mientras uno escala otro sujeta la cuerda para prevenir cualquier ca\u00edda o deslizamiento. La escalada en Via Ferrata\u00a0es un itinerario [&hellip;]","og_url":"http:\/\/potrerodemulas.mx\/es\/rapel-y-escalada\/","og_site_name":"Potrero de mulas de San Sebastian del Oeste","article_publisher":"https:\/\/www.facebook.com\/potrerodemulas","article_modified_time":"2018-07-13T01:37:55+00:00","twitter_card":"summary_large_image","twitter_misc":{"Tiempo de lectura":"2 minutos"},"schema":{"@context":"https:\/\/schema.org","@graph":[{"@type":"WebPage","@id":"http:\/\/potrerodemulas.mx\/es\/rapel-y-escalada\/","url":"http:\/\/potrerodemulas.mx\/es\/rapel-y-escalada\/","name":"Rapel y Escalada - Potrero de mulas de San Sebastian del Oeste","isPartOf":{"@id":"http:\/\/potrerodemulas.mx\/es\/#website"},"datePublished":"2018-07-13T01:29:02+00:00","dateModified":"2018-07-13T01:37:55+00:00","breadcrumb":{"@id":"http:\/\/potrerodemulas.mx\/es\/rapel-y-escalada\/#breadcrumb"},"inLanguage":"es-MX","potentialAction":[{"@type":"ReadAction","target":["http:\/\/potrerodemulas.mx\/es\/rapel-y-escalada\/"]}]},{"@type":"BreadcrumbList","@id":"http:\/\/potrerodemulas.mx\/es\/rapel-y-escalada\/#breadcrumb","itemListElement":[{"@type":"ListItem","position":1,"name":"Inicio","item":"http:\/\/potrerodemulas.mx\/es\/"},{"@type":"ListItem","position":2,"name":"Rapel y Escalada"}]},{"@type":"WebSite","@id":"http:\/\/potrerodemulas.mx\/es\/#website","url":"http:\/\/potrerodemulas.mx\/es\/","name":"Potrero de mulas de San Sebastian del Oeste","description":"Potrero de mulas ecoturismo amibental","potentialAction":[{"@type":"SearchAction","target":{"@type":"EntryPoint","urlTemplate":"http:\/\/potrerodemulas.mx\/es\/?s={search_term_string}"},"query-input":"required name=search_term_string"}],"inLanguage":"es-MX"}]}},"_links":{"self":[{"href":"http:\/\/potrerodemulas.mx\/es\/wp-json\/wp\/v2\/pages\/76"}],"collection":[{"href":"http:\/\/potrerodemulas.mx\/es\/wp-json\/wp\/v2\/pages"}],"about":[{"href":"http:\/\/potrerodemulas.mx\/es\/wp-json\/wp\/v2\/types\/page"}],"author":[{"embeddable":true,"href":"http:\/\/potrerodemulas.mx\/es\/wp-json\/wp\/v2\/users\/1"}],"replies":[{"embeddable":true,"href":"http:\/\/potrerodemulas.mx\/es\/wp-json\/wp\/v2\/comments?post=76"}],"version-history":[{"count":2,"href":"http:\/\/potrerodemulas.mx\/es\/wp-json\/wp\/v2\/pages\/76\/revisions"}],"predecessor-version":[{"id":86,"href":"http:\/\/potrerodemulas.mx\/es\/wp-json\/wp\/v2\/pages\/76\/revisions\/86"}],"wp:attachment":[{"href":"http:\/\/potrerodemulas.mx\/es\/wp-json\/wp\/v2\/media?parent=76"}],"curies":[{"name":"wp","href":"https:\/\/api.w.org\/{rel}","templated":true}]}}