{"id":68,"date":"2018-07-12T19:18:54","date_gmt":"2018-07-13T01:18:54","guid":{"rendered":"http:\/\/potrerodemulas.mx\/es\/?page_id=68"},"modified":"2018-10-09T13:44:58","modified_gmt":"2018-10-09T19:44:58","slug":"sendero-interpretativo","status":"publish","type":"page","link":"http:\/\/potrerodemulas.mx\/es\/sendero-interpretativo\/","title":{"rendered":"Sendero interpretativo"},"content":{"rendered":"\t\t<div data-elementor-type=\"wp-post\" data-elementor-id=\"68\" class=\"elementor elementor-68 elementor-bc-flex-widget\">\n\t\t\t\t\t\t<section class=\"elementor-section elementor-top-section elementor-element elementor-element-8f31efa elementor-section-boxed elementor-section-height-default elementor-section-height-default\" data-id=\"8f31efa\" data-element_type=\"section\">\n\t\t\t\t\t\t<div class=\"elementor-container elementor-column-gap-default\">\n\t\t\t\t\t<div class=\"elementor-column elementor-col-100 elementor-top-column elementor-element elementor-element-b9c7569\" data-id=\"b9c7569\" data-element_type=\"column\">\n\t\t\t<div class=\"elementor-widget-wrap elementor-element-populated\">\n\t\t\t\t\t\t<div class=\"elementor-element elementor-element-18a87b9 elementor-widget elementor-widget-spacer\" data-id=\"18a87b9\" data-element_type=\"widget\" data-widget_type=\"spacer.default\">\n\t\t\t\t<div class=\"elementor-widget-container\">\n\t\t\t<style>\/*! elementor - v3.20.0 - 26-03-2024 *\/\n.elementor-column .elementor-spacer-inner{height:var(--spacer-size)}.e-con{--container-widget-width:100%}.e-con-inner>.elementor-widget-spacer,.e-con>.elementor-widget-spacer{width:var(--container-widget-width,var(--spacer-size));--align-self:var(--container-widget-align-self,initial);--flex-shrink:0}.e-con-inner>.elementor-widget-spacer>.elementor-widget-container,.e-con>.elementor-widget-spacer>.elementor-widget-container{height:100%;width:100%}.e-con-inner>.elementor-widget-spacer>.elementor-widget-container>.elementor-spacer,.e-con>.elementor-widget-spacer>.elementor-widget-container>.elementor-spacer{height:100%}.e-con-inner>.elementor-widget-spacer>.elementor-widget-container>.elementor-spacer>.elementor-spacer-inner,.e-con>.elementor-widget-spacer>.elementor-widget-container>.elementor-spacer>.elementor-spacer-inner{height:var(--container-widget-height,var(--spacer-size))}.e-con-inner>.elementor-widget-spacer.elementor-widget-empty,.e-con>.elementor-widget-spacer.elementor-widget-empty{position:relative;min-height:22px;min-width:22px}.e-con-inner>.elementor-widget-spacer.elementor-widget-empty .elementor-widget-empty-icon,.e-con>.elementor-widget-spacer.elementor-widget-empty .elementor-widget-empty-icon{position:absolute;top:0;bottom:0;left:0;right:0;margin:auto;padding:0;width:22px;height:22px}<\/style>\t\t<div class=\"elementor-spacer\">\n\t\t\t<div class=\"elementor-spacer-inner\"><\/div>\n\t\t<\/div>\n\t\t\t\t<\/div>\n\t\t\t\t<\/div>\n\t\t\t\t\t<\/div>\n\t\t<\/div>\n\t\t\t\t\t<\/div>\n\t\t<\/section>\n\t\t\t\t<section class=\"elementor-section elementor-top-section elementor-element elementor-element-20f8f8f elementor-section-boxed elementor-section-height-default elementor-section-height-default\" data-id=\"20f8f8f\" data-element_type=\"section\">\n\t\t\t\t\t\t<div class=\"elementor-container elementor-column-gap-default\">\n\t\t\t\t\t<div class=\"elementor-column elementor-col-100 elementor-top-column elementor-element elementor-element-cb35a37\" data-id=\"cb35a37\" data-element_type=\"column\">\n\t\t\t<div class=\"elementor-widget-wrap elementor-element-populated\">\n\t\t\t\t\t\t<div class=\"elementor-element elementor-element-564ad3f elementor-widget elementor-widget-heading\" data-id=\"564ad3f\" data-element_type=\"widget\" data-widget_type=\"heading.default\">\n\t\t\t\t<div class=\"elementor-widget-container\">\n\t\t\t<style>\/*! elementor - v3.20.0 - 26-03-2024 *\/\n.elementor-heading-title{padding:0;margin:0;line-height:1}.elementor-widget-heading .elementor-heading-title[class*=elementor-size-]>a{color:inherit;font-size:inherit;line-height:inherit}.elementor-widget-heading .elementor-heading-title.elementor-size-small{font-size:15px}.elementor-widget-heading .elementor-heading-title.elementor-size-medium{font-size:19px}.elementor-widget-heading .elementor-heading-title.elementor-size-large{font-size:29px}.elementor-widget-heading .elementor-heading-title.elementor-size-xl{font-size:39px}.elementor-widget-heading .elementor-heading-title.elementor-size-xxl{font-size:59px}<\/style><h2 class=\"elementor-heading-title elementor-size-large\">Sendero Interpretativo: Bosque Mes\u00f2filo de monta\u00f1a \"Arroyo la bulera\"<\/h2>\t\t<\/div>\n\t\t\t\t<\/div>\n\t\t\t\t\t<\/div>\n\t\t<\/div>\n\t\t\t\t\t<\/div>\n\t\t<\/section>\n\t\t\t\t<section class=\"elementor-section elementor-top-section elementor-element elementor-element-ca121c0 elementor-section-boxed elementor-section-height-default elementor-section-height-default\" data-id=\"ca121c0\" data-element_type=\"section\">\n\t\t\t\t\t\t<div class=\"elementor-container elementor-column-gap-default\">\n\t\t\t\t\t<div class=\"elementor-column elementor-col-100 elementor-top-column elementor-element elementor-element-798ea0e\" data-id=\"798ea0e\" data-element_type=\"column\">\n\t\t\t<div class=\"elementor-widget-wrap elementor-element-populated\">\n\t\t\t\t\t\t<div class=\"elementor-element elementor-element-0b2d5ba elementor-widget elementor-widget-text-editor\" data-id=\"0b2d5ba\" data-element_type=\"widget\" data-widget_type=\"text-editor.default\">\n\t\t\t\t<div class=\"elementor-widget-container\">\n\t\t\t<style>\/*! elementor - v3.20.0 - 26-03-2024 *\/\n.elementor-widget-text-editor.elementor-drop-cap-view-stacked .elementor-drop-cap{background-color:#69727d;color:#fff}.elementor-widget-text-editor.elementor-drop-cap-view-framed .elementor-drop-cap{color:#69727d;border:3px solid;background-color:transparent}.elementor-widget-text-editor:not(.elementor-drop-cap-view-default) .elementor-drop-cap{margin-top:8px}.elementor-widget-text-editor:not(.elementor-drop-cap-view-default) .elementor-drop-cap-letter{width:1em;height:1em}.elementor-widget-text-editor .elementor-drop-cap{float:left;text-align:center;line-height:1;font-size:50px}.elementor-widget-text-editor .elementor-drop-cap-letter{display:inline-block}<\/style>\t\t\t\t<p class=\"style39\">El sendero interpretativo es una\u00a0<em><strong>herramienta de la Educaci\u00f3n Ambiental<\/strong><\/em>\u00a0que permite a las personas acercarse al medio natural para aprender y para recrearse. De forma regular el sendero es conducido por un gu\u00eda que ayuda a los visitantes a descubrir el conocimiento a trav\u00e9s de todos sus sentidos.<\/p><p class=\"style39\">El Sendero Interpretativo consta de\u00a0<em><strong>estaciones asignadas\u00a0<\/strong><\/em>previamente, a cada estaci\u00f3n se le asigna un nombre f\u00e1cil de recordar, cada estaci\u00f3n consta de un tema que se desarrolla en el sitio haciendo uso del medio natural como material did\u00e1ctico.<\/p><p class=\"style39\">Para su operaci\u00f3n el sendero debe contar con se\u00f1alizaci\u00f3n b\u00e1sica y su recorrido debe ser por lugares por el que pueda transitar cualquier tipo de personas. De cualquier forma es f\u00e1cil dise\u00f1ar rutas alternas para\u00a0<em><strong>personas con discapacidad, adultos mayores o con ni\u00f1os de preescolar<\/strong><\/em>.<\/p><p class=\"style39\">Para hacer el sendero interpretativo interesante, se pueden identificar aquellos sitios peculiares como los nidos de aves, las madrigueras y cuerpos de agua donde acuden los animales. Esto se logra ligar con t\u00e9cnicas de rastreo de fauna silvestre as\u00ed como su identificaci\u00f3n todo con un toque de exploradores m\u00e1s que de estudiantes cautivos. Tambi\u00e9n es posible enlazar esta actividad con un\u00a0<em><strong>safari fotogr\u00e1fico<\/strong><\/em>.<\/p><p class=\"style39\">El sendero interpretativo inicia al suroeste del \u00c1rea de Caba\u00f1as. Tiene una longitud aproximada de 3 kil\u00f3metros de ida y vuelta, iniciando en\u00a0<em><strong>La Bulera<\/strong><\/em>\u00a0y terminado en el sitio conocido como\u00a0<em><strong>las 5 cascadas<\/strong><\/em>.<\/p><p class=\"style39\">La vegetaci\u00f3n predominante es\u00a0<em><strong>el bosque de Galer\u00eda<\/strong><\/em>\u00a0y en ocasiones se combina con el\u00a0<em><strong>bosque de pino-encino<\/strong><\/em>. Se encuentra enclavado en una ca\u00f1ada donde las plantas permanecen verdes la mayor parte del a\u00f1o. Es f\u00e1cil encontrar \u00e1rboles con alturas superiores a los 15 y 25 metros de altura. La presencia de especies de\u00a0<em><strong>bromelias<\/strong><\/em>,\u00a0<em><strong>orqu\u00eddeas<\/strong><\/em>, y\u00a0<em><strong>helechos arborescentes<\/strong><\/em>\u00a0es com\u00fan. Es f\u00e1cil encontrar muchas aves sobre el recorrido entre ellas\u00a0<em><strong>urracas<\/strong><\/em><em><strong>copetonas<\/strong><\/em>,\u00a0<em><strong>periquitos atoleros<\/strong><\/em>\u00a0y\u00a0<em><strong>chonchos<\/strong><\/em>\u00a0entre muchos m\u00e1s. Las huellas\u00a0<em><strong>de venado cola blanca, zorras, pumas y\u00a0<\/strong><\/em><em><strong>mapaches<\/strong><\/em>\u00a0son f\u00e1ciles de encontrar cerca del arroyo, y si se realiza el recorrido en silencio y atento es posible llegar a observar a estos y otros animales del lugar.<\/p><p class=\"style39\">Para desarrollar se cuenta con personal con conocimientos y habilidades b\u00e1sicas para la interpretaci\u00f3n. Se cuenta con una guia de observaci\u00f3n de aves y un cuadernillo que explica cada una de las cinco estaciones con que cuenta el Sendero Interpretativo.<\/p>\t\t\t\t\t\t<\/div>\n\t\t\t\t<\/div>\n\t\t\t\t\t<\/div>\n\t\t<\/div>\n\t\t\t\t\t<\/div>\n\t\t<\/section>\n\t\t\t\t<section class=\"elementor-section elementor-top-section elementor-element elementor-element-23f8f6f elementor-section-boxed elementor-section-height-default elementor-section-height-default\" data-id=\"23f8f6f\" data-element_type=\"section\">\n\t\t\t\t\t\t<div class=\"elementor-container elementor-column-gap-default\">\n\t\t\t\t\t<div class=\"elementor-column elementor-col-100 elementor-top-column elementor-element elementor-element-7ceebd6\" data-id=\"7ceebd6\" data-element_type=\"column\">\n\t\t\t<div class=\"elementor-widget-wrap elementor-element-populated\">\n\t\t\t\t\t\t<div class=\"elementor-element elementor-element-66ee278 elementor-widget elementor-widget-slides\" data-id=\"66ee278\" data-element_type=\"widget\" data-widget_type=\"slides.default\">\n\t\t\t\t<div class=\"elementor-widget-container\">\n\t\t\t \t\t<\/div>\n\t\t\t\t<\/div>\n\t\t\t\t\t<\/div>\n\t\t<\/div>\n\t\t\t\t\t<\/div>\n\t\t<\/section>\n\t\t\t\t<\/div>\n\t\t","protected":false},"excerpt":{"rendered":"<p>Sendero Interpretativo: Bosque Mes\u00f2filo de monta\u00f1a &#8220;Arroyo la bulera&#8221; El sendero interpretativo es una\u00a0herramienta de la Educaci\u00f3n Ambiental\u00a0que permite a las personas acercarse al medio natural para aprender y para recrearse. De forma regular el sendero es conducido por un gu\u00eda que ayuda a los visitantes a descubrir el conocimiento a trav\u00e9s de todos sus [&hellip;]<\/p>\n","protected":false},"author":1,"featured_media":0,"parent":0,"menu_order":0,"comment_status":"closed","ping_status":"closed","template":"","meta":{"footnotes":""},"yoast_head":"<!-- This site is optimized with the Yoast SEO plugin v22.3 - https:\/\/yoast.com\/wordpress\/plugins\/seo\/ -->\n<title>Sendero interpretativo - Potrero de mulas de San Sebastian del Oeste<\/title>\n<meta name=\"robots\" content=\"index, follow, max-snippet:-1, max-image-preview:large, max-video-preview:-1\" \/>\n<link rel=\"canonical\" href=\"http:\/\/potrerodemulas.mx\/es\/sendero-interpretativo\/\" \/>\n<meta property=\"og:locale\" content=\"es_MX\" \/>\n<meta property=\"og:type\" content=\"article\" \/>\n<meta property=\"og:title\" content=\"Sendero interpretativo - Potrero de mulas de San Sebastian del Oeste\" \/>\n<meta property=\"og:description\" content=\"Sendero Interpretativo: Bosque Mes\u00f2filo de monta\u00f1a &#8220;Arroyo la bulera&#8221; El sendero interpretativo es una\u00a0herramienta de la Educaci\u00f3n Ambiental\u00a0que permite a las personas acercarse al medio natural para aprender y para recrearse. De forma regular el sendero es conducido por un gu\u00eda que ayuda a los visitantes a descubrir el conocimiento a trav\u00e9s de todos sus [&hellip;]\" \/>\n<meta property=\"og:url\" content=\"http:\/\/potrerodemulas.mx\/es\/sendero-interpretativo\/\" \/>\n<meta property=\"og:site_name\" content=\"Potrero de mulas de San Sebastian del Oeste\" \/>\n<meta property=\"article:publisher\" content=\"https:\/\/www.facebook.com\/potrerodemulas\" \/>\n<meta property=\"article:modified_time\" content=\"2018-10-09T19:44:58+00:00\" \/>\n<meta name=\"twitter:card\" content=\"summary_large_image\" \/>\n<meta name=\"twitter:label1\" content=\"Tiempo de lectura\" \/>\n\t<meta name=\"twitter:data1\" content=\"2 minutos\" \/>\n<script type=\"application\/ld+json\" class=\"yoast-schema-graph\">{\"@context\":\"https:\/\/schema.org\",\"@graph\":[{\"@type\":\"WebPage\",\"@id\":\"http:\/\/potrerodemulas.mx\/es\/sendero-interpretativo\/\",\"url\":\"http:\/\/potrerodemulas.mx\/es\/sendero-interpretativo\/\",\"name\":\"Sendero interpretativo - Potrero de mulas de San Sebastian del Oeste\",\"isPartOf\":{\"@id\":\"http:\/\/potrerodemulas.mx\/es\/#website\"},\"datePublished\":\"2018-07-13T01:18:54+00:00\",\"dateModified\":\"2018-10-09T19:44:58+00:00\",\"breadcrumb\":{\"@id\":\"http:\/\/potrerodemulas.mx\/es\/sendero-interpretativo\/#breadcrumb\"},\"inLanguage\":\"es-MX\",\"potentialAction\":[{\"@type\":\"ReadAction\",\"target\":[\"http:\/\/potrerodemulas.mx\/es\/sendero-interpretativo\/\"]}]},{\"@type\":\"BreadcrumbList\",\"@id\":\"http:\/\/potrerodemulas.mx\/es\/sendero-interpretativo\/#breadcrumb\",\"itemListElement\":[{\"@type\":\"ListItem\",\"position\":1,\"name\":\"Inicio\",\"item\":\"http:\/\/potrerodemulas.mx\/es\/\"},{\"@type\":\"ListItem\",\"position\":2,\"name\":\"Sendero interpretativo\"}]},{\"@type\":\"WebSite\",\"@id\":\"http:\/\/potrerodemulas.mx\/es\/#website\",\"url\":\"http:\/\/potrerodemulas.mx\/es\/\",\"name\":\"Potrero de mulas de San Sebastian del Oeste\",\"description\":\"Potrero de mulas ecoturismo amibental\",\"potentialAction\":[{\"@type\":\"SearchAction\",\"target\":{\"@type\":\"EntryPoint\",\"urlTemplate\":\"http:\/\/potrerodemulas.mx\/es\/?s={search_term_string}\"},\"query-input\":\"required name=search_term_string\"}],\"inLanguage\":\"es-MX\"}]}<\/script>\n<!-- \/ Yoast SEO plugin. -->","yoast_head_json":{"title":"Sendero interpretativo - Potrero de mulas de San Sebastian del Oeste","robots":{"index":"index","follow":"follow","max-snippet":"max-snippet:-1","max-image-preview":"max-image-preview:large","max-video-preview":"max-video-preview:-1"},"canonical":"http:\/\/potrerodemulas.mx\/es\/sendero-interpretativo\/","og_locale":"es_MX","og_type":"article","og_title":"Sendero interpretativo - Potrero de mulas de San Sebastian del Oeste","og_description":"Sendero Interpretativo: Bosque Mes\u00f2filo de monta\u00f1a &#8220;Arroyo la bulera&#8221; El sendero interpretativo es una\u00a0herramienta de la Educaci\u00f3n Ambiental\u00a0que permite a las personas acercarse al medio natural para aprender y para recrearse. De forma regular el sendero es conducido por un gu\u00eda que ayuda a los visitantes a descubrir el conocimiento a trav\u00e9s de todos sus [&hellip;]","og_url":"http:\/\/potrerodemulas.mx\/es\/sendero-interpretativo\/","og_site_name":"Potrero de mulas de San Sebastian del Oeste","article_publisher":"https:\/\/www.facebook.com\/potrerodemulas","article_modified_time":"2018-10-09T19:44:58+00:00","twitter_card":"summary_large_image","twitter_misc":{"Tiempo de lectura":"2 minutos"},"schema":{"@context":"https:\/\/schema.org","@graph":[{"@type":"WebPage","@id":"http:\/\/potrerodemulas.mx\/es\/sendero-interpretativo\/","url":"http:\/\/potrerodemulas.mx\/es\/sendero-interpretativo\/","name":"Sendero interpretativo - Potrero de mulas de San Sebastian del Oeste","isPartOf":{"@id":"http:\/\/potrerodemulas.mx\/es\/#website"},"datePublished":"2018-07-13T01:18:54+00:00","dateModified":"2018-10-09T19:44:58+00:00","breadcrumb":{"@id":"http:\/\/potrerodemulas.mx\/es\/sendero-interpretativo\/#breadcrumb"},"inLanguage":"es-MX","potentialAction":[{"@type":"ReadAction","target":["http:\/\/potrerodemulas.mx\/es\/sendero-interpretativo\/"]}]},{"@type":"BreadcrumbList","@id":"http:\/\/potrerodemulas.mx\/es\/sendero-interpretativo\/#breadcrumb","itemListElement":[{"@type":"ListItem","position":1,"name":"Inicio","item":"http:\/\/potrerodemulas.mx\/es\/"},{"@type":"ListItem","position":2,"name":"Sendero interpretativo"}]},{"@type":"WebSite","@id":"http:\/\/potrerodemulas.mx\/es\/#website","url":"http:\/\/potrerodemulas.mx\/es\/","name":"Potrero de mulas de San Sebastian del Oeste","description":"Potrero de mulas ecoturismo amibental","potentialAction":[{"@type":"SearchAction","target":{"@type":"EntryPoint","urlTemplate":"http:\/\/potrerodemulas.mx\/es\/?s={search_term_string}"},"query-input":"required name=search_term_string"}],"inLanguage":"es-MX"}]}},"_links":{"self":[{"href":"http:\/\/potrerodemulas.mx\/es\/wp-json\/wp\/v2\/pages\/68"}],"collection":[{"href":"http:\/\/potrerodemulas.mx\/es\/wp-json\/wp\/v2\/pages"}],"about":[{"href":"http:\/\/potrerodemulas.mx\/es\/wp-json\/wp\/v2\/types\/page"}],"author":[{"embeddable":true,"href":"http:\/\/potrerodemulas.mx\/es\/wp-json\/wp\/v2\/users\/1"}],"replies":[{"embeddable":true,"href":"http:\/\/potrerodemulas.mx\/es\/wp-json\/wp\/v2\/comments?post=68"}],"version-history":[{"count":4,"href":"http:\/\/potrerodemulas.mx\/es\/wp-json\/wp\/v2\/pages\/68\/revisions"}],"predecessor-version":[{"id":265,"href":"http:\/\/potrerodemulas.mx\/es\/wp-json\/wp\/v2\/pages\/68\/revisions\/265"}],"wp:attachment":[{"href":"http:\/\/potrerodemulas.mx\/es\/wp-json\/wp\/v2\/media?parent=68"}],"curies":[{"name":"wp","href":"https:\/\/api.w.org\/{rel}","templated":true}]}}