{"id":56,"date":"2018-07-12T18:58:59","date_gmt":"2018-07-13T00:58:59","guid":{"rendered":"http:\/\/potrerodemulas.mx\/es\/?page_id=56"},"modified":"2021-04-13T07:56:25","modified_gmt":"2021-04-13T13:56:25","slug":"campismo","status":"publish","type":"page","link":"http:\/\/potrerodemulas.mx\/es\/campismo\/","title":{"rendered":"Campismo"},"content":{"rendered":"\t\t<div data-elementor-type=\"wp-post\" data-elementor-id=\"56\" class=\"elementor elementor-56 elementor-bc-flex-widget\">\n\t\t\t\t\t\t<section class=\"elementor-section elementor-top-section elementor-element elementor-element-3b86b85 elementor-section-boxed elementor-section-height-default elementor-section-height-default\" data-id=\"3b86b85\" data-element_type=\"section\">\n\t\t\t\t\t\t<div class=\"elementor-container elementor-column-gap-default\">\n\t\t\t\t\t<div class=\"elementor-column elementor-col-100 elementor-top-column elementor-element elementor-element-01ab619\" data-id=\"01ab619\" data-element_type=\"column\">\n\t\t\t<div class=\"elementor-widget-wrap elementor-element-populated\">\n\t\t\t\t\t\t<div class=\"elementor-element elementor-element-fbe64f7 elementor-widget elementor-widget-spacer\" data-id=\"fbe64f7\" data-element_type=\"widget\" data-widget_type=\"spacer.default\">\n\t\t\t\t<div class=\"elementor-widget-container\">\n\t\t\t<style>\/*! elementor - v3.20.0 - 26-03-2024 *\/\n.elementor-column .elementor-spacer-inner{height:var(--spacer-size)}.e-con{--container-widget-width:100%}.e-con-inner>.elementor-widget-spacer,.e-con>.elementor-widget-spacer{width:var(--container-widget-width,var(--spacer-size));--align-self:var(--container-widget-align-self,initial);--flex-shrink:0}.e-con-inner>.elementor-widget-spacer>.elementor-widget-container,.e-con>.elementor-widget-spacer>.elementor-widget-container{height:100%;width:100%}.e-con-inner>.elementor-widget-spacer>.elementor-widget-container>.elementor-spacer,.e-con>.elementor-widget-spacer>.elementor-widget-container>.elementor-spacer{height:100%}.e-con-inner>.elementor-widget-spacer>.elementor-widget-container>.elementor-spacer>.elementor-spacer-inner,.e-con>.elementor-widget-spacer>.elementor-widget-container>.elementor-spacer>.elementor-spacer-inner{height:var(--container-widget-height,var(--spacer-size))}.e-con-inner>.elementor-widget-spacer.elementor-widget-empty,.e-con>.elementor-widget-spacer.elementor-widget-empty{position:relative;min-height:22px;min-width:22px}.e-con-inner>.elementor-widget-spacer.elementor-widget-empty .elementor-widget-empty-icon,.e-con>.elementor-widget-spacer.elementor-widget-empty .elementor-widget-empty-icon{position:absolute;top:0;bottom:0;left:0;right:0;margin:auto;padding:0;width:22px;height:22px}<\/style>\t\t<div class=\"elementor-spacer\">\n\t\t\t<div class=\"elementor-spacer-inner\"><\/div>\n\t\t<\/div>\n\t\t\t\t<\/div>\n\t\t\t\t<\/div>\n\t\t\t\t\t<\/div>\n\t\t<\/div>\n\t\t\t\t\t<\/div>\n\t\t<\/section>\n\t\t\t\t<section class=\"elementor-section elementor-top-section elementor-element elementor-element-11e560d elementor-section-boxed elementor-section-height-default elementor-section-height-default\" data-id=\"11e560d\" data-element_type=\"section\">\n\t\t\t\t\t\t<div class=\"elementor-container elementor-column-gap-default\">\n\t\t\t\t\t<div class=\"elementor-column elementor-col-100 elementor-top-column elementor-element elementor-element-896d006\" data-id=\"896d006\" data-element_type=\"column\">\n\t\t\t<div class=\"elementor-widget-wrap elementor-element-populated\">\n\t\t\t\t\t\t<div class=\"elementor-element elementor-element-bc23ab5 elementor-widget elementor-widget-heading\" data-id=\"bc23ab5\" data-element_type=\"widget\" data-widget_type=\"heading.default\">\n\t\t\t\t<div class=\"elementor-widget-container\">\n\t\t\t<style>\/*! elementor - v3.20.0 - 26-03-2024 *\/\n.elementor-heading-title{padding:0;margin:0;line-height:1}.elementor-widget-heading .elementor-heading-title[class*=elementor-size-]>a{color:inherit;font-size:inherit;line-height:inherit}.elementor-widget-heading .elementor-heading-title.elementor-size-small{font-size:15px}.elementor-widget-heading .elementor-heading-title.elementor-size-medium{font-size:19px}.elementor-widget-heading .elementor-heading-title.elementor-size-large{font-size:29px}.elementor-widget-heading .elementor-heading-title.elementor-size-xl{font-size:39px}.elementor-widget-heading .elementor-heading-title.elementor-size-xxl{font-size:59px}<\/style><h2 class=\"elementor-heading-title elementor-size-large\">\u00c1rea de campismo<\/h2>\t\t<\/div>\n\t\t\t\t<\/div>\n\t\t\t\t\t<\/div>\n\t\t<\/div>\n\t\t\t\t\t<\/div>\n\t\t<\/section>\n\t\t\t\t<section class=\"elementor-section elementor-top-section elementor-element elementor-element-007cb10 elementor-section-boxed elementor-section-height-default elementor-section-height-default\" data-id=\"007cb10\" data-element_type=\"section\">\n\t\t\t\t\t\t<div class=\"elementor-container elementor-column-gap-default\">\n\t\t\t\t\t<div class=\"elementor-column elementor-col-100 elementor-top-column elementor-element elementor-element-a4c4fd2\" data-id=\"a4c4fd2\" data-element_type=\"column\">\n\t\t\t<div class=\"elementor-widget-wrap elementor-element-populated\">\n\t\t\t\t\t\t<div class=\"elementor-element elementor-element-2010f86 elementor-widget elementor-widget-text-editor\" data-id=\"2010f86\" data-element_type=\"widget\" data-widget_type=\"text-editor.default\">\n\t\t\t\t<div class=\"elementor-widget-container\">\n\t\t\t<style>\/*! elementor - v3.20.0 - 26-03-2024 *\/\n.elementor-widget-text-editor.elementor-drop-cap-view-stacked .elementor-drop-cap{background-color:#69727d;color:#fff}.elementor-widget-text-editor.elementor-drop-cap-view-framed .elementor-drop-cap{color:#69727d;border:3px solid;background-color:transparent}.elementor-widget-text-editor:not(.elementor-drop-cap-view-default) .elementor-drop-cap{margin-top:8px}.elementor-widget-text-editor:not(.elementor-drop-cap-view-default) .elementor-drop-cap-letter{width:1em;height:1em}.elementor-widget-text-editor .elementor-drop-cap{float:left;text-align:center;line-height:1;font-size:50px}.elementor-widget-text-editor .elementor-drop-cap-letter{display:inline-block}<\/style>\t\t\t\t<p><span class=\"style39\"><span class=\"style40\">EL CAMPISMO<\/span>\u00a0es una actividad que implica pernoctar en una zona al aire libre, dentro del ecoturismo implica establecerse en una zona natural por uno o varios d\u00edas. Buscando causar los m\u00ednimos impactos al realizar esta actividad.<\/span><\/p><p class=\"style39\">Se identifican\u00a0<em><strong>dos tipos de \u00e1reas de campamento<\/strong><\/em>\u00a0de acuerdo al perfil de los usuarios y a las caracter\u00edsticas de los sitios:\u00a0<em><strong>\u00e1reas de campamentos ecol\u00f3gicos<\/strong><\/em>\u00a0y\u00a0<em><strong>\u00e1reas de campamento abierto<\/strong><\/em><\/p>\t\t\t\t\t\t<\/div>\n\t\t\t\t<\/div>\n\t\t\t\t\t<\/div>\n\t\t<\/div>\n\t\t\t\t\t<\/div>\n\t\t<\/section>\n\t\t\t\t<section class=\"elementor-section elementor-top-section elementor-element elementor-element-59b2852 elementor-section-boxed elementor-section-height-default elementor-section-height-default\" data-id=\"59b2852\" data-element_type=\"section\">\n\t\t\t\t\t\t<div class=\"elementor-container elementor-column-gap-default\">\n\t\t\t\t\t<div class=\"elementor-column elementor-col-100 elementor-top-column elementor-element elementor-element-f067531\" data-id=\"f067531\" data-element_type=\"column\">\n\t\t\t<div class=\"elementor-widget-wrap elementor-element-populated\">\n\t\t\t\t\t\t<div class=\"elementor-element elementor-element-777de85 elementor-widget elementor-widget-text-editor\" data-id=\"777de85\" data-element_type=\"widget\" data-widget_type=\"text-editor.default\">\n\t\t\t\t<div class=\"elementor-widget-container\">\n\t\t\t\t\t\t\t<table border=\"0\" width=\"350\" cellspacing=\"0\" cellpadding=\"1\" align=\"center\" bgcolor=\"#FFFF99\"><tbody><tr><td align=\"center\" valign=\"middle\" bgcolor=\"white\" width=\"375\" height=\"52\"><span class=\"style42\">AREA DE CAMPAMENTO ECOLOGICO<br \/>&#8220;La Lagartija Azul&#8221;<\/span><\/td><\/tr><\/tbody><\/table><p class=\"style39\">Esta dise\u00f1ada para campistas principiantes, para famlias con ni\u00f1os peque\u00f1os, adultos mayores o que desean acampar con pocas complicaciones, se localiza a 5 minutos del \u00e1rea de caba\u00f1as &#8220;La Bulera y N\u00facleo de la UMA, junto al \u00e1rea de Tirolesa y el Parque de Desafios, con vista al Venadario. Cuenta de 3 tarimas de 6&#215;6 mts., con capacidad m\u00e1xima para 10 personas cada una, ba\u00f1os para las mujeres y hombres por separado, cada uno con 2 WC, regadera con agua caliente y lavamanos; adem\u00e1s \u00e1reas para encender el fuego (una para cada tarima), botes de basura y vigilancia.<\/p><p class=\"style39\">El costo por noche de 1 a 5 personas es de $750\/plataforma, de 6 a 10 personas es de $150 pesos adicionales por persona. El costo incluye el uso de la tarima, los sanitarios, regaderas y el \u00e1rea de fuego. La carga de le\u00f1a cuesta $50.00 pesos.<\/p>\t\t\t\t\t\t<\/div>\n\t\t\t\t<\/div>\n\t\t\t\t\t<\/div>\n\t\t<\/div>\n\t\t\t\t\t<\/div>\n\t\t<\/section>\n\t\t\t\t<section class=\"elementor-section elementor-top-section elementor-element elementor-element-216cf8e elementor-section-boxed elementor-section-height-default elementor-section-height-default\" data-id=\"216cf8e\" data-element_type=\"section\">\n\t\t\t\t\t\t<div class=\"elementor-container elementor-column-gap-default\">\n\t\t\t\t\t<div class=\"elementor-column elementor-col-100 elementor-top-column elementor-element elementor-element-d8bfd85\" data-id=\"d8bfd85\" data-element_type=\"column\">\n\t\t\t<div class=\"elementor-widget-wrap elementor-element-populated\">\n\t\t\t\t\t\t<div class=\"elementor-element elementor-element-1298af7 elementor-align-center elementor-widget elementor-widget-button\" data-id=\"1298af7\" data-element_type=\"widget\" data-widget_type=\"button.default\">\n\t\t\t\t<div class=\"elementor-widget-container\">\n\t\t\t\t\t<div class=\"elementor-button-wrapper\">\n\t\t\t<a class=\"elementor-button elementor-button-link elementor-size-xl\" href=\"http:\/\/potrerodemulas.mx\/reservaciones.html\">\n\t\t\t\t\t\t<span class=\"elementor-button-content-wrapper\">\n\t\t\t\t\t\t<span class=\"elementor-button-text\">Reservar<\/span>\n\t\t<\/span>\n\t\t\t\t\t<\/a>\n\t\t<\/div>\n\t\t\t\t<\/div>\n\t\t\t\t<\/div>\n\t\t\t\t\t<\/div>\n\t\t<\/div>\n\t\t\t\t\t<\/div>\n\t\t<\/section>\n\t\t\t\t<section class=\"elementor-section elementor-top-section elementor-element elementor-element-7099a1f elementor-section-boxed elementor-section-height-default elementor-section-height-default\" data-id=\"7099a1f\" data-element_type=\"section\">\n\t\t\t\t\t\t<div class=\"elementor-container elementor-column-gap-default\">\n\t\t\t\t\t<div class=\"elementor-column elementor-col-50 elementor-top-column elementor-element elementor-element-b088a82\" data-id=\"b088a82\" data-element_type=\"column\">\n\t\t\t<div class=\"elementor-widget-wrap elementor-element-populated\">\n\t\t\t\t\t\t<div class=\"elementor-element elementor-element-7a96621 elementor-widget elementor-widget-image\" data-id=\"7a96621\" data-element_type=\"widget\" data-widget_type=\"image.default\">\n\t\t\t\t<div class=\"elementor-widget-container\">\n\t\t\t<style>\/*! elementor - v3.20.0 - 26-03-2024 *\/\n.elementor-widget-image{text-align:center}.elementor-widget-image a{display:inline-block}.elementor-widget-image a img[src$=\".svg\"]{width:48px}.elementor-widget-image img{vertical-align:middle;display:inline-block}<\/style>\t\t\t\t\t\t\t\t\t\t<img fetchpriority=\"high\" decoding=\"async\" width=\"960\" height=\"720\" src=\"http:\/\/potrerodemulas.mx\/es\/wp-content\/uploads\/2018\/07\/604117_731114906976285_5365033633258856232_n.jpg\" class=\"attachment-large size-large wp-image-63\" alt=\"\" srcset=\"http:\/\/potrerodemulas.mx\/es\/wp-content\/uploads\/2018\/07\/604117_731114906976285_5365033633258856232_n.jpg 960w, http:\/\/potrerodemulas.mx\/es\/wp-content\/uploads\/2018\/07\/604117_731114906976285_5365033633258856232_n-300x225.jpg 300w, http:\/\/potrerodemulas.mx\/es\/wp-content\/uploads\/2018\/07\/604117_731114906976285_5365033633258856232_n-768x576.jpg 768w\" sizes=\"(max-width: 960px) 100vw, 960px\" \/>\t\t\t\t\t\t\t\t\t\t\t\t\t<\/div>\n\t\t\t\t<\/div>\n\t\t\t\t\t<\/div>\n\t\t<\/div>\n\t\t\t\t<div class=\"elementor-column elementor-col-50 elementor-top-column elementor-element elementor-element-2018866\" data-id=\"2018866\" data-element_type=\"column\">\n\t\t\t<div class=\"elementor-widget-wrap elementor-element-populated\">\n\t\t\t\t\t\t<div class=\"elementor-element elementor-element-91fa7fd elementor-widget elementor-widget-image\" data-id=\"91fa7fd\" data-element_type=\"widget\" data-widget_type=\"image.default\">\n\t\t\t\t<div class=\"elementor-widget-container\">\n\t\t\t\t\t\t\t\t\t\t\t\t\t<img decoding=\"async\" width=\"1024\" height=\"683\" src=\"http:\/\/potrerodemulas.mx\/es\/wp-content\/uploads\/2018\/08\/IMG_0020-1024x683.jpg\" class=\"attachment-large size-large wp-image-255\" alt=\"\" srcset=\"http:\/\/potrerodemulas.mx\/es\/wp-content\/uploads\/2018\/08\/IMG_0020-1024x683.jpg 1024w, http:\/\/potrerodemulas.mx\/es\/wp-content\/uploads\/2018\/08\/IMG_0020-300x200.jpg 300w, http:\/\/potrerodemulas.mx\/es\/wp-content\/uploads\/2018\/08\/IMG_0020-768x512.jpg 768w\" sizes=\"(max-width: 1024px) 100vw, 1024px\" \/>\t\t\t\t\t\t\t\t\t\t\t\t\t<\/div>\n\t\t\t\t<\/div>\n\t\t\t\t\t<\/div>\n\t\t<\/div>\n\t\t\t\t\t<\/div>\n\t\t<\/section>\n\t\t\t\t<section class=\"elementor-section elementor-top-section elementor-element elementor-element-4b39c35 elementor-section-boxed elementor-section-height-default elementor-section-height-default\" data-id=\"4b39c35\" data-element_type=\"section\">\n\t\t\t\t\t\t<div class=\"elementor-container elementor-column-gap-default\">\n\t\t\t\t\t<div class=\"elementor-column elementor-col-50 elementor-top-column elementor-element elementor-element-3226085\" data-id=\"3226085\" data-element_type=\"column\">\n\t\t\t<div class=\"elementor-widget-wrap elementor-element-populated\">\n\t\t\t\t\t\t<div class=\"elementor-element elementor-element-67f6b76 elementor-widget elementor-widget-image\" data-id=\"67f6b76\" data-element_type=\"widget\" data-widget_type=\"image.default\">\n\t\t\t\t<div class=\"elementor-widget-container\">\n\t\t\t\t\t\t\t\t\t\t\t\t\t<img decoding=\"async\" width=\"960\" height=\"720\" src=\"http:\/\/potrerodemulas.mx\/es\/wp-content\/uploads\/2018\/07\/10394531_731115036976272_4871304522908062013_n.jpg\" class=\"attachment-large size-large wp-image-65\" alt=\"\" srcset=\"http:\/\/potrerodemulas.mx\/es\/wp-content\/uploads\/2018\/07\/10394531_731115036976272_4871304522908062013_n.jpg 960w, http:\/\/potrerodemulas.mx\/es\/wp-content\/uploads\/2018\/07\/10394531_731115036976272_4871304522908062013_n-300x225.jpg 300w, http:\/\/potrerodemulas.mx\/es\/wp-content\/uploads\/2018\/07\/10394531_731115036976272_4871304522908062013_n-768x576.jpg 768w\" sizes=\"(max-width: 960px) 100vw, 960px\" \/>\t\t\t\t\t\t\t\t\t\t\t\t\t<\/div>\n\t\t\t\t<\/div>\n\t\t\t\t\t<\/div>\n\t\t<\/div>\n\t\t\t\t<div class=\"elementor-column elementor-col-50 elementor-top-column elementor-element elementor-element-515a6ea\" data-id=\"515a6ea\" data-element_type=\"column\">\n\t\t\t<div class=\"elementor-widget-wrap elementor-element-populated\">\n\t\t\t\t\t\t<div class=\"elementor-element elementor-element-f9dbe14 elementor-widget elementor-widget-image\" data-id=\"f9dbe14\" data-element_type=\"widget\" data-widget_type=\"image.default\">\n\t\t\t\t<div class=\"elementor-widget-container\">\n\t\t\t\t\t\t\t\t\t\t\t\t\t<img loading=\"lazy\" decoding=\"async\" width=\"1024\" height=\"768\" src=\"http:\/\/potrerodemulas.mx\/es\/wp-content\/uploads\/2018\/08\/DSCN0807-1024x768.jpg\" class=\"attachment-large size-large wp-image-256\" alt=\"\" srcset=\"http:\/\/potrerodemulas.mx\/es\/wp-content\/uploads\/2018\/08\/DSCN0807-1024x768.jpg 1024w, http:\/\/potrerodemulas.mx\/es\/wp-content\/uploads\/2018\/08\/DSCN0807-300x225.jpg 300w, http:\/\/potrerodemulas.mx\/es\/wp-content\/uploads\/2018\/08\/DSCN0807-768x576.jpg 768w\" sizes=\"(max-width: 1024px) 100vw, 1024px\" \/>\t\t\t\t\t\t\t\t\t\t\t\t\t<\/div>\n\t\t\t\t<\/div>\n\t\t\t\t\t<\/div>\n\t\t<\/div>\n\t\t\t\t\t<\/div>\n\t\t<\/section>\n\t\t\t\t<\/div>\n\t\t","protected":false},"excerpt":{"rendered":"<p>\u00c1rea de campismo EL CAMPISMO\u00a0es una actividad que implica pernoctar en una zona al aire libre, dentro del ecoturismo implica establecerse en una zona natural por uno o varios d\u00edas. Buscando causar los m\u00ednimos impactos al realizar esta actividad. Se identifican\u00a0dos tipos de \u00e1reas de campamento\u00a0de acuerdo al perfil de los usuarios y a las [&hellip;]<\/p>\n","protected":false},"author":1,"featured_media":0,"parent":0,"menu_order":0,"comment_status":"closed","ping_status":"closed","template":"","meta":{"footnotes":""},"yoast_head":"<!-- This site is optimized with the Yoast SEO plugin v22.3 - https:\/\/yoast.com\/wordpress\/plugins\/seo\/ -->\n<title>Campismo - Potrero de mulas de San Sebastian del Oeste<\/title>\n<meta name=\"robots\" content=\"index, follow, max-snippet:-1, max-image-preview:large, max-video-preview:-1\" \/>\n<link rel=\"canonical\" href=\"http:\/\/potrerodemulas.mx\/es\/campismo\/\" \/>\n<meta property=\"og:locale\" content=\"es_MX\" \/>\n<meta property=\"og:type\" content=\"article\" \/>\n<meta property=\"og:title\" content=\"Campismo - Potrero de mulas de San Sebastian del Oeste\" \/>\n<meta property=\"og:description\" content=\"\u00c1rea de campismo EL CAMPISMO\u00a0es una actividad que implica pernoctar en una zona al aire libre, dentro del ecoturismo implica establecerse en una zona natural por uno o varios d\u00edas. Buscando causar los m\u00ednimos impactos al realizar esta actividad. Se identifican\u00a0dos tipos de \u00e1reas de campamento\u00a0de acuerdo al perfil de los usuarios y a las [&hellip;]\" \/>\n<meta property=\"og:url\" content=\"http:\/\/potrerodemulas.mx\/es\/campismo\/\" \/>\n<meta property=\"og:site_name\" content=\"Potrero de mulas de San Sebastian del Oeste\" \/>\n<meta property=\"article:publisher\" content=\"https:\/\/www.facebook.com\/potrerodemulas\" \/>\n<meta property=\"article:modified_time\" content=\"2021-04-13T13:56:25+00:00\" \/>\n<meta property=\"og:image\" content=\"http:\/\/potrerodemulas.mx\/es\/wp-content\/uploads\/2018\/07\/604117_731114906976285_5365033633258856232_n.jpg\" \/>\n<meta name=\"twitter:card\" content=\"summary_large_image\" \/>\n<meta name=\"twitter:label1\" content=\"Tiempo de lectura\" \/>\n\t<meta name=\"twitter:data1\" content=\"1 minuto\" \/>\n<script type=\"application\/ld+json\" class=\"yoast-schema-graph\">{\"@context\":\"https:\/\/schema.org\",\"@graph\":[{\"@type\":\"WebPage\",\"@id\":\"http:\/\/potrerodemulas.mx\/es\/campismo\/\",\"url\":\"http:\/\/potrerodemulas.mx\/es\/campismo\/\",\"name\":\"Campismo - Potrero de mulas de San Sebastian del Oeste\",\"isPartOf\":{\"@id\":\"http:\/\/potrerodemulas.mx\/es\/#website\"},\"primaryImageOfPage\":{\"@id\":\"http:\/\/potrerodemulas.mx\/es\/campismo\/#primaryimage\"},\"image\":{\"@id\":\"http:\/\/potrerodemulas.mx\/es\/campismo\/#primaryimage\"},\"thumbnailUrl\":\"http:\/\/potrerodemulas.mx\/es\/wp-content\/uploads\/2018\/07\/604117_731114906976285_5365033633258856232_n.jpg\",\"datePublished\":\"2018-07-13T00:58:59+00:00\",\"dateModified\":\"2021-04-13T13:56:25+00:00\",\"breadcrumb\":{\"@id\":\"http:\/\/potrerodemulas.mx\/es\/campismo\/#breadcrumb\"},\"inLanguage\":\"es-MX\",\"potentialAction\":[{\"@type\":\"ReadAction\",\"target\":[\"http:\/\/potrerodemulas.mx\/es\/campismo\/\"]}]},{\"@type\":\"ImageObject\",\"inLanguage\":\"es-MX\",\"@id\":\"http:\/\/potrerodemulas.mx\/es\/campismo\/#primaryimage\",\"url\":\"http:\/\/potrerodemulas.mx\/es\/wp-content\/uploads\/2018\/07\/604117_731114906976285_5365033633258856232_n.jpg\",\"contentUrl\":\"http:\/\/potrerodemulas.mx\/es\/wp-content\/uploads\/2018\/07\/604117_731114906976285_5365033633258856232_n.jpg\",\"width\":960,\"height\":720},{\"@type\":\"BreadcrumbList\",\"@id\":\"http:\/\/potrerodemulas.mx\/es\/campismo\/#breadcrumb\",\"itemListElement\":[{\"@type\":\"ListItem\",\"position\":1,\"name\":\"Inicio\",\"item\":\"http:\/\/potrerodemulas.mx\/es\/\"},{\"@type\":\"ListItem\",\"position\":2,\"name\":\"Campismo\"}]},{\"@type\":\"WebSite\",\"@id\":\"http:\/\/potrerodemulas.mx\/es\/#website\",\"url\":\"http:\/\/potrerodemulas.mx\/es\/\",\"name\":\"Potrero de mulas de San Sebastian del Oeste\",\"description\":\"Potrero de mulas ecoturismo amibental\",\"potentialAction\":[{\"@type\":\"SearchAction\",\"target\":{\"@type\":\"EntryPoint\",\"urlTemplate\":\"http:\/\/potrerodemulas.mx\/es\/?s={search_term_string}\"},\"query-input\":\"required name=search_term_string\"}],\"inLanguage\":\"es-MX\"}]}<\/script>\n<!-- \/ Yoast SEO plugin. -->","yoast_head_json":{"title":"Campismo - Potrero de mulas de San Sebastian del Oeste","robots":{"index":"index","follow":"follow","max-snippet":"max-snippet:-1","max-image-preview":"max-image-preview:large","max-video-preview":"max-video-preview:-1"},"canonical":"http:\/\/potrerodemulas.mx\/es\/campismo\/","og_locale":"es_MX","og_type":"article","og_title":"Campismo - Potrero de mulas de San Sebastian del Oeste","og_description":"\u00c1rea de campismo EL CAMPISMO\u00a0es una actividad que implica pernoctar en una zona al aire libre, dentro del ecoturismo implica establecerse en una zona natural por uno o varios d\u00edas. Buscando causar los m\u00ednimos impactos al realizar esta actividad. Se identifican\u00a0dos tipos de \u00e1reas de campamento\u00a0de acuerdo al perfil de los usuarios y a las [&hellip;]","og_url":"http:\/\/potrerodemulas.mx\/es\/campismo\/","og_site_name":"Potrero de mulas de San Sebastian del Oeste","article_publisher":"https:\/\/www.facebook.com\/potrerodemulas","article_modified_time":"2021-04-13T13:56:25+00:00","og_image":[{"url":"http:\/\/potrerodemulas.mx\/es\/wp-content\/uploads\/2018\/07\/604117_731114906976285_5365033633258856232_n.jpg"}],"twitter_card":"summary_large_image","twitter_misc":{"Tiempo de lectura":"1 minuto"},"schema":{"@context":"https:\/\/schema.org","@graph":[{"@type":"WebPage","@id":"http:\/\/potrerodemulas.mx\/es\/campismo\/","url":"http:\/\/potrerodemulas.mx\/es\/campismo\/","name":"Campismo - Potrero de mulas de San Sebastian del Oeste","isPartOf":{"@id":"http:\/\/potrerodemulas.mx\/es\/#website"},"primaryImageOfPage":{"@id":"http:\/\/potrerodemulas.mx\/es\/campismo\/#primaryimage"},"image":{"@id":"http:\/\/potrerodemulas.mx\/es\/campismo\/#primaryimage"},"thumbnailUrl":"http:\/\/potrerodemulas.mx\/es\/wp-content\/uploads\/2018\/07\/604117_731114906976285_5365033633258856232_n.jpg","datePublished":"2018-07-13T00:58:59+00:00","dateModified":"2021-04-13T13:56:25+00:00","breadcrumb":{"@id":"http:\/\/potrerodemulas.mx\/es\/campismo\/#breadcrumb"},"inLanguage":"es-MX","potentialAction":[{"@type":"ReadAction","target":["http:\/\/potrerodemulas.mx\/es\/campismo\/"]}]},{"@type":"ImageObject","inLanguage":"es-MX","@id":"http:\/\/potrerodemulas.mx\/es\/campismo\/#primaryimage","url":"http:\/\/potrerodemulas.mx\/es\/wp-content\/uploads\/2018\/07\/604117_731114906976285_5365033633258856232_n.jpg","contentUrl":"http:\/\/potrerodemulas.mx\/es\/wp-content\/uploads\/2018\/07\/604117_731114906976285_5365033633258856232_n.jpg","width":960,"height":720},{"@type":"BreadcrumbList","@id":"http:\/\/potrerodemulas.mx\/es\/campismo\/#breadcrumb","itemListElement":[{"@type":"ListItem","position":1,"name":"Inicio","item":"http:\/\/potrerodemulas.mx\/es\/"},{"@type":"ListItem","position":2,"name":"Campismo"}]},{"@type":"WebSite","@id":"http:\/\/potrerodemulas.mx\/es\/#website","url":"http:\/\/potrerodemulas.mx\/es\/","name":"Potrero de mulas de San Sebastian del Oeste","description":"Potrero de mulas ecoturismo amibental","potentialAction":[{"@type":"SearchAction","target":{"@type":"EntryPoint","urlTemplate":"http:\/\/potrerodemulas.mx\/es\/?s={search_term_string}"},"query-input":"required name=search_term_string"}],"inLanguage":"es-MX"}]}},"_links":{"self":[{"href":"http:\/\/potrerodemulas.mx\/es\/wp-json\/wp\/v2\/pages\/56"}],"collection":[{"href":"http:\/\/potrerodemulas.mx\/es\/wp-json\/wp\/v2\/pages"}],"about":[{"href":"http:\/\/potrerodemulas.mx\/es\/wp-json\/wp\/v2\/types\/page"}],"author":[{"embeddable":true,"href":"http:\/\/potrerodemulas.mx\/es\/wp-json\/wp\/v2\/users\/1"}],"replies":[{"embeddable":true,"href":"http:\/\/potrerodemulas.mx\/es\/wp-json\/wp\/v2\/comments?post=56"}],"version-history":[{"count":8,"href":"http:\/\/potrerodemulas.mx\/es\/wp-json\/wp\/v2\/pages\/56\/revisions"}],"predecessor-version":[{"id":402,"href":"http:\/\/potrerodemulas.mx\/es\/wp-json\/wp\/v2\/pages\/56\/revisions\/402"}],"wp:attachment":[{"href":"http:\/\/potrerodemulas.mx\/es\/wp-json\/wp\/v2\/media?parent=56"}],"curies":[{"name":"wp","href":"https:\/\/api.w.org\/{rel}","templated":true}]}}