{"id":39,"date":"2018-07-12T18:22:56","date_gmt":"2018-07-13T00:22:56","guid":{"rendered":"http:\/\/potrerodemulas.mx\/es\/?page_id=39"},"modified":"2020-01-23T12:20:47","modified_gmt":"2020-01-23T18:20:47","slug":"cabanas","status":"publish","type":"page","link":"http:\/\/potrerodemulas.mx\/es\/cabanas\/","title":{"rendered":"Caba\u00f1as"},"content":{"rendered":"\t\t<div data-elementor-type=\"wp-post\" data-elementor-id=\"39\" class=\"elementor elementor-39 elementor-bc-flex-widget\">\n\t\t\t\t\t\t<section class=\"elementor-section elementor-top-section elementor-element elementor-element-0c7a41a elementor-section-boxed elementor-section-height-default elementor-section-height-default\" data-id=\"0c7a41a\" data-element_type=\"section\">\n\t\t\t\t\t\t<div class=\"elementor-container elementor-column-gap-default\">\n\t\t\t\t\t<div class=\"elementor-column elementor-col-100 elementor-top-column elementor-element elementor-element-37853e6\" data-id=\"37853e6\" data-element_type=\"column\">\n\t\t\t<div class=\"elementor-widget-wrap elementor-element-populated\">\n\t\t\t\t\t\t<div class=\"elementor-element elementor-element-4477829 elementor-widget elementor-widget-spacer\" data-id=\"4477829\" data-element_type=\"widget\" data-widget_type=\"spacer.default\">\n\t\t\t\t<div class=\"elementor-widget-container\">\n\t\t\t<style>\/*! elementor - v3.20.0 - 26-03-2024 *\/\n.elementor-column .elementor-spacer-inner{height:var(--spacer-size)}.e-con{--container-widget-width:100%}.e-con-inner>.elementor-widget-spacer,.e-con>.elementor-widget-spacer{width:var(--container-widget-width,var(--spacer-size));--align-self:var(--container-widget-align-self,initial);--flex-shrink:0}.e-con-inner>.elementor-widget-spacer>.elementor-widget-container,.e-con>.elementor-widget-spacer>.elementor-widget-container{height:100%;width:100%}.e-con-inner>.elementor-widget-spacer>.elementor-widget-container>.elementor-spacer,.e-con>.elementor-widget-spacer>.elementor-widget-container>.elementor-spacer{height:100%}.e-con-inner>.elementor-widget-spacer>.elementor-widget-container>.elementor-spacer>.elementor-spacer-inner,.e-con>.elementor-widget-spacer>.elementor-widget-container>.elementor-spacer>.elementor-spacer-inner{height:var(--container-widget-height,var(--spacer-size))}.e-con-inner>.elementor-widget-spacer.elementor-widget-empty,.e-con>.elementor-widget-spacer.elementor-widget-empty{position:relative;min-height:22px;min-width:22px}.e-con-inner>.elementor-widget-spacer.elementor-widget-empty .elementor-widget-empty-icon,.e-con>.elementor-widget-spacer.elementor-widget-empty .elementor-widget-empty-icon{position:absolute;top:0;bottom:0;left:0;right:0;margin:auto;padding:0;width:22px;height:22px}<\/style>\t\t<div class=\"elementor-spacer\">\n\t\t\t<div class=\"elementor-spacer-inner\"><\/div>\n\t\t<\/div>\n\t\t\t\t<\/div>\n\t\t\t\t<\/div>\n\t\t\t\t\t<\/div>\n\t\t<\/div>\n\t\t\t\t\t<\/div>\n\t\t<\/section>\n\t\t\t\t<section class=\"elementor-section elementor-top-section elementor-element elementor-element-cc92b62 elementor-section-boxed elementor-section-height-default elementor-section-height-default\" data-id=\"cc92b62\" data-element_type=\"section\">\n\t\t\t\t\t\t<div class=\"elementor-container elementor-column-gap-default\">\n\t\t\t\t\t<div class=\"elementor-column elementor-col-100 elementor-top-column elementor-element elementor-element-e347c2e\" data-id=\"e347c2e\" data-element_type=\"column\">\n\t\t\t<div class=\"elementor-widget-wrap elementor-element-populated\">\n\t\t\t\t\t\t<div class=\"elementor-element elementor-element-6c86b28 elementor-widget elementor-widget-heading\" data-id=\"6c86b28\" data-element_type=\"widget\" data-widget_type=\"heading.default\">\n\t\t\t\t<div class=\"elementor-widget-container\">\n\t\t\t<style>\/*! elementor - v3.20.0 - 26-03-2024 *\/\n.elementor-heading-title{padding:0;margin:0;line-height:1}.elementor-widget-heading .elementor-heading-title[class*=elementor-size-]>a{color:inherit;font-size:inherit;line-height:inherit}.elementor-widget-heading .elementor-heading-title.elementor-size-small{font-size:15px}.elementor-widget-heading .elementor-heading-title.elementor-size-medium{font-size:19px}.elementor-widget-heading .elementor-heading-title.elementor-size-large{font-size:29px}.elementor-widget-heading .elementor-heading-title.elementor-size-xl{font-size:39px}.elementor-widget-heading .elementor-heading-title.elementor-size-xxl{font-size:59px}<\/style><h2 class=\"elementor-heading-title elementor-size-large\">\u00c1rea de caba\u00f1as<\/h2>\t\t<\/div>\n\t\t\t\t<\/div>\n\t\t\t\t\t<\/div>\n\t\t<\/div>\n\t\t\t\t\t<\/div>\n\t\t<\/section>\n\t\t\t\t<section class=\"elementor-section elementor-top-section elementor-element elementor-element-bbaa41e elementor-section-boxed elementor-section-height-default elementor-section-height-default\" data-id=\"bbaa41e\" data-element_type=\"section\">\n\t\t\t\t\t\t<div class=\"elementor-container elementor-column-gap-default\">\n\t\t\t\t\t<div class=\"elementor-column elementor-col-100 elementor-top-column elementor-element elementor-element-ce38e04\" data-id=\"ce38e04\" data-element_type=\"column\">\n\t\t\t<div class=\"elementor-widget-wrap elementor-element-populated\">\n\t\t\t\t\t\t<div class=\"elementor-element elementor-element-5f95aef elementor-widget elementor-widget-text-editor\" data-id=\"5f95aef\" data-element_type=\"widget\" data-widget_type=\"text-editor.default\">\n\t\t\t\t<div class=\"elementor-widget-container\">\n\t\t\t<style>\/*! elementor - v3.20.0 - 26-03-2024 *\/\n.elementor-widget-text-editor.elementor-drop-cap-view-stacked .elementor-drop-cap{background-color:#69727d;color:#fff}.elementor-widget-text-editor.elementor-drop-cap-view-framed .elementor-drop-cap{color:#69727d;border:3px solid;background-color:transparent}.elementor-widget-text-editor:not(.elementor-drop-cap-view-default) .elementor-drop-cap{margin-top:8px}.elementor-widget-text-editor:not(.elementor-drop-cap-view-default) .elementor-drop-cap-letter{width:1em;height:1em}.elementor-widget-text-editor .elementor-drop-cap{float:left;text-align:center;line-height:1;font-size:50px}.elementor-widget-text-editor .elementor-drop-cap-letter{display:inline-block}<\/style>\t\t\t\t<p>En el \u00e1rea de caba\u00f1as se cuenta con un comedor central, en donde se ofrece el servicio de alimentos a solicitud previa de los hu\u00e9spedes conforme a la nota al pi\u00e9 del men\u00fa anexo. El tipo de comida es de rancho (tortilla de ma\u00edz hecha a mano, frijoles en olla de barro, queso, jocoque, carne asada etc.). Ocasionalmente se utiliza para impartir cursos de educaci\u00f3n ambiental y presentaciones, as\u00ed como se renta a grupos para convivio.<strong>\u00a0<a href=\"http:\/\/potrerodemulas.mx\/menu-edited.pdf\" target=\"_blank\" rel=\"noopener\">Ver Men\u00fa&#8230;<\/a><\/strong><\/p><p>Todas las caba\u00f1as cuentan adjunto con un asadero de roca volc\u00e1nica alimentado con una carga de le\u00f1a de roble (20 le\u00f1os) y rajitas de ocote, esto se incluye con el precio de la renta por d\u00eda. Si requieren mas le\u00f1a, se les suministra a un costo de 50 pesos por carga.<\/p>\t\t\t\t\t\t<\/div>\n\t\t\t\t<\/div>\n\t\t\t\t\t<\/div>\n\t\t<\/div>\n\t\t\t\t\t<\/div>\n\t\t<\/section>\n\t\t\t\t<section class=\"elementor-section elementor-top-section elementor-element elementor-element-7d15182 elementor-section-boxed elementor-section-height-default elementor-section-height-default\" data-id=\"7d15182\" data-element_type=\"section\">\n\t\t\t\t\t\t<div class=\"elementor-container elementor-column-gap-default\">\n\t\t\t\t\t<div class=\"elementor-column elementor-col-100 elementor-top-column elementor-element elementor-element-0cecffa\" data-id=\"0cecffa\" data-element_type=\"column\">\n\t\t\t<div class=\"elementor-widget-wrap elementor-element-populated\">\n\t\t\t\t\t\t<div class=\"elementor-element elementor-element-51e4cc2 elementor-widget elementor-widget-spacer\" data-id=\"51e4cc2\" data-element_type=\"widget\" data-widget_type=\"spacer.default\">\n\t\t\t\t<div class=\"elementor-widget-container\">\n\t\t\t\t\t<div class=\"elementor-spacer\">\n\t\t\t<div class=\"elementor-spacer-inner\"><\/div>\n\t\t<\/div>\n\t\t\t\t<\/div>\n\t\t\t\t<\/div>\n\t\t\t\t<div class=\"elementor-element elementor-element-bccec69 elementor-widget elementor-widget-slides\" data-id=\"bccec69\" data-element_type=\"widget\" data-widget_type=\"slides.default\">\n\t\t\t\t<div class=\"elementor-widget-container\">\n\t\t\t \t\t<\/div>\n\t\t\t\t<\/div>\n\t\t\t\t<div class=\"elementor-element elementor-element-2c3f9a5 elementor-button-success elementor-align-center elementor-widget elementor-widget-button\" data-id=\"2c3f9a5\" data-element_type=\"widget\" data-widget_type=\"button.default\">\n\t\t\t\t<div class=\"elementor-widget-container\">\n\t\t\t\t\t<div class=\"elementor-button-wrapper\">\n\t\t\t<a class=\"elementor-button elementor-button-link elementor-size-md\" href=\"http:\/\/potrerodemulas.mx\/es\/imagenes-de-cabanas\/\">\n\t\t\t\t\t\t<span class=\"elementor-button-content-wrapper\">\n\t\t\t\t\t\t<span class=\"elementor-button-text\">Ver todas las im\u00e1genes<\/span>\n\t\t<\/span>\n\t\t\t\t\t<\/a>\n\t\t<\/div>\n\t\t\t\t<\/div>\n\t\t\t\t<\/div>\n\t\t\t\t\t<\/div>\n\t\t<\/div>\n\t\t\t\t\t<\/div>\n\t\t<\/section>\n\t\t\t\t<section class=\"elementor-section elementor-top-section elementor-element elementor-element-517faf0 elementor-section-boxed elementor-section-height-default elementor-section-height-default\" data-id=\"517faf0\" data-element_type=\"section\">\n\t\t\t\t\t\t<div class=\"elementor-container elementor-column-gap-default\">\n\t\t\t\t\t<div class=\"elementor-column elementor-col-33 elementor-top-column elementor-element elementor-element-0f3ef46\" data-id=\"0f3ef46\" data-element_type=\"column\">\n\t\t\t<div class=\"elementor-widget-wrap elementor-element-populated\">\n\t\t\t\t\t\t<div class=\"elementor-element elementor-element-bca3bba elementor-widget elementor-widget-text-editor\" data-id=\"bca3bba\" data-element_type=\"widget\" data-widget_type=\"text-editor.default\">\n\t\t\t\t<div class=\"elementor-widget-container\">\n\t\t\t\t\t\t\t<h3>Caba\u00f1as grandes<\/h3><p>cuentan con dos habitaciones con dos camas individuales en cada habitaci\u00f3n. En la sala tienen dos bases con cojines de 80 cms. de ancho que hacen las veces de sof\u00e1s o de peque\u00f1as camas. El ba\u00f1o es de azulejo con cancel para la regadera, el agua es calentada por un boiler de paso. La iluminaci\u00f3n es con velas en candelabros (incluidas en la renta de la caba\u00f1a), cuentan con luz solar (2 a 3 horas dependiendo del gasto y del sol). Su capacidad normal es de 6 personas con un costo de <b>$2700.00<\/b> por noche, con posibilidad de dos personas m\u00e1s con costo de <b>$300.00<\/b> pesos cada una. Estas caba\u00f1as se localizan una junto al lago y la otra en las faldas de una colina con vista al lago, estacionamiento propio y espacio para acampar.<\/p>\t\t\t\t\t\t<\/div>\n\t\t\t\t<\/div>\n\t\t\t\t\t<\/div>\n\t\t<\/div>\n\t\t\t\t<div class=\"elementor-column elementor-col-33 elementor-top-column elementor-element elementor-element-d50b5e6\" data-id=\"d50b5e6\" data-element_type=\"column\">\n\t\t\t<div class=\"elementor-widget-wrap elementor-element-populated\">\n\t\t\t\t\t\t<div class=\"elementor-element elementor-element-3e3c6da elementor-widget elementor-widget-text-editor\" data-id=\"3e3c6da\" data-element_type=\"widget\" data-widget_type=\"text-editor.default\">\n\t\t\t\t<div class=\"elementor-widget-container\">\n\t\t\t\t\t\t\t<h3>Caba\u00f1as chicas\u00a0<\/h3><p>cuentan con un espacio en com\u00fan para la cocina-comedor y sala , tiene el mismo tipo de ba\u00f1o que la grande.\u00a0<strong><br \/><\/strong><em>&#8211; Las caba\u00f1as chicas<\/em>\u00a0tienen dos camas matrimoniales una en la planta baja y la otra en el tapanco, cuenta con los mismos servicios que la grande y se localizan una junto al lago y la otra en una colina con vista al lago, esta tiene lugar para estacionarse y espacio para acampar. El costo de la caba\u00f1a chica es de <b>$1800.00<\/b> pesos por noche con capacidad de 4 personas, con posibilidad de una quinta extra, con un costo de <b>$300.00<\/b> pesos.<\/p>\t\t\t\t\t\t<\/div>\n\t\t\t\t<\/div>\n\t\t\t\t\t<\/div>\n\t\t<\/div>\n\t\t\t\t<div class=\"elementor-column elementor-col-33 elementor-top-column elementor-element elementor-element-a964b7a\" data-id=\"a964b7a\" data-element_type=\"column\">\n\t\t\t<div class=\"elementor-widget-wrap elementor-element-populated\">\n\t\t\t\t\t\t<div class=\"elementor-element elementor-element-4daccc8 elementor-widget elementor-widget-text-editor\" data-id=\"4daccc8\" data-element_type=\"widget\" data-widget_type=\"text-editor.default\">\n\t\t\t\t<div class=\"elementor-widget-container\">\n\t\t\t\t\t\t\t<p><strong>El Rancho Ecoturistico UMA Potrero de Mulas SPR de RL<\/strong>, ofrece aparte de la renta de caba\u00f1as, renta de espacios para\u00a0<a href=\"http:\/\/potrerodemulas.com.mx\/menuCampismo.html\">acampar<\/a>,<a href=\"http:\/\/potrerodemulas.com.mx\/menuInterpreta.html\">\u00a0veredas descriptivas<\/a>\u00a0para conocimiento de la\u00a0<a href=\"http:\/\/potrerodemulas.com.mx\/indexFlorFauna.html\">fauna y flora<\/a>\u00a0de la regi\u00f3n,\u00a0<a href=\"http:\/\/potrerodemulas.com.mx\/menuTirolesa.html\">tirolesa<\/a>, cursos de educaci\u00f3n ambiental,\u00a0<a href=\"http:\/\/potrerodemulas.com.mx\/menuCiclismo.html\">ciclismo<\/a>\u00a0de monta\u00f1a,\u00a0<a href=\"http:\/\/potrerodemulas.com.mx\/menuRapEscRoca.html\">escalada<\/a>\u00a0en roca, rappel y varias actividades para convivir con la naturaleza.\u00a0\u00a0<\/p><p>\u00a0<\/p><p>El traslado de la Ermita a la UMA Potrero de Mulas tiene un costo de <b>$1250.00<\/b> pesos hasta 5 personas.<\/p>\t\t\t\t\t\t<\/div>\n\t\t\t\t<\/div>\n\t\t\t\t\t<\/div>\n\t\t<\/div>\n\t\t\t\t\t<\/div>\n\t\t<\/section>\n\t\t\t\t<section class=\"elementor-section elementor-top-section elementor-element elementor-element-04a6f05 elementor-section-boxed elementor-section-height-default elementor-section-height-default\" data-id=\"04a6f05\" data-element_type=\"section\">\n\t\t\t\t\t\t<div class=\"elementor-container elementor-column-gap-default\">\n\t\t\t\t\t<div class=\"elementor-column elementor-col-100 elementor-top-column elementor-element elementor-element-19b4354\" data-id=\"19b4354\" data-element_type=\"column\">\n\t\t\t<div class=\"elementor-widget-wrap elementor-element-populated\">\n\t\t\t\t\t\t<div class=\"elementor-element elementor-element-6aff774 elementor-button-danger elementor-align-center elementor-widget elementor-widget-button\" data-id=\"6aff774\" data-element_type=\"widget\" data-widget_type=\"button.default\">\n\t\t\t\t<div class=\"elementor-widget-container\">\n\t\t\t\t\t<div class=\"elementor-button-wrapper\">\n\t\t\t<a class=\"elementor-button elementor-button-link elementor-size-xl elementor-animation-pulse\" href=\"http:\/\/potrerodemulas.mx\/reservaciones.html\">\n\t\t\t\t\t\t<span class=\"elementor-button-content-wrapper\">\n\t\t\t\t\t\t<span class=\"elementor-button-text\">Reservar<\/span>\n\t\t<\/span>\n\t\t\t\t\t<\/a>\n\t\t<\/div>\n\t\t\t\t<\/div>\n\t\t\t\t<\/div>\n\t\t\t\t<div class=\"elementor-element elementor-element-e89a9d9 elementor-widget elementor-widget-media-carousel\" data-id=\"e89a9d9\" data-element_type=\"widget\" data-widget_type=\"media-carousel.default\">\n\t\t\t\t<div class=\"elementor-widget-container\">\n\t\t\t \t\t<\/div>\n\t\t\t\t<\/div>\n\t\t\t\t\t<\/div>\n\t\t<\/div>\n\t\t\t\t\t<\/div>\n\t\t<\/section>\n\t\t\t\t<\/div>\n\t\t","protected":false},"excerpt":{"rendered":"<p>\u00c1rea de caba\u00f1as En el \u00e1rea de caba\u00f1as se cuenta con un comedor central, en donde se ofrece el servicio de alimentos a solicitud previa de los hu\u00e9spedes conforme a la nota al pi\u00e9 del men\u00fa anexo. El tipo de comida es de rancho (tortilla de ma\u00edz hecha a mano, frijoles en olla de barro, [&hellip;]<\/p>\n","protected":false},"author":1,"featured_media":0,"parent":0,"menu_order":0,"comment_status":"closed","ping_status":"closed","template":"","meta":{"footnotes":""},"yoast_head":"<!-- This site is optimized with the Yoast SEO plugin v22.3 - https:\/\/yoast.com\/wordpress\/plugins\/seo\/ -->\n<title>Caba\u00f1as - Potrero de mulas de San Sebastian del Oeste<\/title>\n<meta name=\"robots\" content=\"index, follow, max-snippet:-1, max-image-preview:large, max-video-preview:-1\" \/>\n<link rel=\"canonical\" href=\"http:\/\/potrerodemulas.mx\/es\/cabanas\/\" \/>\n<meta property=\"og:locale\" content=\"es_MX\" \/>\n<meta property=\"og:type\" content=\"article\" \/>\n<meta property=\"og:title\" content=\"Caba\u00f1as - Potrero de mulas de San Sebastian del Oeste\" \/>\n<meta property=\"og:description\" content=\"\u00c1rea de caba\u00f1as En el \u00e1rea de caba\u00f1as se cuenta con un comedor central, en donde se ofrece el servicio de alimentos a solicitud previa de los hu\u00e9spedes conforme a la nota al pi\u00e9 del men\u00fa anexo. El tipo de comida es de rancho (tortilla de ma\u00edz hecha a mano, frijoles en olla de barro, [&hellip;]\" \/>\n<meta property=\"og:url\" content=\"http:\/\/potrerodemulas.mx\/es\/cabanas\/\" \/>\n<meta property=\"og:site_name\" content=\"Potrero de mulas de San Sebastian del Oeste\" \/>\n<meta property=\"article:publisher\" content=\"https:\/\/www.facebook.com\/potrerodemulas\" \/>\n<meta property=\"article:modified_time\" content=\"2020-01-23T18:20:47+00:00\" \/>\n<meta name=\"twitter:card\" content=\"summary_large_image\" \/>\n<meta name=\"twitter:label1\" content=\"Tiempo de lectura\" \/>\n\t<meta name=\"twitter:data1\" content=\"3 minutos\" \/>\n<script type=\"application\/ld+json\" class=\"yoast-schema-graph\">{\"@context\":\"https:\/\/schema.org\",\"@graph\":[{\"@type\":\"WebPage\",\"@id\":\"http:\/\/potrerodemulas.mx\/es\/cabanas\/\",\"url\":\"http:\/\/potrerodemulas.mx\/es\/cabanas\/\",\"name\":\"Caba\u00f1as - Potrero de mulas de San Sebastian del Oeste\",\"isPartOf\":{\"@id\":\"http:\/\/potrerodemulas.mx\/es\/#website\"},\"datePublished\":\"2018-07-13T00:22:56+00:00\",\"dateModified\":\"2020-01-23T18:20:47+00:00\",\"breadcrumb\":{\"@id\":\"http:\/\/potrerodemulas.mx\/es\/cabanas\/#breadcrumb\"},\"inLanguage\":\"es-MX\",\"potentialAction\":[{\"@type\":\"ReadAction\",\"target\":[\"http:\/\/potrerodemulas.mx\/es\/cabanas\/\"]}]},{\"@type\":\"BreadcrumbList\",\"@id\":\"http:\/\/potrerodemulas.mx\/es\/cabanas\/#breadcrumb\",\"itemListElement\":[{\"@type\":\"ListItem\",\"position\":1,\"name\":\"Inicio\",\"item\":\"http:\/\/potrerodemulas.mx\/es\/\"},{\"@type\":\"ListItem\",\"position\":2,\"name\":\"Caba\u00f1as\"}]},{\"@type\":\"WebSite\",\"@id\":\"http:\/\/potrerodemulas.mx\/es\/#website\",\"url\":\"http:\/\/potrerodemulas.mx\/es\/\",\"name\":\"Potrero de mulas de San Sebastian del Oeste\",\"description\":\"Potrero de mulas ecoturismo amibental\",\"potentialAction\":[{\"@type\":\"SearchAction\",\"target\":{\"@type\":\"EntryPoint\",\"urlTemplate\":\"http:\/\/potrerodemulas.mx\/es\/?s={search_term_string}\"},\"query-input\":\"required name=search_term_string\"}],\"inLanguage\":\"es-MX\"}]}<\/script>\n<!-- \/ Yoast SEO plugin. -->","yoast_head_json":{"title":"Caba\u00f1as - Potrero de mulas de San Sebastian del Oeste","robots":{"index":"index","follow":"follow","max-snippet":"max-snippet:-1","max-image-preview":"max-image-preview:large","max-video-preview":"max-video-preview:-1"},"canonical":"http:\/\/potrerodemulas.mx\/es\/cabanas\/","og_locale":"es_MX","og_type":"article","og_title":"Caba\u00f1as - Potrero de mulas de San Sebastian del Oeste","og_description":"\u00c1rea de caba\u00f1as En el \u00e1rea de caba\u00f1as se cuenta con un comedor central, en donde se ofrece el servicio de alimentos a solicitud previa de los hu\u00e9spedes conforme a la nota al pi\u00e9 del men\u00fa anexo. El tipo de comida es de rancho (tortilla de ma\u00edz hecha a mano, frijoles en olla de barro, [&hellip;]","og_url":"http:\/\/potrerodemulas.mx\/es\/cabanas\/","og_site_name":"Potrero de mulas de San Sebastian del Oeste","article_publisher":"https:\/\/www.facebook.com\/potrerodemulas","article_modified_time":"2020-01-23T18:20:47+00:00","twitter_card":"summary_large_image","twitter_misc":{"Tiempo de lectura":"3 minutos"},"schema":{"@context":"https:\/\/schema.org","@graph":[{"@type":"WebPage","@id":"http:\/\/potrerodemulas.mx\/es\/cabanas\/","url":"http:\/\/potrerodemulas.mx\/es\/cabanas\/","name":"Caba\u00f1as - Potrero de mulas de San Sebastian del Oeste","isPartOf":{"@id":"http:\/\/potrerodemulas.mx\/es\/#website"},"datePublished":"2018-07-13T00:22:56+00:00","dateModified":"2020-01-23T18:20:47+00:00","breadcrumb":{"@id":"http:\/\/potrerodemulas.mx\/es\/cabanas\/#breadcrumb"},"inLanguage":"es-MX","potentialAction":[{"@type":"ReadAction","target":["http:\/\/potrerodemulas.mx\/es\/cabanas\/"]}]},{"@type":"BreadcrumbList","@id":"http:\/\/potrerodemulas.mx\/es\/cabanas\/#breadcrumb","itemListElement":[{"@type":"ListItem","position":1,"name":"Inicio","item":"http:\/\/potrerodemulas.mx\/es\/"},{"@type":"ListItem","position":2,"name":"Caba\u00f1as"}]},{"@type":"WebSite","@id":"http:\/\/potrerodemulas.mx\/es\/#website","url":"http:\/\/potrerodemulas.mx\/es\/","name":"Potrero de mulas de San Sebastian del Oeste","description":"Potrero de mulas ecoturismo amibental","potentialAction":[{"@type":"SearchAction","target":{"@type":"EntryPoint","urlTemplate":"http:\/\/potrerodemulas.mx\/es\/?s={search_term_string}"},"query-input":"required name=search_term_string"}],"inLanguage":"es-MX"}]}},"_links":{"self":[{"href":"http:\/\/potrerodemulas.mx\/es\/wp-json\/wp\/v2\/pages\/39"}],"collection":[{"href":"http:\/\/potrerodemulas.mx\/es\/wp-json\/wp\/v2\/pages"}],"about":[{"href":"http:\/\/potrerodemulas.mx\/es\/wp-json\/wp\/v2\/types\/page"}],"author":[{"embeddable":true,"href":"http:\/\/potrerodemulas.mx\/es\/wp-json\/wp\/v2\/users\/1"}],"replies":[{"embeddable":true,"href":"http:\/\/potrerodemulas.mx\/es\/wp-json\/wp\/v2\/comments?post=39"}],"version-history":[{"count":24,"href":"http:\/\/potrerodemulas.mx\/es\/wp-json\/wp\/v2\/pages\/39\/revisions"}],"predecessor-version":[{"id":399,"href":"http:\/\/potrerodemulas.mx\/es\/wp-json\/wp\/v2\/pages\/39\/revisions\/399"}],"wp:attachment":[{"href":"http:\/\/potrerodemulas.mx\/es\/wp-json\/wp\/v2\/media?parent=39"}],"curies":[{"name":"wp","href":"https:\/\/api.w.org\/{rel}","templated":true}]}}