{"id":343,"date":"2018-11-13T13:51:02","date_gmt":"2018-11-13T19:51:02","guid":{"rendered":"http:\/\/potrerodemulas.mx\/es\/?page_id=343"},"modified":"2018-11-13T13:51:02","modified_gmt":"2018-11-13T19:51:02","slug":"imagenes-de-cabana-grande-panoramica","status":"publish","type":"page","link":"http:\/\/potrerodemulas.mx\/es\/imagenes-de-cabana-grande-panoramica\/","title":{"rendered":"im\u00e1genes de caba\u00f1a grande panor\u00e1mica"},"content":{"rendered":"\t\t<div data-elementor-type=\"wp-post\" data-elementor-id=\"343\" class=\"elementor elementor-343 elementor-bc-flex-widget\">\n\t\t\t\t\t\t<section class=\"elementor-section elementor-top-section elementor-element elementor-element-7034267 elementor-section-boxed elementor-section-height-default elementor-section-height-default\" data-id=\"7034267\" data-element_type=\"section\">\n\t\t\t\t\t\t<div class=\"elementor-container elementor-column-gap-default\">\n\t\t\t\t\t<div class=\"elementor-column elementor-col-100 elementor-top-column elementor-element elementor-element-aef345a\" data-id=\"aef345a\" data-element_type=\"column\">\n\t\t\t<div class=\"elementor-widget-wrap elementor-element-populated\">\n\t\t\t\t\t\t<div class=\"elementor-element elementor-element-c7279bf elementor-widget elementor-widget-heading\" data-id=\"c7279bf\" data-element_type=\"widget\" data-widget_type=\"heading.default\">\n\t\t\t\t<div class=\"elementor-widget-container\">\n\t\t\t<style>\/*! elementor - v3.20.0 - 26-03-2024 *\/\n.elementor-heading-title{padding:0;margin:0;line-height:1}.elementor-widget-heading .elementor-heading-title[class*=elementor-size-]>a{color:inherit;font-size:inherit;line-height:inherit}.elementor-widget-heading .elementor-heading-title.elementor-size-small{font-size:15px}.elementor-widget-heading .elementor-heading-title.elementor-size-medium{font-size:19px}.elementor-widget-heading .elementor-heading-title.elementor-size-large{font-size:29px}.elementor-widget-heading .elementor-heading-title.elementor-size-xl{font-size:39px}.elementor-widget-heading .elementor-heading-title.elementor-size-xxl{font-size:59px}<\/style><h2 class=\"elementor-heading-title elementor-size-default\">Im\u00e1genes de caba\u00f1a grande panor\u00e1mica<\/h2>\t\t<\/div>\n\t\t\t\t<\/div>\n\t\t\t\t<div class=\"elementor-element elementor-element-d25475b elementor-widget-divider--view-line elementor-widget elementor-widget-divider\" data-id=\"d25475b\" data-element_type=\"widget\" data-widget_type=\"divider.default\">\n\t\t\t\t<div class=\"elementor-widget-container\">\n\t\t\t<style>\/*! elementor - v3.20.0 - 26-03-2024 *\/\n.elementor-widget-divider{--divider-border-style:none;--divider-border-width:1px;--divider-color:#0c0d0e;--divider-icon-size:20px;--divider-element-spacing:10px;--divider-pattern-height:24px;--divider-pattern-size:20px;--divider-pattern-url:none;--divider-pattern-repeat:repeat-x}.elementor-widget-divider .elementor-divider{display:flex}.elementor-widget-divider .elementor-divider__text{font-size:15px;line-height:1;max-width:95%}.elementor-widget-divider .elementor-divider__element{margin:0 var(--divider-element-spacing);flex-shrink:0}.elementor-widget-divider .elementor-icon{font-size:var(--divider-icon-size)}.elementor-widget-divider .elementor-divider-separator{display:flex;margin:0;direction:ltr}.elementor-widget-divider--view-line_icon .elementor-divider-separator,.elementor-widget-divider--view-line_text .elementor-divider-separator{align-items:center}.elementor-widget-divider--view-line_icon .elementor-divider-separator:after,.elementor-widget-divider--view-line_icon .elementor-divider-separator:before,.elementor-widget-divider--view-line_text .elementor-divider-separator:after,.elementor-widget-divider--view-line_text .elementor-divider-separator:before{display:block;content:\"\";border-block-end:0;flex-grow:1;border-block-start:var(--divider-border-width) var(--divider-border-style) var(--divider-color)}.elementor-widget-divider--element-align-left .elementor-divider .elementor-divider-separator>.elementor-divider__svg:first-of-type{flex-grow:0;flex-shrink:100}.elementor-widget-divider--element-align-left .elementor-divider-separator:before{content:none}.elementor-widget-divider--element-align-left .elementor-divider__element{margin-left:0}.elementor-widget-divider--element-align-right .elementor-divider .elementor-divider-separator>.elementor-divider__svg:last-of-type{flex-grow:0;flex-shrink:100}.elementor-widget-divider--element-align-right .elementor-divider-separator:after{content:none}.elementor-widget-divider--element-align-right .elementor-divider__element{margin-right:0}.elementor-widget-divider--element-align-start .elementor-divider .elementor-divider-separator>.elementor-divider__svg:first-of-type{flex-grow:0;flex-shrink:100}.elementor-widget-divider--element-align-start .elementor-divider-separator:before{content:none}.elementor-widget-divider--element-align-start .elementor-divider__element{margin-inline-start:0}.elementor-widget-divider--element-align-end .elementor-divider .elementor-divider-separator>.elementor-divider__svg:last-of-type{flex-grow:0;flex-shrink:100}.elementor-widget-divider--element-align-end .elementor-divider-separator:after{content:none}.elementor-widget-divider--element-align-end .elementor-divider__element{margin-inline-end:0}.elementor-widget-divider:not(.elementor-widget-divider--view-line_text):not(.elementor-widget-divider--view-line_icon) .elementor-divider-separator{border-block-start:var(--divider-border-width) var(--divider-border-style) var(--divider-color)}.elementor-widget-divider--separator-type-pattern{--divider-border-style:none}.elementor-widget-divider--separator-type-pattern.elementor-widget-divider--view-line .elementor-divider-separator,.elementor-widget-divider--separator-type-pattern:not(.elementor-widget-divider--view-line) .elementor-divider-separator:after,.elementor-widget-divider--separator-type-pattern:not(.elementor-widget-divider--view-line) .elementor-divider-separator:before,.elementor-widget-divider--separator-type-pattern:not([class*=elementor-widget-divider--view]) .elementor-divider-separator{width:100%;min-height:var(--divider-pattern-height);-webkit-mask-size:var(--divider-pattern-size) 100%;mask-size:var(--divider-pattern-size) 100%;-webkit-mask-repeat:var(--divider-pattern-repeat);mask-repeat:var(--divider-pattern-repeat);background-color:var(--divider-color);-webkit-mask-image:var(--divider-pattern-url);mask-image:var(--divider-pattern-url)}.elementor-widget-divider--no-spacing{--divider-pattern-size:auto}.elementor-widget-divider--bg-round{--divider-pattern-repeat:round}.rtl .elementor-widget-divider .elementor-divider__text{direction:rtl}.e-con-inner>.elementor-widget-divider,.e-con>.elementor-widget-divider{width:var(--container-widget-width,100%);--flex-grow:var(--container-widget-flex-grow)}<\/style>\t\t<div class=\"elementor-divider\">\n\t\t\t<span class=\"elementor-divider-separator\">\n\t\t\t\t\t\t<\/span>\n\t\t<\/div>\n\t\t\t\t<\/div>\n\t\t\t\t<\/div>\n\t\t\t\t<div class=\"elementor-element elementor-element-dc60a6e elementor-widget elementor-widget-image-gallery\" data-id=\"dc60a6e\" data-element_type=\"widget\" data-widget_type=\"image-gallery.default\">\n\t\t\t\t<div class=\"elementor-widget-container\">\n\t\t\t<style>\/*! elementor - v3.20.0 - 26-03-2024 *\/\n.elementor-image-gallery .gallery-item{display:inline-block;text-align:center;vertical-align:top;width:100%;max-width:100%;margin:0 auto}.elementor-image-gallery .gallery-item img{margin:0 auto}.elementor-image-gallery .gallery-item .gallery-caption{margin:0}.elementor-image-gallery figure img{display:block}.elementor-image-gallery figure figcaption{width:100%}.gallery-spacing-custom .elementor-image-gallery .gallery-icon{padding:0}@media (min-width:768px){.elementor-image-gallery .gallery-columns-2 .gallery-item{max-width:50%}.elementor-image-gallery .gallery-columns-3 .gallery-item{max-width:33.33%}.elementor-image-gallery .gallery-columns-4 .gallery-item{max-width:25%}.elementor-image-gallery .gallery-columns-5 .gallery-item{max-width:20%}.elementor-image-gallery .gallery-columns-6 .gallery-item{max-width:16.666%}.elementor-image-gallery .gallery-columns-7 .gallery-item{max-width:14.28%}.elementor-image-gallery .gallery-columns-8 .gallery-item{max-width:12.5%}.elementor-image-gallery .gallery-columns-9 .gallery-item{max-width:11.11%}.elementor-image-gallery .gallery-columns-10 .gallery-item{max-width:10%}}@media (min-width:480px) and (max-width:767px){.elementor-image-gallery .gallery.gallery-columns-2 .gallery-item,.elementor-image-gallery .gallery.gallery-columns-3 .gallery-item,.elementor-image-gallery .gallery.gallery-columns-4 .gallery-item,.elementor-image-gallery .gallery.gallery-columns-5 .gallery-item,.elementor-image-gallery .gallery.gallery-columns-6 .gallery-item,.elementor-image-gallery .gallery.gallery-columns-7 .gallery-item,.elementor-image-gallery .gallery.gallery-columns-8 .gallery-item,.elementor-image-gallery .gallery.gallery-columns-9 .gallery-item,.elementor-image-gallery .gallery.gallery-columns-10 .gallery-item{max-width:50%}}@media (max-width:479px){.elementor-image-gallery .gallery.gallery-columns-2 .gallery-item,.elementor-image-gallery .gallery.gallery-columns-3 .gallery-item,.elementor-image-gallery .gallery.gallery-columns-4 .gallery-item,.elementor-image-gallery .gallery.gallery-columns-5 .gallery-item,.elementor-image-gallery .gallery.gallery-columns-6 .gallery-item,.elementor-image-gallery .gallery.gallery-columns-7 .gallery-item,.elementor-image-gallery .gallery.gallery-columns-8 .gallery-item,.elementor-image-gallery .gallery.gallery-columns-9 .gallery-item,.elementor-image-gallery .gallery.gallery-columns-10 .gallery-item{max-width:100%}}<\/style>\t\t<div class=\"elementor-image-gallery\">\n\t\t\t\n\t\t<style type=\"text\/css\">\n\t\t\t#gallery-1 {\n\t\t\t\tmargin: auto;\n\t\t\t}\n\t\t\t#gallery-1 .gallery-item {\n\t\t\t\tfloat: left;\n\t\t\t\tmargin-top: 10px;\n\t\t\t\ttext-align: center;\n\t\t\t\twidth: 25%;\n\t\t\t}\n\t\t\t#gallery-1 img {\n\t\t\t\tborder: 2px solid #cfcfcf;\n\t\t\t}\n\t\t\t#gallery-1 .gallery-caption {\n\t\t\t\tmargin-left: 0;\n\t\t\t}\n\t\t\t\/* see gallery_shortcode() in wp-includes\/media.php *\/\n\t\t<\/style>\n\t\t<div id='gallery-1' class='gallery galleryid-343 gallery-columns-4 gallery-size-thumbnail'><dl class='gallery-item'>\n\t\t\t<dt class='gallery-icon landscape'>\n\t\t\t\t<a data-elementor-open-lightbox=\"yes\" data-elementor-lightbox-slideshow=\"dc60a6e\" data-elementor-lightbox-title=\"Vista lateral\" data-e-action-hash=\"#elementor-action%3Aaction%3Dlightbox%26settings%3DeyJpZCI6MzU0LCJ1cmwiOiJodHRwOlwvXC9wb3RyZXJvZGVtdWxhcy5teFwvZXNcL3dwLWNvbnRlbnRcL3VwbG9hZHNcLzIwMThcLzExXC9WaXN0YS1sYXRlcmFsLmpwZyIsInNsaWRlc2hvdyI6ImRjNjBhNmUifQ%3D%3D\" href='http:\/\/potrerodemulas.mx\/es\/wp-content\/uploads\/2018\/11\/Vista-lateral.jpg'><img decoding=\"async\" width=\"150\" height=\"150\" src=\"http:\/\/potrerodemulas.mx\/es\/wp-content\/uploads\/2018\/11\/Vista-lateral-150x150.jpg\" class=\"attachment-thumbnail size-thumbnail\" alt=\"\" \/><\/a>\n\t\t\t<\/dt><\/dl><dl class='gallery-item'>\n\t\t\t<dt class='gallery-icon landscape'>\n\t\t\t\t<a data-elementor-open-lightbox=\"yes\" data-elementor-lightbox-slideshow=\"dc60a6e\" data-elementor-lightbox-title=\"Sofas cama en sala comedor\" data-e-action-hash=\"#elementor-action%3Aaction%3Dlightbox%26settings%3DeyJpZCI6MzUzLCJ1cmwiOiJodHRwOlwvXC9wb3RyZXJvZGVtdWxhcy5teFwvZXNcL3dwLWNvbnRlbnRcL3VwbG9hZHNcLzIwMThcLzExXC9Tb2Zhcy1jYW1hLWVuLXNhbGEtY29tZWRvci5qcGciLCJzbGlkZXNob3ciOiJkYzYwYTZlIn0%3D\" href='http:\/\/potrerodemulas.mx\/es\/wp-content\/uploads\/2018\/11\/Sofas-cama-en-sala-comedor.jpg'><img decoding=\"async\" width=\"150\" height=\"150\" src=\"http:\/\/potrerodemulas.mx\/es\/wp-content\/uploads\/2018\/11\/Sofas-cama-en-sala-comedor-150x150.jpg\" class=\"attachment-thumbnail size-thumbnail\" alt=\"\" \/><\/a>\n\t\t\t<\/dt><\/dl><dl class='gallery-item'>\n\t\t\t<dt class='gallery-icon landscape'>\n\t\t\t\t<a data-elementor-open-lightbox=\"yes\" data-elementor-lightbox-slideshow=\"dc60a6e\" data-elementor-lightbox-title=\"Habitacion de la caban\u0303a grande con 2 camas individuales (2 habitaciones)\" data-e-action-hash=\"#elementor-action%3Aaction%3Dlightbox%26settings%3DeyJpZCI6MzUyLCJ1cmwiOiJodHRwOlwvXC9wb3RyZXJvZGVtdWxhcy5teFwvZXNcL3dwLWNvbnRlbnRcL3VwbG9hZHNcLzIwMThcLzExXC9IYWJpdGFjaW9uLWRlLWxhLWNhYmFuXHUwMzAzYS1ncmFuZGUtY29uLTItY2FtYXMtaW5kaXZpZHVhbGVzLTItaGFiaXRhY2lvbmVzLmpwZyIsInNsaWRlc2hvdyI6ImRjNjBhNmUifQ%3D%3D\" href='http:\/\/potrerodemulas.mx\/es\/wp-content\/uploads\/2018\/11\/Habitacion-de-la-caban\u0303a-grande-con-2-camas-individuales-2-habitaciones.jpg'><img decoding=\"async\" width=\"150\" height=\"150\" src=\"http:\/\/potrerodemulas.mx\/es\/wp-content\/uploads\/2018\/11\/Habitacion-de-la-caban\u0303a-grande-con-2-camas-individuales-2-habitaciones-150x150.jpg\" class=\"attachment-thumbnail size-thumbnail\" alt=\"\" \/><\/a>\n\t\t\t<\/dt><\/dl><dl class='gallery-item'>\n\t\t\t<dt class='gallery-icon landscape'>\n\t\t\t\t<a data-elementor-open-lightbox=\"yes\" data-elementor-lightbox-slideshow=\"dc60a6e\" data-elementor-lightbox-title=\"DSC09284\" data-e-action-hash=\"#elementor-action%3Aaction%3Dlightbox%26settings%3DeyJpZCI6MzUxLCJ1cmwiOiJodHRwOlwvXC9wb3RyZXJvZGVtdWxhcy5teFwvZXNcL3dwLWNvbnRlbnRcL3VwbG9hZHNcLzIwMThcLzExXC9EU0MwOTI4NC5qcGciLCJzbGlkZXNob3ciOiJkYzYwYTZlIn0%3D\" href='http:\/\/potrerodemulas.mx\/es\/wp-content\/uploads\/2018\/11\/DSC09284.jpg'><img loading=\"lazy\" decoding=\"async\" width=\"150\" height=\"150\" src=\"http:\/\/potrerodemulas.mx\/es\/wp-content\/uploads\/2018\/11\/DSC09284-150x150.jpg\" class=\"attachment-thumbnail size-thumbnail\" alt=\"\" \/><\/a>\n\t\t\t<\/dt><\/dl><br style=\"clear: both\" \/><dl class='gallery-item'>\n\t\t\t<dt class='gallery-icon landscape'>\n\t\t\t\t<a data-elementor-open-lightbox=\"yes\" data-elementor-lightbox-slideshow=\"dc60a6e\" data-elementor-lightbox-title=\"DSC09277\" data-e-action-hash=\"#elementor-action%3Aaction%3Dlightbox%26settings%3DeyJpZCI6MzUwLCJ1cmwiOiJodHRwOlwvXC9wb3RyZXJvZGVtdWxhcy5teFwvZXNcL3dwLWNvbnRlbnRcL3VwbG9hZHNcLzIwMThcLzExXC9EU0MwOTI3Ny5qcGciLCJzbGlkZXNob3ciOiJkYzYwYTZlIn0%3D\" href='http:\/\/potrerodemulas.mx\/es\/wp-content\/uploads\/2018\/11\/DSC09277.jpg'><img loading=\"lazy\" decoding=\"async\" width=\"150\" height=\"150\" src=\"http:\/\/potrerodemulas.mx\/es\/wp-content\/uploads\/2018\/11\/DSC09277-150x150.jpg\" class=\"attachment-thumbnail size-thumbnail\" alt=\"\" \/><\/a>\n\t\t\t<\/dt><\/dl><dl class='gallery-item'>\n\t\t\t<dt class='gallery-icon landscape'>\n\t\t\t\t<a data-elementor-open-lightbox=\"yes\" data-elementor-lightbox-slideshow=\"dc60a6e\" data-elementor-lightbox-title=\"DSC09270\" data-e-action-hash=\"#elementor-action%3Aaction%3Dlightbox%26settings%3DeyJpZCI6MzQ5LCJ1cmwiOiJodHRwOlwvXC9wb3RyZXJvZGVtdWxhcy5teFwvZXNcL3dwLWNvbnRlbnRcL3VwbG9hZHNcLzIwMThcLzExXC9EU0MwOTI3MC5qcGciLCJzbGlkZXNob3ciOiJkYzYwYTZlIn0%3D\" href='http:\/\/potrerodemulas.mx\/es\/wp-content\/uploads\/2018\/11\/DSC09270.jpg'><img loading=\"lazy\" decoding=\"async\" width=\"150\" height=\"150\" src=\"http:\/\/potrerodemulas.mx\/es\/wp-content\/uploads\/2018\/11\/DSC09270-150x150.jpg\" class=\"attachment-thumbnail size-thumbnail\" alt=\"\" \/><\/a>\n\t\t\t<\/dt><\/dl><dl class='gallery-item'>\n\t\t\t<dt class='gallery-icon portrait'>\n\t\t\t\t<a data-elementor-open-lightbox=\"yes\" data-elementor-lightbox-slideshow=\"dc60a6e\" data-elementor-lightbox-title=\"DSC09268\" data-e-action-hash=\"#elementor-action%3Aaction%3Dlightbox%26settings%3DeyJpZCI6MzQ4LCJ1cmwiOiJodHRwOlwvXC9wb3RyZXJvZGVtdWxhcy5teFwvZXNcL3dwLWNvbnRlbnRcL3VwbG9hZHNcLzIwMThcLzExXC9EU0MwOTI2OC5qcGciLCJzbGlkZXNob3ciOiJkYzYwYTZlIn0%3D\" href='http:\/\/potrerodemulas.mx\/es\/wp-content\/uploads\/2018\/11\/DSC09268.jpg'><img loading=\"lazy\" decoding=\"async\" width=\"150\" height=\"150\" src=\"http:\/\/potrerodemulas.mx\/es\/wp-content\/uploads\/2018\/11\/DSC09268-150x150.jpg\" class=\"attachment-thumbnail size-thumbnail\" alt=\"\" \/><\/a>\n\t\t\t<\/dt><\/dl><dl class='gallery-item'>\n\t\t\t<dt class='gallery-icon portrait'>\n\t\t\t\t<a data-elementor-open-lightbox=\"yes\" data-elementor-lightbox-slideshow=\"dc60a6e\" data-elementor-lightbox-title=\"DSC09264\" data-e-action-hash=\"#elementor-action%3Aaction%3Dlightbox%26settings%3DeyJpZCI6MzQ3LCJ1cmwiOiJodHRwOlwvXC9wb3RyZXJvZGVtdWxhcy5teFwvZXNcL3dwLWNvbnRlbnRcL3VwbG9hZHNcLzIwMThcLzExXC9EU0MwOTI2NC5qcGciLCJzbGlkZXNob3ciOiJkYzYwYTZlIn0%3D\" href='http:\/\/potrerodemulas.mx\/es\/wp-content\/uploads\/2018\/11\/DSC09264.jpg'><img loading=\"lazy\" decoding=\"async\" width=\"150\" height=\"150\" src=\"http:\/\/potrerodemulas.mx\/es\/wp-content\/uploads\/2018\/11\/DSC09264-150x150.jpg\" class=\"attachment-thumbnail size-thumbnail\" alt=\"\" \/><\/a>\n\t\t\t<\/dt><\/dl><br style=\"clear: both\" \/><dl class='gallery-item'>\n\t\t\t<dt class='gallery-icon landscape'>\n\t\t\t\t<a data-elementor-open-lightbox=\"yes\" data-elementor-lightbox-slideshow=\"dc60a6e\" data-elementor-lightbox-title=\"DSC09254\" data-e-action-hash=\"#elementor-action%3Aaction%3Dlightbox%26settings%3DeyJpZCI6MzQ2LCJ1cmwiOiJodHRwOlwvXC9wb3RyZXJvZGVtdWxhcy5teFwvZXNcL3dwLWNvbnRlbnRcL3VwbG9hZHNcLzIwMThcLzExXC9EU0MwOTI1NC5qcGciLCJzbGlkZXNob3ciOiJkYzYwYTZlIn0%3D\" href='http:\/\/potrerodemulas.mx\/es\/wp-content\/uploads\/2018\/11\/DSC09254.jpg'><img loading=\"lazy\" decoding=\"async\" width=\"150\" height=\"150\" src=\"http:\/\/potrerodemulas.mx\/es\/wp-content\/uploads\/2018\/11\/DSC09254-150x150.jpg\" class=\"attachment-thumbnail size-thumbnail\" alt=\"\" \/><\/a>\n\t\t\t<\/dt><\/dl><dl class='gallery-item'>\n\t\t\t<dt class='gallery-icon portrait'>\n\t\t\t\t<a data-elementor-open-lightbox=\"yes\" data-elementor-lightbox-slideshow=\"dc60a6e\" data-elementor-lightbox-title=\"Detalles de habitacio\u0301n\" data-e-action-hash=\"#elementor-action%3Aaction%3Dlightbox%26settings%3DeyJpZCI6MzQ1LCJ1cmwiOiJodHRwOlwvXC9wb3RyZXJvZGVtdWxhcy5teFwvZXNcL3dwLWNvbnRlbnRcL3VwbG9hZHNcLzIwMThcLzExXC9EZXRhbGxlcy1kZS1oYWJpdGFjaW9cdTAzMDFuLmpwZyIsInNsaWRlc2hvdyI6ImRjNjBhNmUifQ%3D%3D\" href='http:\/\/potrerodemulas.mx\/es\/wp-content\/uploads\/2018\/11\/Detalles-de-habitacio\u0301n.jpg'><img loading=\"lazy\" decoding=\"async\" width=\"150\" height=\"150\" src=\"http:\/\/potrerodemulas.mx\/es\/wp-content\/uploads\/2018\/11\/Detalles-de-habitacio\u0301n-150x150.jpg\" class=\"attachment-thumbnail size-thumbnail\" alt=\"\" \/><\/a>\n\t\t\t<\/dt><\/dl><dl class='gallery-item'>\n\t\t\t<dt class='gallery-icon landscape'>\n\t\t\t\t<a data-elementor-open-lightbox=\"yes\" data-elementor-lightbox-slideshow=\"dc60a6e\" data-elementor-lightbox-title=\"Caban\u0303a grande panoramica con vista al lago.\" data-e-action-hash=\"#elementor-action%3Aaction%3Dlightbox%26settings%3DeyJpZCI6MzQ0LCJ1cmwiOiJodHRwOlwvXC9wb3RyZXJvZGVtdWxhcy5teFwvZXNcL3dwLWNvbnRlbnRcL3VwbG9hZHNcLzIwMThcLzExXC9DYWJhblx1MDMwM2EtZ3JhbmRlLXBhbm9yYW1pY2EtY29uLXZpc3RhLWFsLWxhZ28uLmpwZyIsInNsaWRlc2hvdyI6ImRjNjBhNmUifQ%3D%3D\" href='http:\/\/potrerodemulas.mx\/es\/wp-content\/uploads\/2018\/11\/Caban\u0303a-grande-panoramica-con-vista-al-lago..jpg'><img loading=\"lazy\" decoding=\"async\" width=\"150\" height=\"150\" src=\"http:\/\/potrerodemulas.mx\/es\/wp-content\/uploads\/2018\/11\/Caban\u0303a-grande-panoramica-con-vista-al-lago.-150x150.jpg\" class=\"attachment-thumbnail size-thumbnail\" alt=\"\" \/><\/a>\n\t\t\t<\/dt><\/dl>\n\t\t\t<br style='clear: both' \/>\n\t\t<\/div>\n\t\t<\/div>\n\t\t\t\t<\/div>\n\t\t\t\t<\/div>\n\t\t\t\t\t<\/div>\n\t\t<\/div>\n\t\t\t\t\t<\/div>\n\t\t<\/section>\n\t\t\t\t<\/div>\n\t\t","protected":false},"excerpt":{"rendered":"<p>Im\u00e1genes de caba\u00f1a grande panor\u00e1mica<\/p>\n","protected":false},"author":1,"featured_media":0,"parent":0,"menu_order":0,"comment_status":"closed","ping_status":"closed","template":"","meta":{"footnotes":""},"yoast_head":"<!-- This site is optimized with the Yoast SEO plugin v22.3 - https:\/\/yoast.com\/wordpress\/plugins\/seo\/ -->\n<title>im\u00e1genes de caba\u00f1a grande panor\u00e1mica - Potrero de mulas de San Sebastian del Oeste<\/title>\n<meta name=\"robots\" content=\"index, follow, max-snippet:-1, max-image-preview:large, max-video-preview:-1\" \/>\n<link rel=\"canonical\" href=\"http:\/\/potrerodemulas.mx\/es\/imagenes-de-cabana-grande-panoramica\/\" \/>\n<meta property=\"og:locale\" content=\"es_MX\" \/>\n<meta property=\"og:type\" content=\"article\" \/>\n<meta property=\"og:title\" content=\"im\u00e1genes de caba\u00f1a grande panor\u00e1mica - Potrero de mulas de San Sebastian del Oeste\" \/>\n<meta property=\"og:description\" content=\"Im\u00e1genes de caba\u00f1a grande panor\u00e1mica\" \/>\n<meta property=\"og:url\" content=\"http:\/\/potrerodemulas.mx\/es\/imagenes-de-cabana-grande-panoramica\/\" \/>\n<meta property=\"og:site_name\" content=\"Potrero de mulas de San Sebastian del Oeste\" \/>\n<meta property=\"article:publisher\" content=\"https:\/\/www.facebook.com\/potrerodemulas\" \/>\n<meta property=\"og:image\" content=\"http:\/\/potrerodemulas.mx\/es\/wp-content\/uploads\/2018\/11\/Vista-lateral-150x150.jpg\" \/>\n<meta name=\"twitter:card\" content=\"summary_large_image\" \/>\n<script type=\"application\/ld+json\" class=\"yoast-schema-graph\">{\"@context\":\"https:\/\/schema.org\",\"@graph\":[{\"@type\":\"WebPage\",\"@id\":\"http:\/\/potrerodemulas.mx\/es\/imagenes-de-cabana-grande-panoramica\/\",\"url\":\"http:\/\/potrerodemulas.mx\/es\/imagenes-de-cabana-grande-panoramica\/\",\"name\":\"im\u00e1genes de caba\u00f1a grande panor\u00e1mica - Potrero de mulas de San Sebastian del Oeste\",\"isPartOf\":{\"@id\":\"http:\/\/potrerodemulas.mx\/es\/#website\"},\"primaryImageOfPage\":{\"@id\":\"http:\/\/potrerodemulas.mx\/es\/imagenes-de-cabana-grande-panoramica\/#primaryimage\"},\"image\":{\"@id\":\"http:\/\/potrerodemulas.mx\/es\/imagenes-de-cabana-grande-panoramica\/#primaryimage\"},\"thumbnailUrl\":\"http:\/\/potrerodemulas.mx\/es\/wp-content\/uploads\/2018\/11\/Vista-lateral-150x150.jpg\",\"datePublished\":\"2018-11-13T19:51:02+00:00\",\"dateModified\":\"2018-11-13T19:51:02+00:00\",\"breadcrumb\":{\"@id\":\"http:\/\/potrerodemulas.mx\/es\/imagenes-de-cabana-grande-panoramica\/#breadcrumb\"},\"inLanguage\":\"es-MX\",\"potentialAction\":[{\"@type\":\"ReadAction\",\"target\":[\"http:\/\/potrerodemulas.mx\/es\/imagenes-de-cabana-grande-panoramica\/\"]}]},{\"@type\":\"ImageObject\",\"inLanguage\":\"es-MX\",\"@id\":\"http:\/\/potrerodemulas.mx\/es\/imagenes-de-cabana-grande-panoramica\/#primaryimage\",\"url\":\"http:\/\/potrerodemulas.mx\/es\/wp-content\/uploads\/2018\/11\/Vista-lateral.jpg\",\"contentUrl\":\"http:\/\/potrerodemulas.mx\/es\/wp-content\/uploads\/2018\/11\/Vista-lateral.jpg\",\"width\":2592,\"height\":1944},{\"@type\":\"BreadcrumbList\",\"@id\":\"http:\/\/potrerodemulas.mx\/es\/imagenes-de-cabana-grande-panoramica\/#breadcrumb\",\"itemListElement\":[{\"@type\":\"ListItem\",\"position\":1,\"name\":\"Inicio\",\"item\":\"http:\/\/potrerodemulas.mx\/es\/\"},{\"@type\":\"ListItem\",\"position\":2,\"name\":\"im\u00e1genes de caba\u00f1a grande panor\u00e1mica\"}]},{\"@type\":\"WebSite\",\"@id\":\"http:\/\/potrerodemulas.mx\/es\/#website\",\"url\":\"http:\/\/potrerodemulas.mx\/es\/\",\"name\":\"Potrero de mulas de San Sebastian del Oeste\",\"description\":\"Potrero de mulas ecoturismo amibental\",\"potentialAction\":[{\"@type\":\"SearchAction\",\"target\":{\"@type\":\"EntryPoint\",\"urlTemplate\":\"http:\/\/potrerodemulas.mx\/es\/?s={search_term_string}\"},\"query-input\":\"required name=search_term_string\"}],\"inLanguage\":\"es-MX\"}]}<\/script>\n<!-- \/ Yoast SEO plugin. -->","yoast_head_json":{"title":"im\u00e1genes de caba\u00f1a grande panor\u00e1mica - Potrero de mulas de San Sebastian del Oeste","robots":{"index":"index","follow":"follow","max-snippet":"max-snippet:-1","max-image-preview":"max-image-preview:large","max-video-preview":"max-video-preview:-1"},"canonical":"http:\/\/potrerodemulas.mx\/es\/imagenes-de-cabana-grande-panoramica\/","og_locale":"es_MX","og_type":"article","og_title":"im\u00e1genes de caba\u00f1a grande panor\u00e1mica - Potrero de mulas de San Sebastian del Oeste","og_description":"Im\u00e1genes de caba\u00f1a grande panor\u00e1mica","og_url":"http:\/\/potrerodemulas.mx\/es\/imagenes-de-cabana-grande-panoramica\/","og_site_name":"Potrero de mulas de San Sebastian del Oeste","article_publisher":"https:\/\/www.facebook.com\/potrerodemulas","og_image":[{"url":"http:\/\/potrerodemulas.mx\/es\/wp-content\/uploads\/2018\/11\/Vista-lateral-150x150.jpg"}],"twitter_card":"summary_large_image","schema":{"@context":"https:\/\/schema.org","@graph":[{"@type":"WebPage","@id":"http:\/\/potrerodemulas.mx\/es\/imagenes-de-cabana-grande-panoramica\/","url":"http:\/\/potrerodemulas.mx\/es\/imagenes-de-cabana-grande-panoramica\/","name":"im\u00e1genes de caba\u00f1a grande panor\u00e1mica - Potrero de mulas de San Sebastian del Oeste","isPartOf":{"@id":"http:\/\/potrerodemulas.mx\/es\/#website"},"primaryImageOfPage":{"@id":"http:\/\/potrerodemulas.mx\/es\/imagenes-de-cabana-grande-panoramica\/#primaryimage"},"image":{"@id":"http:\/\/potrerodemulas.mx\/es\/imagenes-de-cabana-grande-panoramica\/#primaryimage"},"thumbnailUrl":"http:\/\/potrerodemulas.mx\/es\/wp-content\/uploads\/2018\/11\/Vista-lateral-150x150.jpg","datePublished":"2018-11-13T19:51:02+00:00","dateModified":"2018-11-13T19:51:02+00:00","breadcrumb":{"@id":"http:\/\/potrerodemulas.mx\/es\/imagenes-de-cabana-grande-panoramica\/#breadcrumb"},"inLanguage":"es-MX","potentialAction":[{"@type":"ReadAction","target":["http:\/\/potrerodemulas.mx\/es\/imagenes-de-cabana-grande-panoramica\/"]}]},{"@type":"ImageObject","inLanguage":"es-MX","@id":"http:\/\/potrerodemulas.mx\/es\/imagenes-de-cabana-grande-panoramica\/#primaryimage","url":"http:\/\/potrerodemulas.mx\/es\/wp-content\/uploads\/2018\/11\/Vista-lateral.jpg","contentUrl":"http:\/\/potrerodemulas.mx\/es\/wp-content\/uploads\/2018\/11\/Vista-lateral.jpg","width":2592,"height":1944},{"@type":"BreadcrumbList","@id":"http:\/\/potrerodemulas.mx\/es\/imagenes-de-cabana-grande-panoramica\/#breadcrumb","itemListElement":[{"@type":"ListItem","position":1,"name":"Inicio","item":"http:\/\/potrerodemulas.mx\/es\/"},{"@type":"ListItem","position":2,"name":"im\u00e1genes de caba\u00f1a grande panor\u00e1mica"}]},{"@type":"WebSite","@id":"http:\/\/potrerodemulas.mx\/es\/#website","url":"http:\/\/potrerodemulas.mx\/es\/","name":"Potrero de mulas de San Sebastian del Oeste","description":"Potrero de mulas ecoturismo amibental","potentialAction":[{"@type":"SearchAction","target":{"@type":"EntryPoint","urlTemplate":"http:\/\/potrerodemulas.mx\/es\/?s={search_term_string}"},"query-input":"required name=search_term_string"}],"inLanguage":"es-MX"}]}},"_links":{"self":[{"href":"http:\/\/potrerodemulas.mx\/es\/wp-json\/wp\/v2\/pages\/343"}],"collection":[{"href":"http:\/\/potrerodemulas.mx\/es\/wp-json\/wp\/v2\/pages"}],"about":[{"href":"http:\/\/potrerodemulas.mx\/es\/wp-json\/wp\/v2\/types\/page"}],"author":[{"embeddable":true,"href":"http:\/\/potrerodemulas.mx\/es\/wp-json\/wp\/v2\/users\/1"}],"replies":[{"embeddable":true,"href":"http:\/\/potrerodemulas.mx\/es\/wp-json\/wp\/v2\/comments?post=343"}],"version-history":[{"count":1,"href":"http:\/\/potrerodemulas.mx\/es\/wp-json\/wp\/v2\/pages\/343\/revisions"}],"predecessor-version":[{"id":355,"href":"http:\/\/potrerodemulas.mx\/es\/wp-json\/wp\/v2\/pages\/343\/revisions\/355"}],"wp:attachment":[{"href":"http:\/\/potrerodemulas.mx\/es\/wp-json\/wp\/v2\/media?parent=343"}],"curies":[{"name":"wp","href":"https:\/\/api.w.org\/{rel}","templated":true}]}}