{"id":276,"date":"2018-11-13T13:06:39","date_gmt":"2018-11-13T19:06:39","guid":{"rendered":"http:\/\/potrerodemulas.mx\/es\/?page_id=276"},"modified":"2018-11-13T14:03:13","modified_gmt":"2018-11-13T20:03:13","slug":"imagenes-de-cabanas","status":"publish","type":"page","link":"http:\/\/potrerodemulas.mx\/es\/imagenes-de-cabanas\/","title":{"rendered":"imagenes de caba\u00f1as"},"content":{"rendered":"\t\t<div data-elementor-type=\"wp-post\" data-elementor-id=\"276\" class=\"elementor elementor-276 elementor-bc-flex-widget\">\n\t\t\t\t\t\t<section class=\"elementor-section elementor-top-section elementor-element elementor-element-6cddb6f elementor-section-boxed elementor-section-height-default elementor-section-height-default\" data-id=\"6cddb6f\" data-element_type=\"section\">\n\t\t\t\t\t\t<div class=\"elementor-container elementor-column-gap-default\">\n\t\t\t\t\t<div class=\"elementor-column elementor-col-100 elementor-top-column elementor-element elementor-element-b12f563\" data-id=\"b12f563\" data-element_type=\"column\">\n\t\t\t<div class=\"elementor-widget-wrap elementor-element-populated\">\n\t\t\t\t\t\t<div class=\"elementor-element elementor-element-4039890 elementor-widget elementor-widget-heading\" data-id=\"4039890\" data-element_type=\"widget\" data-widget_type=\"heading.default\">\n\t\t\t\t<div class=\"elementor-widget-container\">\n\t\t\t<style>\/*! elementor - v3.20.0 - 26-03-2024 *\/\n.elementor-heading-title{padding:0;margin:0;line-height:1}.elementor-widget-heading .elementor-heading-title[class*=elementor-size-]>a{color:inherit;font-size:inherit;line-height:inherit}.elementor-widget-heading .elementor-heading-title.elementor-size-small{font-size:15px}.elementor-widget-heading .elementor-heading-title.elementor-size-medium{font-size:19px}.elementor-widget-heading .elementor-heading-title.elementor-size-large{font-size:29px}.elementor-widget-heading .elementor-heading-title.elementor-size-xl{font-size:39px}.elementor-widget-heading .elementor-heading-title.elementor-size-xxl{font-size:59px}<\/style><h2 class=\"elementor-heading-title elementor-size-default\">Seleccione que imagenes desea ver dando clic en el bot\u00f3n correspondiente:<\/h2>\t\t<\/div>\n\t\t\t\t<\/div>\n\t\t\t\t\t<\/div>\n\t\t<\/div>\n\t\t\t\t\t<\/div>\n\t\t<\/section>\n\t\t\t\t<section class=\"elementor-section elementor-top-section elementor-element elementor-element-a2b86bc elementor-section-boxed elementor-section-height-default elementor-section-height-default\" data-id=\"a2b86bc\" data-element_type=\"section\">\n\t\t\t\t\t\t<div class=\"elementor-container elementor-column-gap-default\">\n\t\t\t\t\t<div class=\"elementor-column elementor-col-25 elementor-top-column elementor-element elementor-element-9825e97\" data-id=\"9825e97\" data-element_type=\"column\">\n\t\t\t<div class=\"elementor-widget-wrap elementor-element-populated\">\n\t\t\t\t\t\t<div class=\"elementor-element elementor-element-6ca8f9b elementor-widget elementor-widget-button\" data-id=\"6ca8f9b\" data-element_type=\"widget\" data-widget_type=\"button.default\">\n\t\t\t\t<div class=\"elementor-widget-container\">\n\t\t\t\t\t<div class=\"elementor-button-wrapper\">\n\t\t\t<a class=\"elementor-button elementor-button-link elementor-size-sm\" href=\"http:\/\/potrerodemulas.mx\/es\/imagenes-de-cabana-chica-del-lago\/\">\n\t\t\t\t\t\t<span class=\"elementor-button-content-wrapper\">\n\t\t\t\t\t\t<span class=\"elementor-button-text\">Caba\u00f1a chica del lago<\/span>\n\t\t<\/span>\n\t\t\t\t\t<\/a>\n\t\t<\/div>\n\t\t\t\t<\/div>\n\t\t\t\t<\/div>\n\t\t\t\t\t<\/div>\n\t\t<\/div>\n\t\t\t\t<div class=\"elementor-column elementor-col-25 elementor-top-column elementor-element elementor-element-71ed99a\" data-id=\"71ed99a\" data-element_type=\"column\">\n\t\t\t<div class=\"elementor-widget-wrap elementor-element-populated\">\n\t\t\t\t\t\t<div class=\"elementor-element elementor-element-b35096a elementor-widget elementor-widget-button\" data-id=\"b35096a\" data-element_type=\"widget\" data-widget_type=\"button.default\">\n\t\t\t\t<div class=\"elementor-widget-container\">\n\t\t\t\t\t<div class=\"elementor-button-wrapper\">\n\t\t\t<a class=\"elementor-button elementor-button-link elementor-size-sm\" href=\"http:\/\/potrerodemulas.mx\/es\/imagenes-de-cabana-chica-panoramica\/\">\n\t\t\t\t\t\t<span class=\"elementor-button-content-wrapper\">\n\t\t\t\t\t\t<span class=\"elementor-button-text\">Caba\u00f1a chica panor\u00e0mica<\/span>\n\t\t<\/span>\n\t\t\t\t\t<\/a>\n\t\t<\/div>\n\t\t\t\t<\/div>\n\t\t\t\t<\/div>\n\t\t\t\t\t<\/div>\n\t\t<\/div>\n\t\t\t\t<div class=\"elementor-column elementor-col-25 elementor-top-column elementor-element elementor-element-c6c28fd\" data-id=\"c6c28fd\" data-element_type=\"column\">\n\t\t\t<div class=\"elementor-widget-wrap elementor-element-populated\">\n\t\t\t\t\t\t<div class=\"elementor-element elementor-element-7a03c40 elementor-widget elementor-widget-button\" data-id=\"7a03c40\" data-element_type=\"widget\" data-widget_type=\"button.default\">\n\t\t\t\t<div class=\"elementor-widget-container\">\n\t\t\t\t\t<div class=\"elementor-button-wrapper\">\n\t\t\t<a class=\"elementor-button elementor-button-link elementor-size-sm\" href=\"http:\/\/potrerodemulas.mx\/es\/imagenes-de-cabana-grande-del-lago\/\">\n\t\t\t\t\t\t<span class=\"elementor-button-content-wrapper\">\n\t\t\t\t\t\t<span class=\"elementor-button-text\">Caba\u00f1a grande del lago<\/span>\n\t\t<\/span>\n\t\t\t\t\t<\/a>\n\t\t<\/div>\n\t\t\t\t<\/div>\n\t\t\t\t<\/div>\n\t\t\t\t\t<\/div>\n\t\t<\/div>\n\t\t\t\t<div class=\"elementor-column elementor-col-25 elementor-top-column elementor-element elementor-element-f7539eb\" data-id=\"f7539eb\" data-element_type=\"column\">\n\t\t\t<div class=\"elementor-widget-wrap elementor-element-populated\">\n\t\t\t\t\t\t<div class=\"elementor-element elementor-element-957311a elementor-widget elementor-widget-button\" data-id=\"957311a\" data-element_type=\"widget\" data-widget_type=\"button.default\">\n\t\t\t\t<div class=\"elementor-widget-container\">\n\t\t\t\t\t<div class=\"elementor-button-wrapper\">\n\t\t\t<a class=\"elementor-button elementor-button-link elementor-size-sm\" href=\"http:\/\/potrerodemulas.mx\/es\/imagenes-de-cabana-grande-panoramica\/\">\n\t\t\t\t\t\t<span class=\"elementor-button-content-wrapper\">\n\t\t\t\t\t\t<span class=\"elementor-button-text\">Caba\u00f1a grande panor\u00e1mica<\/span>\n\t\t<\/span>\n\t\t\t\t\t<\/a>\n\t\t<\/div>\n\t\t\t\t<\/div>\n\t\t\t\t<\/div>\n\t\t\t\t\t<\/div>\n\t\t<\/div>\n\t\t\t\t\t<\/div>\n\t\t<\/section>\n\t\t\t\t<section class=\"elementor-section elementor-top-section elementor-element elementor-element-c636b60 elementor-section-boxed elementor-section-height-default elementor-section-height-default\" data-id=\"c636b60\" data-element_type=\"section\">\n\t\t\t\t\t\t<div class=\"elementor-container elementor-column-gap-default\">\n\t\t\t\t\t<div class=\"elementor-column elementor-col-100 elementor-top-column elementor-element elementor-element-6a1c409\" data-id=\"6a1c409\" data-element_type=\"column\">\n\t\t\t<div class=\"elementor-widget-wrap elementor-element-populated\">\n\t\t\t\t\t\t<div class=\"elementor-element elementor-element-34dbceb elementor-widget elementor-widget-image\" data-id=\"34dbceb\" data-element_type=\"widget\" data-widget_type=\"image.default\">\n\t\t\t\t<div class=\"elementor-widget-container\">\n\t\t\t<style>\/*! elementor - v3.20.0 - 26-03-2024 *\/\n.elementor-widget-image{text-align:center}.elementor-widget-image a{display:inline-block}.elementor-widget-image a img[src$=\".svg\"]{width:48px}.elementor-widget-image img{vertical-align:middle;display:inline-block}<\/style>\t\t\t\t\t\t\t\t\t\t<img fetchpriority=\"high\" decoding=\"async\" width=\"1024\" height=\"768\" src=\"http:\/\/potrerodemulas.mx\/es\/wp-content\/uploads\/2018\/11\/Caban\u0303a-chica-junto-al-lago-1-1024x768.jpg\" class=\"attachment-large size-large wp-image-282\" alt=\"\" srcset=\"http:\/\/potrerodemulas.mx\/es\/wp-content\/uploads\/2018\/11\/Caban\u0303a-chica-junto-al-lago-1-1024x768.jpg 1024w, http:\/\/potrerodemulas.mx\/es\/wp-content\/uploads\/2018\/11\/Caban\u0303a-chica-junto-al-lago-1-300x225.jpg 300w, http:\/\/potrerodemulas.mx\/es\/wp-content\/uploads\/2018\/11\/Caban\u0303a-chica-junto-al-lago-1-768x576.jpg 768w\" sizes=\"(max-width: 1024px) 100vw, 1024px\" \/>\t\t\t\t\t\t\t\t\t\t\t\t\t<\/div>\n\t\t\t\t<\/div>\n\t\t\t\t\t<\/div>\n\t\t<\/div>\n\t\t\t\t\t<\/div>\n\t\t<\/section>\n\t\t\t\t<\/div>\n\t\t","protected":false},"excerpt":{"rendered":"<p>Seleccione que imagenes desea ver dando clic en el bot\u00f3n correspondiente: Caba\u00f1a chica del lago Caba\u00f1a chica panor\u00e0mica Caba\u00f1a grande del lago Caba\u00f1a grande panor\u00e1mica<\/p>\n","protected":false},"author":1,"featured_media":0,"parent":0,"menu_order":0,"comment_status":"closed","ping_status":"closed","template":"","meta":{"footnotes":""},"yoast_head":"<!-- This site is optimized with the Yoast SEO plugin v22.3 - https:\/\/yoast.com\/wordpress\/plugins\/seo\/ -->\n<title>imagenes de caba\u00f1as - Potrero de mulas de San Sebastian del Oeste<\/title>\n<meta name=\"robots\" content=\"index, follow, max-snippet:-1, max-image-preview:large, max-video-preview:-1\" \/>\n<link rel=\"canonical\" href=\"http:\/\/potrerodemulas.mx\/es\/imagenes-de-cabanas\/\" \/>\n<meta property=\"og:locale\" content=\"es_MX\" \/>\n<meta property=\"og:type\" content=\"article\" \/>\n<meta property=\"og:title\" content=\"imagenes de caba\u00f1as - Potrero de mulas de San Sebastian del Oeste\" \/>\n<meta property=\"og:description\" content=\"Seleccione que imagenes desea ver dando clic en el bot\u00f3n correspondiente: Caba\u00f1a chica del lago Caba\u00f1a chica panor\u00e0mica Caba\u00f1a grande del lago Caba\u00f1a grande panor\u00e1mica\" \/>\n<meta property=\"og:url\" content=\"http:\/\/potrerodemulas.mx\/es\/imagenes-de-cabanas\/\" \/>\n<meta property=\"og:site_name\" content=\"Potrero de mulas de San Sebastian del Oeste\" \/>\n<meta property=\"article:publisher\" content=\"https:\/\/www.facebook.com\/potrerodemulas\" \/>\n<meta property=\"article:modified_time\" content=\"2018-11-13T20:03:13+00:00\" \/>\n<meta name=\"twitter:card\" content=\"summary_large_image\" \/>\n<script type=\"application\/ld+json\" class=\"yoast-schema-graph\">{\"@context\":\"https:\/\/schema.org\",\"@graph\":[{\"@type\":\"WebPage\",\"@id\":\"http:\/\/potrerodemulas.mx\/es\/imagenes-de-cabanas\/\",\"url\":\"http:\/\/potrerodemulas.mx\/es\/imagenes-de-cabanas\/\",\"name\":\"imagenes de caba\u00f1as - Potrero de mulas de San Sebastian del Oeste\",\"isPartOf\":{\"@id\":\"http:\/\/potrerodemulas.mx\/es\/#website\"},\"datePublished\":\"2018-11-13T19:06:39+00:00\",\"dateModified\":\"2018-11-13T20:03:13+00:00\",\"breadcrumb\":{\"@id\":\"http:\/\/potrerodemulas.mx\/es\/imagenes-de-cabanas\/#breadcrumb\"},\"inLanguage\":\"es-MX\",\"potentialAction\":[{\"@type\":\"ReadAction\",\"target\":[\"http:\/\/potrerodemulas.mx\/es\/imagenes-de-cabanas\/\"]}]},{\"@type\":\"BreadcrumbList\",\"@id\":\"http:\/\/potrerodemulas.mx\/es\/imagenes-de-cabanas\/#breadcrumb\",\"itemListElement\":[{\"@type\":\"ListItem\",\"position\":1,\"name\":\"Inicio\",\"item\":\"http:\/\/potrerodemulas.mx\/es\/\"},{\"@type\":\"ListItem\",\"position\":2,\"name\":\"imagenes de caba\u00f1as\"}]},{\"@type\":\"WebSite\",\"@id\":\"http:\/\/potrerodemulas.mx\/es\/#website\",\"url\":\"http:\/\/potrerodemulas.mx\/es\/\",\"name\":\"Potrero de mulas de San Sebastian del Oeste\",\"description\":\"Potrero de mulas ecoturismo amibental\",\"potentialAction\":[{\"@type\":\"SearchAction\",\"target\":{\"@type\":\"EntryPoint\",\"urlTemplate\":\"http:\/\/potrerodemulas.mx\/es\/?s={search_term_string}\"},\"query-input\":\"required name=search_term_string\"}],\"inLanguage\":\"es-MX\"}]}<\/script>\n<!-- \/ Yoast SEO plugin. -->","yoast_head_json":{"title":"imagenes de caba\u00f1as - Potrero de mulas de San Sebastian del Oeste","robots":{"index":"index","follow":"follow","max-snippet":"max-snippet:-1","max-image-preview":"max-image-preview:large","max-video-preview":"max-video-preview:-1"},"canonical":"http:\/\/potrerodemulas.mx\/es\/imagenes-de-cabanas\/","og_locale":"es_MX","og_type":"article","og_title":"imagenes de caba\u00f1as - Potrero de mulas de San Sebastian del Oeste","og_description":"Seleccione que imagenes desea ver dando clic en el bot\u00f3n correspondiente: Caba\u00f1a chica del lago Caba\u00f1a chica panor\u00e0mica Caba\u00f1a grande del lago Caba\u00f1a grande panor\u00e1mica","og_url":"http:\/\/potrerodemulas.mx\/es\/imagenes-de-cabanas\/","og_site_name":"Potrero de mulas de San Sebastian del Oeste","article_publisher":"https:\/\/www.facebook.com\/potrerodemulas","article_modified_time":"2018-11-13T20:03:13+00:00","twitter_card":"summary_large_image","schema":{"@context":"https:\/\/schema.org","@graph":[{"@type":"WebPage","@id":"http:\/\/potrerodemulas.mx\/es\/imagenes-de-cabanas\/","url":"http:\/\/potrerodemulas.mx\/es\/imagenes-de-cabanas\/","name":"imagenes de caba\u00f1as - Potrero de mulas de San Sebastian del Oeste","isPartOf":{"@id":"http:\/\/potrerodemulas.mx\/es\/#website"},"datePublished":"2018-11-13T19:06:39+00:00","dateModified":"2018-11-13T20:03:13+00:00","breadcrumb":{"@id":"http:\/\/potrerodemulas.mx\/es\/imagenes-de-cabanas\/#breadcrumb"},"inLanguage":"es-MX","potentialAction":[{"@type":"ReadAction","target":["http:\/\/potrerodemulas.mx\/es\/imagenes-de-cabanas\/"]}]},{"@type":"BreadcrumbList","@id":"http:\/\/potrerodemulas.mx\/es\/imagenes-de-cabanas\/#breadcrumb","itemListElement":[{"@type":"ListItem","position":1,"name":"Inicio","item":"http:\/\/potrerodemulas.mx\/es\/"},{"@type":"ListItem","position":2,"name":"imagenes de caba\u00f1as"}]},{"@type":"WebSite","@id":"http:\/\/potrerodemulas.mx\/es\/#website","url":"http:\/\/potrerodemulas.mx\/es\/","name":"Potrero de mulas de San Sebastian del Oeste","description":"Potrero de mulas ecoturismo amibental","potentialAction":[{"@type":"SearchAction","target":{"@type":"EntryPoint","urlTemplate":"http:\/\/potrerodemulas.mx\/es\/?s={search_term_string}"},"query-input":"required name=search_term_string"}],"inLanguage":"es-MX"}]}},"_links":{"self":[{"href":"http:\/\/potrerodemulas.mx\/es\/wp-json\/wp\/v2\/pages\/276"}],"collection":[{"href":"http:\/\/potrerodemulas.mx\/es\/wp-json\/wp\/v2\/pages"}],"about":[{"href":"http:\/\/potrerodemulas.mx\/es\/wp-json\/wp\/v2\/types\/page"}],"author":[{"embeddable":true,"href":"http:\/\/potrerodemulas.mx\/es\/wp-json\/wp\/v2\/users\/1"}],"replies":[{"embeddable":true,"href":"http:\/\/potrerodemulas.mx\/es\/wp-json\/wp\/v2\/comments?post=276"}],"version-history":[{"count":6,"href":"http:\/\/potrerodemulas.mx\/es\/wp-json\/wp\/v2\/pages\/276\/revisions"}],"predecessor-version":[{"id":359,"href":"http:\/\/potrerodemulas.mx\/es\/wp-json\/wp\/v2\/pages\/276\/revisions\/359"}],"wp:attachment":[{"href":"http:\/\/potrerodemulas.mx\/es\/wp-json\/wp\/v2\/media?parent=276"}],"curies":[{"name":"wp","href":"https:\/\/api.w.org\/{rel}","templated":true}]}}