{"id":153,"date":"2018-07-13T12:43:52","date_gmt":"2018-07-13T18:43:52","guid":{"rendered":"http:\/\/potrerodemulas.mx\/es\/?page_id=153"},"modified":"2018-07-13T12:45:41","modified_gmt":"2018-07-13T18:45:41","slug":"uma","status":"publish","type":"page","link":"http:\/\/potrerodemulas.mx\/es\/uma\/","title":{"rendered":"Uma"},"content":{"rendered":"\t\t<div data-elementor-type=\"wp-post\" data-elementor-id=\"153\" class=\"elementor elementor-153 elementor-bc-flex-widget\">\n\t\t\t\t\t\t<section class=\"elementor-section elementor-top-section elementor-element elementor-element-cf1ae90 elementor-section-boxed elementor-section-height-default elementor-section-height-default\" data-id=\"cf1ae90\" data-element_type=\"section\">\n\t\t\t\t\t\t<div class=\"elementor-container elementor-column-gap-default\">\n\t\t\t\t\t<div class=\"elementor-column elementor-col-100 elementor-top-column elementor-element elementor-element-096453c\" data-id=\"096453c\" data-element_type=\"column\">\n\t\t\t<div class=\"elementor-widget-wrap elementor-element-populated\">\n\t\t\t\t\t\t<div class=\"elementor-element elementor-element-f65d10d elementor-widget elementor-widget-spacer\" data-id=\"f65d10d\" data-element_type=\"widget\" data-widget_type=\"spacer.default\">\n\t\t\t\t<div class=\"elementor-widget-container\">\n\t\t\t<style>\/*! elementor - v3.20.0 - 26-03-2024 *\/\n.elementor-column .elementor-spacer-inner{height:var(--spacer-size)}.e-con{--container-widget-width:100%}.e-con-inner>.elementor-widget-spacer,.e-con>.elementor-widget-spacer{width:var(--container-widget-width,var(--spacer-size));--align-self:var(--container-widget-align-self,initial);--flex-shrink:0}.e-con-inner>.elementor-widget-spacer>.elementor-widget-container,.e-con>.elementor-widget-spacer>.elementor-widget-container{height:100%;width:100%}.e-con-inner>.elementor-widget-spacer>.elementor-widget-container>.elementor-spacer,.e-con>.elementor-widget-spacer>.elementor-widget-container>.elementor-spacer{height:100%}.e-con-inner>.elementor-widget-spacer>.elementor-widget-container>.elementor-spacer>.elementor-spacer-inner,.e-con>.elementor-widget-spacer>.elementor-widget-container>.elementor-spacer>.elementor-spacer-inner{height:var(--container-widget-height,var(--spacer-size))}.e-con-inner>.elementor-widget-spacer.elementor-widget-empty,.e-con>.elementor-widget-spacer.elementor-widget-empty{position:relative;min-height:22px;min-width:22px}.e-con-inner>.elementor-widget-spacer.elementor-widget-empty .elementor-widget-empty-icon,.e-con>.elementor-widget-spacer.elementor-widget-empty .elementor-widget-empty-icon{position:absolute;top:0;bottom:0;left:0;right:0;margin:auto;padding:0;width:22px;height:22px}<\/style>\t\t<div class=\"elementor-spacer\">\n\t\t\t<div class=\"elementor-spacer-inner\"><\/div>\n\t\t<\/div>\n\t\t\t\t<\/div>\n\t\t\t\t<\/div>\n\t\t\t\t\t<\/div>\n\t\t<\/div>\n\t\t\t\t\t<\/div>\n\t\t<\/section>\n\t\t\t\t<section class=\"elementor-section elementor-top-section elementor-element elementor-element-0405160 elementor-section-boxed elementor-section-height-default elementor-section-height-default\" data-id=\"0405160\" data-element_type=\"section\">\n\t\t\t\t\t\t<div class=\"elementor-container elementor-column-gap-default\">\n\t\t\t\t\t<div class=\"elementor-column elementor-col-100 elementor-top-column elementor-element elementor-element-fcaa86a\" data-id=\"fcaa86a\" data-element_type=\"column\">\n\t\t\t<div class=\"elementor-widget-wrap elementor-element-populated\">\n\t\t\t\t\t\t<div class=\"elementor-element elementor-element-68f9c8c elementor-widget elementor-widget-heading\" data-id=\"68f9c8c\" data-element_type=\"widget\" data-widget_type=\"heading.default\">\n\t\t\t\t<div class=\"elementor-widget-container\">\n\t\t\t<style>\/*! elementor - v3.20.0 - 26-03-2024 *\/\n.elementor-heading-title{padding:0;margin:0;line-height:1}.elementor-widget-heading .elementor-heading-title[class*=elementor-size-]>a{color:inherit;font-size:inherit;line-height:inherit}.elementor-widget-heading .elementor-heading-title.elementor-size-small{font-size:15px}.elementor-widget-heading .elementor-heading-title.elementor-size-medium{font-size:19px}.elementor-widget-heading .elementor-heading-title.elementor-size-large{font-size:29px}.elementor-widget-heading .elementor-heading-title.elementor-size-xl{font-size:39px}.elementor-widget-heading .elementor-heading-title.elementor-size-xxl{font-size:59px}<\/style><h2 class=\"elementor-heading-title elementor-size-large\">UMA's<\/h2>\t\t<\/div>\n\t\t\t\t<\/div>\n\t\t\t\t\t<\/div>\n\t\t<\/div>\n\t\t\t\t\t<\/div>\n\t\t<\/section>\n\t\t\t\t<section class=\"elementor-section elementor-top-section elementor-element elementor-element-5d81478 elementor-section-boxed elementor-section-height-default elementor-section-height-default\" data-id=\"5d81478\" data-element_type=\"section\">\n\t\t\t\t\t\t<div class=\"elementor-container elementor-column-gap-default\">\n\t\t\t\t\t<div class=\"elementor-column elementor-col-100 elementor-top-column elementor-element elementor-element-816420a\" data-id=\"816420a\" data-element_type=\"column\">\n\t\t\t<div class=\"elementor-widget-wrap elementor-element-populated\">\n\t\t\t\t\t\t<div class=\"elementor-element elementor-element-8ce155a elementor-widget elementor-widget-text-editor\" data-id=\"8ce155a\" data-element_type=\"widget\" data-widget_type=\"text-editor.default\">\n\t\t\t\t<div class=\"elementor-widget-container\">\n\t\t\t<style>\/*! elementor - v3.20.0 - 26-03-2024 *\/\n.elementor-widget-text-editor.elementor-drop-cap-view-stacked .elementor-drop-cap{background-color:#69727d;color:#fff}.elementor-widget-text-editor.elementor-drop-cap-view-framed .elementor-drop-cap{color:#69727d;border:3px solid;background-color:transparent}.elementor-widget-text-editor:not(.elementor-drop-cap-view-default) .elementor-drop-cap{margin-top:8px}.elementor-widget-text-editor:not(.elementor-drop-cap-view-default) .elementor-drop-cap-letter{width:1em;height:1em}.elementor-widget-text-editor .elementor-drop-cap{float:left;text-align:center;line-height:1;font-size:50px}.elementor-widget-text-editor .elementor-drop-cap-letter{display:inline-block}<\/style>\t\t\t\tUMA\u00b4s son todos aquellos predios e instalaciones registrados ante la Secretar\u00eda del Medio Ambiente y Recursos Naturales (SEMARNAT) que operan de conformidad con un plan de manejo aprobado y dentro de los cuales se da seguimiento permanente al estado del h\u00e1bitat y de poblaciones o ejemplares de la vida silvestre que ah\u00ed se distribuyen (con perspectivas de aprovechamiento sostenible).\n\nDe acuerdo al Articulo 39 de la Ley General de Vida Silvestre su objetivo es:\n\n\u201cConservaci\u00f3n de h\u00e1bitat natural, poblaciones y ejemplares de especies silvestres\u201d\n\nLa Secretar\u00eda de Medio Ambiente y Recursos Naturales Delegaci\u00f3n Jalisco, mediante oficio Num. SEMARNAT. UARN. DRNVS\/093 \/02 de fecha 2 de mayo del 2002, otorg\u00f3 el registro al predio Potrero de Mulas IV como UMA con vigencia definitiva con los siguientes datos:\n<table border=\"1\" width=\"487\" cellspacing=\"0\" cellpadding=\"5\" align=\"center\">\n<tbody>\n<tr>\n<th class=\"style32\" scope=\"col\" align=\"left\" bgcolor=\"#ffffff\" width=\"164\"><span class=\"style38\">Nombre de la UMA<\/span><\/th>\n<th class=\"style32\" scope=\"col\" align=\"left\" width=\"410\"><span class=\"style35\">Potrero de Mulas<\/span><\/th>\n<\/tr>\n<tr>\n<td class=\"style32\" bgcolor=\"#ffffff\"><span class=\"style38\">Ubicacion<\/span><\/td>\n<td class=\"style32\"><span class=\"style35\">Domicilio conocido, San Sebastian del Oeste<\/span><\/td>\n<\/tr>\n<tr>\n<td class=\"style32\" bgcolor=\"#ffffff\"><span class=\"style38\">Municipio<\/span><\/td>\n<td class=\"style32\"><span class=\"style35\">San Sebastian del Oeste, Jalisco<\/span><\/td>\n<\/tr>\n<tr>\n<td class=\"style32\" bgcolor=\"#ffffff\"><span class=\"style38\">Superficie Autorizada<\/span><\/td>\n<td class=\"style32\">3,834-86-29.69 hect\u00e1reas<\/td>\n<\/tr>\n<tr>\n<td class=\"style32\" bgcolor=\"#ffffff\"><span class=\"style38\">Clave del Registro<\/span><\/td>\n<td class=\"style32\"><span class=\"style35\">SEMARNAP-UMA-EX0034-JAL<\/span><\/td>\n<\/tr>\n<tr>\n<td class=\"style32\" bgcolor=\"#ffffff\"><span class=\"style38\">Tipo de Propiedad<\/span><\/td>\n<td class=\"style32\"><span class=\"style35\">Privada<\/span><\/td>\n<\/tr>\n<tr>\n<td class=\"style32\" bgcolor=\"#ffffff\"><span class=\"style38\">Finalidad de la UMA<\/span><\/td>\n<td class=\"style32\"><span class=\"style35\">Ecoturismo, conservaci\u00f3n e investigaci\u00f3n<\/span><\/td>\n<\/tr>\n<\/tbody>\n<\/table>\nEl registro se otorga para la conservaci\u00f3n y manejo de las siguientes especies:\n<table border=\"1\" width=\"487\" cellspacing=\"0\" cellpadding=\"5\" align=\"center\">\n<tbody>\n<tr>\n<th class=\"style32\" scope=\"col\" align=\"center\" bgcolor=\"#ffffff\" width=\"164\"><span class=\"style38\">Nombre Comun<\/span><\/th>\n<th class=\"style32\" scope=\"col\" align=\"center\" bgcolor=\"#ffffff\" width=\"410\"><span class=\"style38\">Nombre Cientifico<\/span><\/th>\n<\/tr>\n<tr>\n<td class=\"style32\"><span class=\"style35\">Chachalaca<\/span><\/td>\n<td class=\"style32\"><span class=\"Estilo2\">Ortalis Poliocephala<\/span><\/td>\n<\/tr>\n<tr>\n<td class=\"style32\"><span class=\"style35\">Venado cola blanca<\/span><\/td>\n<td class=\"style32\"><span class=\"Estilo2\">Odocoileus Virginianus<\/span><\/td>\n<\/tr>\n<tr>\n<td class=\"style35\">Jabal\u00ed de collar<\/td>\n<td class=\"style32\"><span class=\"Estilo2\">Pecari Tajacu<\/span><\/td>\n<\/tr>\n<tr>\n<td class=\"style35\">Choncho<\/td>\n<td class=\"style32\"><span class=\"Estilo2\">Pen\u00e9lope Purpurascens<\/span><\/td>\n<\/tr>\n<\/tbody>\n<\/table>\n<p class=\"style33\">El Plan de Manejo se autoriza mediante el Oficio No. SGPA\/DGVS.-05237, del 30 de junio del 2004, emitido por la Direcci\u00f3n General de Vida Silvestre; el 30 de agosto del 2007 mediante el ofcio Num. SGPARN.014.02.02.02\/217\/07\n\nse modifica el plan de manejo en donde se incluyen las siguientes especies:<\/p>\n\n<table border=\"1\" width=\"487\" cellspacing=\"0\" cellpadding=\"5\" align=\"center\">\n<tbody>\n<tr>\n<th class=\"style32\" scope=\"col\" align=\"center\" bgcolor=\"#ffffff\" width=\"164\"><span class=\"style38\">Nombre Comun<\/span><\/th>\n<th class=\"style32\" scope=\"col\" align=\"center\" bgcolor=\"#fffff\" width=\"297\"><span class=\"style38\">Nombre Cientifico<\/span><\/th>\n<\/tr>\n<tr>\n<td class=\"style32\"><span class=\"style35\">Helecho Arborescente<\/span><\/td>\n<td class=\"style32\"><span class=\"Estilo2\">Cyathea Costaricensis<\/span><\/td>\n<\/tr>\n<tr>\n<td class=\"style32\"><span class=\"style35\">Dioon<\/span><\/td>\n<td class=\"style32\"><span class=\"Estilo2\">Dioon Thomasellii<\/span><\/td>\n<\/tr>\n<tr>\n<td class=\"style35\">Zamia<\/td>\n<td class=\"style32\"><span class=\"Estilo2\">Zamia Paucijuga<\/span><\/td>\n<\/tr>\n<tr>\n<td class=\"style35\">Jaguar<\/td>\n<td class=\"style32\"><span class=\"Estilo2\">Panthera Onca<\/span><\/td>\n<\/tr>\n<\/tbody>\n<\/table>\n<p class=\"style33\">Asi como se circulo una superficie de 6000 mts cuadrados con malla especial venadera para la reproducci\u00f3n y posterior liberaci\u00f3n del Venado Cola Blanca\n\n<span class=\"style32\">La UMA Potrero de Mulas<\/span>\u00a0no esta permitido cualquier tipo de cacer\u00eda, es exclusivamente para conservaci\u00f3n y manejo de las especies autorizadas, no as\u00ed la cacer\u00eda de las especies mencionadas ni de ninguna otra.\n\n<em><strong>Mas informes:<\/strong><\/em>\nPara mayor informaci\u00f3n comunicarse a los telefonos celulares 322 2057119, 3222057152, o reserve haciendo click en la siguiente liga:<\/p>\t\t\t\t\t\t<\/div>\n\t\t\t\t<\/div>\n\t\t\t\t\t<\/div>\n\t\t<\/div>\n\t\t\t\t\t<\/div>\n\t\t<\/section>\n\t\t\t\t<section class=\"elementor-section elementor-top-section elementor-element elementor-element-58f6201 elementor-section-boxed elementor-section-height-default elementor-section-height-default\" data-id=\"58f6201\" data-element_type=\"section\">\n\t\t\t\t\t\t<div class=\"elementor-container elementor-column-gap-default\">\n\t\t\t\t\t<div class=\"elementor-column elementor-col-100 elementor-top-column elementor-element elementor-element-398ce7a\" data-id=\"398ce7a\" data-element_type=\"column\">\n\t\t\t<div class=\"elementor-widget-wrap elementor-element-populated\">\n\t\t\t\t\t\t<div class=\"elementor-element elementor-element-a4aa8f0 elementor-align-center elementor-widget elementor-widget-button\" data-id=\"a4aa8f0\" data-element_type=\"widget\" data-widget_type=\"button.default\">\n\t\t\t\t<div class=\"elementor-widget-container\">\n\t\t\t\t\t<div class=\"elementor-button-wrapper\">\n\t\t\t<a class=\"elementor-button elementor-button-link elementor-size-xl\" href=\"http:\/\/potrerodemulas.mx\/reservaciones.html\">\n\t\t\t\t\t\t<span class=\"elementor-button-content-wrapper\">\n\t\t\t\t\t\t<span class=\"elementor-button-text\">Reservar<\/span>\n\t\t<\/span>\n\t\t\t\t\t<\/a>\n\t\t<\/div>\n\t\t\t\t<\/div>\n\t\t\t\t<\/div>\n\t\t\t\t\t<\/div>\n\t\t<\/div>\n\t\t\t\t\t<\/div>\n\t\t<\/section>\n\t\t\t\t<\/div>\n\t\t","protected":false},"excerpt":{"rendered":"<p>UMA&#8217;s UMA\u00b4s son todos aquellos predios e instalaciones registrados ante la Secretar\u00eda del Medio Ambiente y Recursos Naturales (SEMARNAT) que operan de conformidad con un plan de manejo aprobado y dentro de los cuales se da seguimiento permanente al estado del h\u00e1bitat y de poblaciones o ejemplares de la vida silvestre que ah\u00ed se distribuyen [&hellip;]<\/p>\n","protected":false},"author":1,"featured_media":0,"parent":0,"menu_order":0,"comment_status":"closed","ping_status":"closed","template":"","meta":{"footnotes":""},"yoast_head":"<!-- This site is optimized with the Yoast SEO plugin v22.3 - https:\/\/yoast.com\/wordpress\/plugins\/seo\/ -->\n<title>Uma - Potrero de mulas de San Sebastian del Oeste<\/title>\n<meta name=\"robots\" content=\"index, follow, max-snippet:-1, max-image-preview:large, max-video-preview:-1\" \/>\n<link rel=\"canonical\" href=\"http:\/\/potrerodemulas.mx\/es\/uma\/\" \/>\n<meta property=\"og:locale\" content=\"es_MX\" \/>\n<meta property=\"og:type\" content=\"article\" \/>\n<meta property=\"og:title\" content=\"Uma - Potrero de mulas de San Sebastian del Oeste\" \/>\n<meta property=\"og:description\" content=\"UMA&#8217;s UMA\u00b4s son todos aquellos predios e instalaciones registrados ante la Secretar\u00eda del Medio Ambiente y Recursos Naturales (SEMARNAT) que operan de conformidad con un plan de manejo aprobado y dentro de los cuales se da seguimiento permanente al estado del h\u00e1bitat y de poblaciones o ejemplares de la vida silvestre que ah\u00ed se distribuyen [&hellip;]\" \/>\n<meta property=\"og:url\" content=\"http:\/\/potrerodemulas.mx\/es\/uma\/\" \/>\n<meta property=\"og:site_name\" content=\"Potrero de mulas de San Sebastian del Oeste\" \/>\n<meta property=\"article:publisher\" content=\"https:\/\/www.facebook.com\/potrerodemulas\" \/>\n<meta property=\"article:modified_time\" content=\"2018-07-13T18:45:41+00:00\" \/>\n<meta name=\"twitter:card\" content=\"summary_large_image\" \/>\n<meta name=\"twitter:label1\" content=\"Tiempo de lectura\" \/>\n\t<meta name=\"twitter:data1\" content=\"2 minutos\" \/>\n<script type=\"application\/ld+json\" class=\"yoast-schema-graph\">{\"@context\":\"https:\/\/schema.org\",\"@graph\":[{\"@type\":\"WebPage\",\"@id\":\"http:\/\/potrerodemulas.mx\/es\/uma\/\",\"url\":\"http:\/\/potrerodemulas.mx\/es\/uma\/\",\"name\":\"Uma - Potrero de mulas de San Sebastian del Oeste\",\"isPartOf\":{\"@id\":\"http:\/\/potrerodemulas.mx\/es\/#website\"},\"datePublished\":\"2018-07-13T18:43:52+00:00\",\"dateModified\":\"2018-07-13T18:45:41+00:00\",\"breadcrumb\":{\"@id\":\"http:\/\/potrerodemulas.mx\/es\/uma\/#breadcrumb\"},\"inLanguage\":\"es-MX\",\"potentialAction\":[{\"@type\":\"ReadAction\",\"target\":[\"http:\/\/potrerodemulas.mx\/es\/uma\/\"]}]},{\"@type\":\"BreadcrumbList\",\"@id\":\"http:\/\/potrerodemulas.mx\/es\/uma\/#breadcrumb\",\"itemListElement\":[{\"@type\":\"ListItem\",\"position\":1,\"name\":\"Inicio\",\"item\":\"http:\/\/potrerodemulas.mx\/es\/\"},{\"@type\":\"ListItem\",\"position\":2,\"name\":\"Uma\"}]},{\"@type\":\"WebSite\",\"@id\":\"http:\/\/potrerodemulas.mx\/es\/#website\",\"url\":\"http:\/\/potrerodemulas.mx\/es\/\",\"name\":\"Potrero de mulas de San Sebastian del Oeste\",\"description\":\"Potrero de mulas ecoturismo amibental\",\"potentialAction\":[{\"@type\":\"SearchAction\",\"target\":{\"@type\":\"EntryPoint\",\"urlTemplate\":\"http:\/\/potrerodemulas.mx\/es\/?s={search_term_string}\"},\"query-input\":\"required name=search_term_string\"}],\"inLanguage\":\"es-MX\"}]}<\/script>\n<!-- \/ Yoast SEO plugin. -->","yoast_head_json":{"title":"Uma - Potrero de mulas de San Sebastian del Oeste","robots":{"index":"index","follow":"follow","max-snippet":"max-snippet:-1","max-image-preview":"max-image-preview:large","max-video-preview":"max-video-preview:-1"},"canonical":"http:\/\/potrerodemulas.mx\/es\/uma\/","og_locale":"es_MX","og_type":"article","og_title":"Uma - Potrero de mulas de San Sebastian del Oeste","og_description":"UMA&#8217;s UMA\u00b4s son todos aquellos predios e instalaciones registrados ante la Secretar\u00eda del Medio Ambiente y Recursos Naturales (SEMARNAT) que operan de conformidad con un plan de manejo aprobado y dentro de los cuales se da seguimiento permanente al estado del h\u00e1bitat y de poblaciones o ejemplares de la vida silvestre que ah\u00ed se distribuyen [&hellip;]","og_url":"http:\/\/potrerodemulas.mx\/es\/uma\/","og_site_name":"Potrero de mulas de San Sebastian del Oeste","article_publisher":"https:\/\/www.facebook.com\/potrerodemulas","article_modified_time":"2018-07-13T18:45:41+00:00","twitter_card":"summary_large_image","twitter_misc":{"Tiempo de lectura":"2 minutos"},"schema":{"@context":"https:\/\/schema.org","@graph":[{"@type":"WebPage","@id":"http:\/\/potrerodemulas.mx\/es\/uma\/","url":"http:\/\/potrerodemulas.mx\/es\/uma\/","name":"Uma - Potrero de mulas de San Sebastian del Oeste","isPartOf":{"@id":"http:\/\/potrerodemulas.mx\/es\/#website"},"datePublished":"2018-07-13T18:43:52+00:00","dateModified":"2018-07-13T18:45:41+00:00","breadcrumb":{"@id":"http:\/\/potrerodemulas.mx\/es\/uma\/#breadcrumb"},"inLanguage":"es-MX","potentialAction":[{"@type":"ReadAction","target":["http:\/\/potrerodemulas.mx\/es\/uma\/"]}]},{"@type":"BreadcrumbList","@id":"http:\/\/potrerodemulas.mx\/es\/uma\/#breadcrumb","itemListElement":[{"@type":"ListItem","position":1,"name":"Inicio","item":"http:\/\/potrerodemulas.mx\/es\/"},{"@type":"ListItem","position":2,"name":"Uma"}]},{"@type":"WebSite","@id":"http:\/\/potrerodemulas.mx\/es\/#website","url":"http:\/\/potrerodemulas.mx\/es\/","name":"Potrero de mulas de San Sebastian del Oeste","description":"Potrero de mulas ecoturismo amibental","potentialAction":[{"@type":"SearchAction","target":{"@type":"EntryPoint","urlTemplate":"http:\/\/potrerodemulas.mx\/es\/?s={search_term_string}"},"query-input":"required name=search_term_string"}],"inLanguage":"es-MX"}]}},"_links":{"self":[{"href":"http:\/\/potrerodemulas.mx\/es\/wp-json\/wp\/v2\/pages\/153"}],"collection":[{"href":"http:\/\/potrerodemulas.mx\/es\/wp-json\/wp\/v2\/pages"}],"about":[{"href":"http:\/\/potrerodemulas.mx\/es\/wp-json\/wp\/v2\/types\/page"}],"author":[{"embeddable":true,"href":"http:\/\/potrerodemulas.mx\/es\/wp-json\/wp\/v2\/users\/1"}],"replies":[{"embeddable":true,"href":"http:\/\/potrerodemulas.mx\/es\/wp-json\/wp\/v2\/comments?post=153"}],"version-history":[{"count":1,"href":"http:\/\/potrerodemulas.mx\/es\/wp-json\/wp\/v2\/pages\/153\/revisions"}],"predecessor-version":[{"id":154,"href":"http:\/\/potrerodemulas.mx\/es\/wp-json\/wp\/v2\/pages\/153\/revisions\/154"}],"wp:attachment":[{"href":"http:\/\/potrerodemulas.mx\/es\/wp-json\/wp\/v2\/media?parent=153"}],"curies":[{"name":"wp","href":"https:\/\/api.w.org\/{rel}","templated":true}]}}