{"id":123,"date":"2018-07-13T10:07:23","date_gmt":"2018-07-13T16:07:23","guid":{"rendered":"http:\/\/potrerodemulas.mx\/es\/?page_id=123"},"modified":"2018-07-13T12:28:14","modified_gmt":"2018-07-13T18:28:14","slug":"ciclismo-de-montana","status":"publish","type":"page","link":"http:\/\/potrerodemulas.mx\/es\/ciclismo-de-montana\/","title":{"rendered":"Ciclismo de monta\u00f1a"},"content":{"rendered":"\t\t<div data-elementor-type=\"wp-post\" data-elementor-id=\"123\" class=\"elementor elementor-123 elementor-bc-flex-widget\">\n\t\t\t\t\t\t<section class=\"elementor-section elementor-top-section elementor-element elementor-element-3a1a352 elementor-section-boxed elementor-section-height-default elementor-section-height-default\" data-id=\"3a1a352\" data-element_type=\"section\">\n\t\t\t\t\t\t<div class=\"elementor-container elementor-column-gap-default\">\n\t\t\t\t\t<div class=\"elementor-column elementor-col-100 elementor-top-column elementor-element elementor-element-fad5844\" data-id=\"fad5844\" data-element_type=\"column\">\n\t\t\t<div class=\"elementor-widget-wrap elementor-element-populated\">\n\t\t\t\t\t\t<div class=\"elementor-element elementor-element-d00e1f2 elementor-widget elementor-widget-spacer\" data-id=\"d00e1f2\" data-element_type=\"widget\" data-widget_type=\"spacer.default\">\n\t\t\t\t<div class=\"elementor-widget-container\">\n\t\t\t<style>\/*! elementor - v3.20.0 - 26-03-2024 *\/\n.elementor-column .elementor-spacer-inner{height:var(--spacer-size)}.e-con{--container-widget-width:100%}.e-con-inner>.elementor-widget-spacer,.e-con>.elementor-widget-spacer{width:var(--container-widget-width,var(--spacer-size));--align-self:var(--container-widget-align-self,initial);--flex-shrink:0}.e-con-inner>.elementor-widget-spacer>.elementor-widget-container,.e-con>.elementor-widget-spacer>.elementor-widget-container{height:100%;width:100%}.e-con-inner>.elementor-widget-spacer>.elementor-widget-container>.elementor-spacer,.e-con>.elementor-widget-spacer>.elementor-widget-container>.elementor-spacer{height:100%}.e-con-inner>.elementor-widget-spacer>.elementor-widget-container>.elementor-spacer>.elementor-spacer-inner,.e-con>.elementor-widget-spacer>.elementor-widget-container>.elementor-spacer>.elementor-spacer-inner{height:var(--container-widget-height,var(--spacer-size))}.e-con-inner>.elementor-widget-spacer.elementor-widget-empty,.e-con>.elementor-widget-spacer.elementor-widget-empty{position:relative;min-height:22px;min-width:22px}.e-con-inner>.elementor-widget-spacer.elementor-widget-empty .elementor-widget-empty-icon,.e-con>.elementor-widget-spacer.elementor-widget-empty .elementor-widget-empty-icon{position:absolute;top:0;bottom:0;left:0;right:0;margin:auto;padding:0;width:22px;height:22px}<\/style>\t\t<div class=\"elementor-spacer\">\n\t\t\t<div class=\"elementor-spacer-inner\"><\/div>\n\t\t<\/div>\n\t\t\t\t<\/div>\n\t\t\t\t<\/div>\n\t\t\t\t\t<\/div>\n\t\t<\/div>\n\t\t\t\t\t<\/div>\n\t\t<\/section>\n\t\t\t\t<section class=\"elementor-section elementor-top-section elementor-element elementor-element-fd6f482 elementor-section-boxed elementor-section-height-default elementor-section-height-default\" data-id=\"fd6f482\" data-element_type=\"section\">\n\t\t\t\t\t\t<div class=\"elementor-container elementor-column-gap-default\">\n\t\t\t\t\t<div class=\"elementor-column elementor-col-100 elementor-top-column elementor-element elementor-element-a10461f\" data-id=\"a10461f\" data-element_type=\"column\">\n\t\t\t<div class=\"elementor-widget-wrap elementor-element-populated\">\n\t\t\t\t\t\t<div class=\"elementor-element elementor-element-b1239b5 elementor-widget elementor-widget-heading\" data-id=\"b1239b5\" data-element_type=\"widget\" data-widget_type=\"heading.default\">\n\t\t\t\t<div class=\"elementor-widget-container\">\n\t\t\t<style>\/*! elementor - v3.20.0 - 26-03-2024 *\/\n.elementor-heading-title{padding:0;margin:0;line-height:1}.elementor-widget-heading .elementor-heading-title[class*=elementor-size-]>a{color:inherit;font-size:inherit;line-height:inherit}.elementor-widget-heading .elementor-heading-title.elementor-size-small{font-size:15px}.elementor-widget-heading .elementor-heading-title.elementor-size-medium{font-size:19px}.elementor-widget-heading .elementor-heading-title.elementor-size-large{font-size:29px}.elementor-widget-heading .elementor-heading-title.elementor-size-xl{font-size:39px}.elementor-widget-heading .elementor-heading-title.elementor-size-xxl{font-size:59px}<\/style><h2 class=\"elementor-heading-title elementor-size-large\">Ciclismo de monta\u00f1a<\/h2>\t\t<\/div>\n\t\t\t\t<\/div>\n\t\t\t\t\t<\/div>\n\t\t<\/div>\n\t\t\t\t\t<\/div>\n\t\t<\/section>\n\t\t\t\t<section class=\"elementor-section elementor-top-section elementor-element elementor-element-1650dfb elementor-section-boxed elementor-section-height-default elementor-section-height-default\" data-id=\"1650dfb\" data-element_type=\"section\">\n\t\t\t\t\t\t<div class=\"elementor-container elementor-column-gap-default\">\n\t\t\t\t\t<div class=\"elementor-column elementor-col-100 elementor-top-column elementor-element elementor-element-e24e318\" data-id=\"e24e318\" data-element_type=\"column\">\n\t\t\t<div class=\"elementor-widget-wrap elementor-element-populated\">\n\t\t\t\t\t\t<div class=\"elementor-element elementor-element-d37468c elementor-widget elementor-widget-text-editor\" data-id=\"d37468c\" data-element_type=\"widget\" data-widget_type=\"text-editor.default\">\n\t\t\t\t<div class=\"elementor-widget-container\">\n\t\t\t<style>\/*! elementor - v3.20.0 - 26-03-2024 *\/\n.elementor-widget-text-editor.elementor-drop-cap-view-stacked .elementor-drop-cap{background-color:#69727d;color:#fff}.elementor-widget-text-editor.elementor-drop-cap-view-framed .elementor-drop-cap{color:#69727d;border:3px solid;background-color:transparent}.elementor-widget-text-editor:not(.elementor-drop-cap-view-default) .elementor-drop-cap{margin-top:8px}.elementor-widget-text-editor:not(.elementor-drop-cap-view-default) .elementor-drop-cap-letter{width:1em;height:1em}.elementor-widget-text-editor .elementor-drop-cap{float:left;text-align:center;line-height:1;font-size:50px}.elementor-widget-text-editor .elementor-drop-cap-letter{display:inline-block}<\/style>\t\t\t\t<p>La ubicaci\u00f3n de la UMA potrero de mulas, esta a 20 kms. al oeste del poblado de San Sebastian y por el otro lado a 30 kms. de Puerto Vallarta (al este), dentro de la UMA potrero de mulas se dise\u00f1o sobre los caminos antiguos forestales una ruta interna de dificultad media con pendientes m\u00e1ximas de 25 grados y una longitud de 6 kilometros, la cual parte del area de caba\u00f1as, sube al portezuelo de la lechuguilla, baja al arroyo de las cacharreras, rodea el filo del cerro y regresa al lugar de partida. La ruta esta se\u00f1alada mediante flechas.<br \/>Regularmente ciclistas experimentados han recorrido la ruta desde mascota a San Sebastian pasando el cerro de la bufa, la Estancia, Potrero de Mulas y Puerto Vallarta,\u00a0<br \/>Precios:<br \/>$50 adultos por recorrido que aproximadamente dura de dos a tres horas con sus propias bicicletas.<\/p>\t\t\t\t\t\t<\/div>\n\t\t\t\t<\/div>\n\t\t\t\t\t<\/div>\n\t\t<\/div>\n\t\t\t\t\t<\/div>\n\t\t<\/section>\n\t\t\t\t<section class=\"elementor-section elementor-top-section elementor-element elementor-element-e6937b8 elementor-section-boxed elementor-section-height-default elementor-section-height-default\" data-id=\"e6937b8\" data-element_type=\"section\">\n\t\t\t\t\t\t<div class=\"elementor-container elementor-column-gap-default\">\n\t\t\t\t\t<div class=\"elementor-column elementor-col-100 elementor-top-column elementor-element elementor-element-56c416c\" data-id=\"56c416c\" data-element_type=\"column\">\n\t\t\t<div class=\"elementor-widget-wrap elementor-element-populated\">\n\t\t\t\t\t\t<div class=\"elementor-element elementor-element-c11536c elementor-arrows-position-inside elementor-pagination-position-outside elementor-widget elementor-widget-image-carousel\" data-id=\"c11536c\" data-element_type=\"widget\" data-settings=\"{&quot;slides_to_show&quot;:&quot;2&quot;,&quot;navigation&quot;:&quot;both&quot;,&quot;autoplay&quot;:&quot;yes&quot;,&quot;pause_on_hover&quot;:&quot;yes&quot;,&quot;pause_on_interaction&quot;:&quot;yes&quot;,&quot;autoplay_speed&quot;:5000,&quot;infinite&quot;:&quot;yes&quot;,&quot;speed&quot;:500}\" data-widget_type=\"image-carousel.default\">\n\t\t\t\t<div class=\"elementor-widget-container\">\n\t\t\t<style>\/*! elementor - v3.20.0 - 26-03-2024 *\/\n.elementor-widget-image-carousel .swiper,.elementor-widget-image-carousel .swiper-container{position:static}.elementor-widget-image-carousel .swiper-container .swiper-slide figure,.elementor-widget-image-carousel .swiper .swiper-slide figure{line-height:inherit}.elementor-widget-image-carousel .swiper-slide{text-align:center}.elementor-image-carousel-wrapper:not(.swiper-container-initialized):not(.swiper-initialized) .swiper-slide{max-width:calc(100% \/ var(--e-image-carousel-slides-to-show, 3))}<\/style>\t\t<div class=\"elementor-image-carousel-wrapper swiper\" dir=\"ltr\">\n\t\t\t<div class=\"elementor-image-carousel swiper-wrapper\" aria-live=\"off\">\n\t\t\t\t\t\t\t\t<div class=\"swiper-slide\" role=\"group\" aria-roledescription=\"slide\" aria-label=\"1 de 2\"><figure class=\"swiper-slide-inner\"><img decoding=\"async\" class=\"swiper-slide-image\" src=\"http:\/\/potrerodemulas.mx\/es\/wp-content\/uploads\/2018\/07\/ciclismo1-300x193.png\" alt=\"ciclismo1\" \/><\/figure><\/div><div class=\"swiper-slide\" role=\"group\" aria-roledescription=\"slide\" aria-label=\"2 de 2\"><figure class=\"swiper-slide-inner\"><img decoding=\"async\" class=\"swiper-slide-image\" src=\"http:\/\/potrerodemulas.mx\/es\/wp-content\/uploads\/2018\/07\/ciclismo3-300x190.png\" alt=\"ciclismo3\" \/><\/figure><\/div>\t\t\t<\/div>\n\t\t\t\t\t\t\t\t\t\t\t\t<div class=\"elementor-swiper-button elementor-swiper-button-prev\" role=\"button\" tabindex=\"0\">\n\t\t\t\t\t\t<svg aria-hidden=\"true\" class=\"e-font-icon-svg e-eicon-chevron-left\" viewBox=\"0 0 1000 1000\" xmlns=\"http:\/\/www.w3.org\/2000\/svg\"><path d=\"M646 125C629 125 613 133 604 142L308 442C296 454 292 471 292 487 292 504 296 521 308 533L604 854C617 867 629 875 646 875 663 875 679 871 692 858 704 846 713 829 713 812 713 796 708 779 692 767L438 487 692 225C700 217 708 204 708 187 708 171 704 154 692 142 675 129 663 125 646 125Z\"><\/path><\/svg>\t\t\t\t\t<\/div>\n\t\t\t\t\t<div class=\"elementor-swiper-button elementor-swiper-button-next\" role=\"button\" tabindex=\"0\">\n\t\t\t\t\t\t<svg aria-hidden=\"true\" class=\"e-font-icon-svg e-eicon-chevron-right\" viewBox=\"0 0 1000 1000\" xmlns=\"http:\/\/www.w3.org\/2000\/svg\"><path d=\"M696 533C708 521 713 504 713 487 713 471 708 454 696 446L400 146C388 133 375 125 354 125 338 125 325 129 313 142 300 154 292 171 292 187 292 204 296 221 308 233L563 492 304 771C292 783 288 800 288 817 288 833 296 850 308 863 321 871 338 875 354 875 371 875 388 867 400 854L696 533Z\"><\/path><\/svg>\t\t\t\t\t<\/div>\n\t\t\t\t\n\t\t\t\t\t\t\t\t\t<div class=\"swiper-pagination\"><\/div>\n\t\t\t\t\t\t\t\t\t<\/div>\n\t\t\t\t<\/div>\n\t\t\t\t<\/div>\n\t\t\t\t<div class=\"elementor-element elementor-element-4b853bb elementor-align-center elementor-widget elementor-widget-button\" data-id=\"4b853bb\" data-element_type=\"widget\" data-widget_type=\"button.default\">\n\t\t\t\t<div class=\"elementor-widget-container\">\n\t\t\t\t\t<div class=\"elementor-button-wrapper\">\n\t\t\t<a class=\"elementor-button elementor-button-link elementor-size-xl\" href=\"http:\/\/potrerodemulas.mx\/reservaciones.html\">\n\t\t\t\t\t\t<span class=\"elementor-button-content-wrapper\">\n\t\t\t\t\t\t<span class=\"elementor-button-text\">Reservar<\/span>\n\t\t<\/span>\n\t\t\t\t\t<\/a>\n\t\t<\/div>\n\t\t\t\t<\/div>\n\t\t\t\t<\/div>\n\t\t\t\t\t<\/div>\n\t\t<\/div>\n\t\t\t\t\t<\/div>\n\t\t<\/section>\n\t\t\t\t<\/div>\n\t\t","protected":false},"excerpt":{"rendered":"<p>Ciclismo de monta\u00f1a La ubicaci\u00f3n de la UMA potrero de mulas, esta a 20 kms. al oeste del poblado de San Sebastian y por el otro lado a 30 kms. de Puerto Vallarta (al este), dentro de la UMA potrero de mulas se dise\u00f1o sobre los caminos antiguos forestales una ruta interna de dificultad media [&hellip;]<\/p>\n","protected":false},"author":1,"featured_media":0,"parent":0,"menu_order":0,"comment_status":"closed","ping_status":"closed","template":"","meta":{"footnotes":""},"yoast_head":"<!-- This site is optimized with the Yoast SEO plugin v22.3 - https:\/\/yoast.com\/wordpress\/plugins\/seo\/ -->\n<title>Ciclismo de monta\u00f1a - Potrero de mulas de San Sebastian del Oeste<\/title>\n<meta name=\"robots\" content=\"index, follow, max-snippet:-1, max-image-preview:large, max-video-preview:-1\" \/>\n<link rel=\"canonical\" href=\"http:\/\/potrerodemulas.mx\/es\/ciclismo-de-montana\/\" \/>\n<meta property=\"og:locale\" content=\"es_MX\" \/>\n<meta property=\"og:type\" content=\"article\" \/>\n<meta property=\"og:title\" content=\"Ciclismo de monta\u00f1a - Potrero de mulas de San Sebastian del Oeste\" \/>\n<meta property=\"og:description\" content=\"Ciclismo de monta\u00f1a La ubicaci\u00f3n de la UMA potrero de mulas, esta a 20 kms. al oeste del poblado de San Sebastian y por el otro lado a 30 kms. de Puerto Vallarta (al este), dentro de la UMA potrero de mulas se dise\u00f1o sobre los caminos antiguos forestales una ruta interna de dificultad media [&hellip;]\" \/>\n<meta property=\"og:url\" content=\"http:\/\/potrerodemulas.mx\/es\/ciclismo-de-montana\/\" \/>\n<meta property=\"og:site_name\" content=\"Potrero de mulas de San Sebastian del Oeste\" \/>\n<meta property=\"article:publisher\" content=\"https:\/\/www.facebook.com\/potrerodemulas\" \/>\n<meta property=\"article:modified_time\" content=\"2018-07-13T18:28:14+00:00\" \/>\n<meta property=\"og:image\" content=\"http:\/\/potrerodemulas.mx\/es\/wp-content\/uploads\/2018\/07\/ciclismo1-300x193.png\" \/>\n<meta name=\"twitter:card\" content=\"summary_large_image\" \/>\n<meta name=\"twitter:label1\" content=\"Tiempo de lectura\" \/>\n\t<meta name=\"twitter:data1\" content=\"1 minuto\" \/>\n<script type=\"application\/ld+json\" class=\"yoast-schema-graph\">{\"@context\":\"https:\/\/schema.org\",\"@graph\":[{\"@type\":\"WebPage\",\"@id\":\"http:\/\/potrerodemulas.mx\/es\/ciclismo-de-montana\/\",\"url\":\"http:\/\/potrerodemulas.mx\/es\/ciclismo-de-montana\/\",\"name\":\"Ciclismo de monta\u00f1a - Potrero de mulas de San Sebastian del Oeste\",\"isPartOf\":{\"@id\":\"http:\/\/potrerodemulas.mx\/es\/#website\"},\"primaryImageOfPage\":{\"@id\":\"http:\/\/potrerodemulas.mx\/es\/ciclismo-de-montana\/#primaryimage\"},\"image\":{\"@id\":\"http:\/\/potrerodemulas.mx\/es\/ciclismo-de-montana\/#primaryimage\"},\"thumbnailUrl\":\"http:\/\/potrerodemulas.mx\/es\/wp-content\/uploads\/2018\/07\/ciclismo1-300x193.png\",\"datePublished\":\"2018-07-13T16:07:23+00:00\",\"dateModified\":\"2018-07-13T18:28:14+00:00\",\"breadcrumb\":{\"@id\":\"http:\/\/potrerodemulas.mx\/es\/ciclismo-de-montana\/#breadcrumb\"},\"inLanguage\":\"es-MX\",\"potentialAction\":[{\"@type\":\"ReadAction\",\"target\":[\"http:\/\/potrerodemulas.mx\/es\/ciclismo-de-montana\/\"]}]},{\"@type\":\"ImageObject\",\"inLanguage\":\"es-MX\",\"@id\":\"http:\/\/potrerodemulas.mx\/es\/ciclismo-de-montana\/#primaryimage\",\"url\":\"http:\/\/potrerodemulas.mx\/es\/wp-content\/uploads\/2018\/07\/ciclismo1.png\",\"contentUrl\":\"http:\/\/potrerodemulas.mx\/es\/wp-content\/uploads\/2018\/07\/ciclismo1.png\",\"width\":782,\"height\":504},{\"@type\":\"BreadcrumbList\",\"@id\":\"http:\/\/potrerodemulas.mx\/es\/ciclismo-de-montana\/#breadcrumb\",\"itemListElement\":[{\"@type\":\"ListItem\",\"position\":1,\"name\":\"Inicio\",\"item\":\"http:\/\/potrerodemulas.mx\/es\/\"},{\"@type\":\"ListItem\",\"position\":2,\"name\":\"Ciclismo de monta\u00f1a\"}]},{\"@type\":\"WebSite\",\"@id\":\"http:\/\/potrerodemulas.mx\/es\/#website\",\"url\":\"http:\/\/potrerodemulas.mx\/es\/\",\"name\":\"Potrero de mulas de San Sebastian del Oeste\",\"description\":\"Potrero de mulas ecoturismo amibental\",\"potentialAction\":[{\"@type\":\"SearchAction\",\"target\":{\"@type\":\"EntryPoint\",\"urlTemplate\":\"http:\/\/potrerodemulas.mx\/es\/?s={search_term_string}\"},\"query-input\":\"required name=search_term_string\"}],\"inLanguage\":\"es-MX\"}]}<\/script>\n<!-- \/ Yoast SEO plugin. -->","yoast_head_json":{"title":"Ciclismo de monta\u00f1a - Potrero de mulas de San Sebastian del Oeste","robots":{"index":"index","follow":"follow","max-snippet":"max-snippet:-1","max-image-preview":"max-image-preview:large","max-video-preview":"max-video-preview:-1"},"canonical":"http:\/\/potrerodemulas.mx\/es\/ciclismo-de-montana\/","og_locale":"es_MX","og_type":"article","og_title":"Ciclismo de monta\u00f1a - Potrero de mulas de San Sebastian del Oeste","og_description":"Ciclismo de monta\u00f1a La ubicaci\u00f3n de la UMA potrero de mulas, esta a 20 kms. al oeste del poblado de San Sebastian y por el otro lado a 30 kms. de Puerto Vallarta (al este), dentro de la UMA potrero de mulas se dise\u00f1o sobre los caminos antiguos forestales una ruta interna de dificultad media [&hellip;]","og_url":"http:\/\/potrerodemulas.mx\/es\/ciclismo-de-montana\/","og_site_name":"Potrero de mulas de San Sebastian del Oeste","article_publisher":"https:\/\/www.facebook.com\/potrerodemulas","article_modified_time":"2018-07-13T18:28:14+00:00","og_image":[{"url":"http:\/\/potrerodemulas.mx\/es\/wp-content\/uploads\/2018\/07\/ciclismo1-300x193.png"}],"twitter_card":"summary_large_image","twitter_misc":{"Tiempo de lectura":"1 minuto"},"schema":{"@context":"https:\/\/schema.org","@graph":[{"@type":"WebPage","@id":"http:\/\/potrerodemulas.mx\/es\/ciclismo-de-montana\/","url":"http:\/\/potrerodemulas.mx\/es\/ciclismo-de-montana\/","name":"Ciclismo de monta\u00f1a - Potrero de mulas de San Sebastian del Oeste","isPartOf":{"@id":"http:\/\/potrerodemulas.mx\/es\/#website"},"primaryImageOfPage":{"@id":"http:\/\/potrerodemulas.mx\/es\/ciclismo-de-montana\/#primaryimage"},"image":{"@id":"http:\/\/potrerodemulas.mx\/es\/ciclismo-de-montana\/#primaryimage"},"thumbnailUrl":"http:\/\/potrerodemulas.mx\/es\/wp-content\/uploads\/2018\/07\/ciclismo1-300x193.png","datePublished":"2018-07-13T16:07:23+00:00","dateModified":"2018-07-13T18:28:14+00:00","breadcrumb":{"@id":"http:\/\/potrerodemulas.mx\/es\/ciclismo-de-montana\/#breadcrumb"},"inLanguage":"es-MX","potentialAction":[{"@type":"ReadAction","target":["http:\/\/potrerodemulas.mx\/es\/ciclismo-de-montana\/"]}]},{"@type":"ImageObject","inLanguage":"es-MX","@id":"http:\/\/potrerodemulas.mx\/es\/ciclismo-de-montana\/#primaryimage","url":"http:\/\/potrerodemulas.mx\/es\/wp-content\/uploads\/2018\/07\/ciclismo1.png","contentUrl":"http:\/\/potrerodemulas.mx\/es\/wp-content\/uploads\/2018\/07\/ciclismo1.png","width":782,"height":504},{"@type":"BreadcrumbList","@id":"http:\/\/potrerodemulas.mx\/es\/ciclismo-de-montana\/#breadcrumb","itemListElement":[{"@type":"ListItem","position":1,"name":"Inicio","item":"http:\/\/potrerodemulas.mx\/es\/"},{"@type":"ListItem","position":2,"name":"Ciclismo de monta\u00f1a"}]},{"@type":"WebSite","@id":"http:\/\/potrerodemulas.mx\/es\/#website","url":"http:\/\/potrerodemulas.mx\/es\/","name":"Potrero de mulas de San Sebastian del Oeste","description":"Potrero de mulas ecoturismo amibental","potentialAction":[{"@type":"SearchAction","target":{"@type":"EntryPoint","urlTemplate":"http:\/\/potrerodemulas.mx\/es\/?s={search_term_string}"},"query-input":"required name=search_term_string"}],"inLanguage":"es-MX"}]}},"_links":{"self":[{"href":"http:\/\/potrerodemulas.mx\/es\/wp-json\/wp\/v2\/pages\/123"}],"collection":[{"href":"http:\/\/potrerodemulas.mx\/es\/wp-json\/wp\/v2\/pages"}],"about":[{"href":"http:\/\/potrerodemulas.mx\/es\/wp-json\/wp\/v2\/types\/page"}],"author":[{"embeddable":true,"href":"http:\/\/potrerodemulas.mx\/es\/wp-json\/wp\/v2\/users\/1"}],"replies":[{"embeddable":true,"href":"http:\/\/potrerodemulas.mx\/es\/wp-json\/wp\/v2\/comments?post=123"}],"version-history":[{"count":6,"href":"http:\/\/potrerodemulas.mx\/es\/wp-json\/wp\/v2\/pages\/123\/revisions"}],"predecessor-version":[{"id":266,"href":"http:\/\/potrerodemulas.mx\/es\/wp-json\/wp\/v2\/pages\/123\/revisions\/266"}],"wp:attachment":[{"href":"http:\/\/potrerodemulas.mx\/es\/wp-json\/wp\/v2\/media?parent=123"}],"curies":[{"name":"wp","href":"https:\/\/api.w.org\/{rel}","templated":true}]}}