{"id":111,"date":"2018-07-13T09:45:13","date_gmt":"2018-07-13T15:45:13","guid":{"rendered":"http:\/\/potrerodemulas.mx\/es\/?page_id=111"},"modified":"2018-07-13T09:50:32","modified_gmt":"2018-07-13T15:50:32","slug":"observacion-de-aves","status":"publish","type":"page","link":"http:\/\/potrerodemulas.mx\/es\/observacion-de-aves\/","title":{"rendered":"Observaci\u00f3n de aves"},"content":{"rendered":"\t\t<div data-elementor-type=\"wp-post\" data-elementor-id=\"111\" class=\"elementor elementor-111 elementor-bc-flex-widget\">\n\t\t\t\t\t\t<section class=\"elementor-section elementor-top-section elementor-element elementor-element-ade59d2 elementor-section-boxed elementor-section-height-default elementor-section-height-default\" data-id=\"ade59d2\" data-element_type=\"section\">\n\t\t\t\t\t\t<div class=\"elementor-container elementor-column-gap-default\">\n\t\t\t\t\t<div class=\"elementor-column elementor-col-100 elementor-top-column elementor-element elementor-element-4ca8cc0\" data-id=\"4ca8cc0\" data-element_type=\"column\">\n\t\t\t<div class=\"elementor-widget-wrap elementor-element-populated\">\n\t\t\t\t\t\t<div class=\"elementor-element elementor-element-109af76 elementor-widget elementor-widget-spacer\" data-id=\"109af76\" data-element_type=\"widget\" data-widget_type=\"spacer.default\">\n\t\t\t\t<div class=\"elementor-widget-container\">\n\t\t\t<style>\/*! elementor - v3.20.0 - 26-03-2024 *\/\n.elementor-column .elementor-spacer-inner{height:var(--spacer-size)}.e-con{--container-widget-width:100%}.e-con-inner>.elementor-widget-spacer,.e-con>.elementor-widget-spacer{width:var(--container-widget-width,var(--spacer-size));--align-self:var(--container-widget-align-self,initial);--flex-shrink:0}.e-con-inner>.elementor-widget-spacer>.elementor-widget-container,.e-con>.elementor-widget-spacer>.elementor-widget-container{height:100%;width:100%}.e-con-inner>.elementor-widget-spacer>.elementor-widget-container>.elementor-spacer,.e-con>.elementor-widget-spacer>.elementor-widget-container>.elementor-spacer{height:100%}.e-con-inner>.elementor-widget-spacer>.elementor-widget-container>.elementor-spacer>.elementor-spacer-inner,.e-con>.elementor-widget-spacer>.elementor-widget-container>.elementor-spacer>.elementor-spacer-inner{height:var(--container-widget-height,var(--spacer-size))}.e-con-inner>.elementor-widget-spacer.elementor-widget-empty,.e-con>.elementor-widget-spacer.elementor-widget-empty{position:relative;min-height:22px;min-width:22px}.e-con-inner>.elementor-widget-spacer.elementor-widget-empty .elementor-widget-empty-icon,.e-con>.elementor-widget-spacer.elementor-widget-empty .elementor-widget-empty-icon{position:absolute;top:0;bottom:0;left:0;right:0;margin:auto;padding:0;width:22px;height:22px}<\/style>\t\t<div class=\"elementor-spacer\">\n\t\t\t<div class=\"elementor-spacer-inner\"><\/div>\n\t\t<\/div>\n\t\t\t\t<\/div>\n\t\t\t\t<\/div>\n\t\t\t\t\t<\/div>\n\t\t<\/div>\n\t\t\t\t\t<\/div>\n\t\t<\/section>\n\t\t\t\t<section class=\"elementor-section elementor-top-section elementor-element elementor-element-3a57a99 elementor-section-boxed elementor-section-height-default elementor-section-height-default\" data-id=\"3a57a99\" data-element_type=\"section\">\n\t\t\t\t\t\t<div class=\"elementor-container elementor-column-gap-default\">\n\t\t\t\t\t<div class=\"elementor-column elementor-col-100 elementor-top-column elementor-element elementor-element-59e5f61\" data-id=\"59e5f61\" data-element_type=\"column\">\n\t\t\t<div class=\"elementor-widget-wrap elementor-element-populated\">\n\t\t\t\t\t\t<div class=\"elementor-element elementor-element-724182e elementor-widget elementor-widget-heading\" data-id=\"724182e\" data-element_type=\"widget\" data-widget_type=\"heading.default\">\n\t\t\t\t<div class=\"elementor-widget-container\">\n\t\t\t<style>\/*! elementor - v3.20.0 - 26-03-2024 *\/\n.elementor-heading-title{padding:0;margin:0;line-height:1}.elementor-widget-heading .elementor-heading-title[class*=elementor-size-]>a{color:inherit;font-size:inherit;line-height:inherit}.elementor-widget-heading .elementor-heading-title.elementor-size-small{font-size:15px}.elementor-widget-heading .elementor-heading-title.elementor-size-medium{font-size:19px}.elementor-widget-heading .elementor-heading-title.elementor-size-large{font-size:29px}.elementor-widget-heading .elementor-heading-title.elementor-size-xl{font-size:39px}.elementor-widget-heading .elementor-heading-title.elementor-size-xxl{font-size:59px}<\/style><h2 class=\"elementor-heading-title elementor-size-large\">Observaci\u00f3n de aves<\/h2>\t\t<\/div>\n\t\t\t\t<\/div>\n\t\t\t\t\t<\/div>\n\t\t<\/div>\n\t\t\t\t\t<\/div>\n\t\t<\/section>\n\t\t\t\t<section class=\"elementor-section elementor-top-section elementor-element elementor-element-ebe561c elementor-section-boxed elementor-section-height-default elementor-section-height-default\" data-id=\"ebe561c\" data-element_type=\"section\">\n\t\t\t\t\t\t<div class=\"elementor-container elementor-column-gap-default\">\n\t\t\t\t\t<div class=\"elementor-column elementor-col-100 elementor-top-column elementor-element elementor-element-dea4e29\" data-id=\"dea4e29\" data-element_type=\"column\">\n\t\t\t<div class=\"elementor-widget-wrap elementor-element-populated\">\n\t\t\t\t\t\t<div class=\"elementor-element elementor-element-1e96ac5 elementor-widget elementor-widget-image\" data-id=\"1e96ac5\" data-element_type=\"widget\" data-widget_type=\"image.default\">\n\t\t\t\t<div class=\"elementor-widget-container\">\n\t\t\t<style>\/*! elementor - v3.20.0 - 26-03-2024 *\/\n.elementor-widget-image{text-align:center}.elementor-widget-image a{display:inline-block}.elementor-widget-image a img[src$=\".svg\"]{width:48px}.elementor-widget-image img{vertical-align:middle;display:inline-block}<\/style>\t\t\t\t\t\t\t\t\t\t<img fetchpriority=\"high\" decoding=\"async\" width=\"537\" height=\"357\" src=\"http:\/\/potrerodemulas.mx\/es\/wp-content\/uploads\/2018\/07\/0212.jpg\" class=\"attachment-large size-large wp-image-113\" alt=\"\" srcset=\"http:\/\/potrerodemulas.mx\/es\/wp-content\/uploads\/2018\/07\/0212.jpg 537w, http:\/\/potrerodemulas.mx\/es\/wp-content\/uploads\/2018\/07\/0212-300x199.jpg 300w\" sizes=\"(max-width: 537px) 100vw, 537px\" \/>\t\t\t\t\t\t\t\t\t\t\t\t\t<\/div>\n\t\t\t\t<\/div>\n\t\t\t\t\t<\/div>\n\t\t<\/div>\n\t\t\t\t\t<\/div>\n\t\t<\/section>\n\t\t\t\t<section class=\"elementor-section elementor-top-section elementor-element elementor-element-9814625 elementor-section-boxed elementor-section-height-default elementor-section-height-default\" data-id=\"9814625\" data-element_type=\"section\">\n\t\t\t\t\t\t<div class=\"elementor-container elementor-column-gap-default\">\n\t\t\t\t\t<div class=\"elementor-column elementor-col-100 elementor-top-column elementor-element elementor-element-2cc845c\" data-id=\"2cc845c\" data-element_type=\"column\">\n\t\t\t<div class=\"elementor-widget-wrap elementor-element-populated\">\n\t\t\t\t\t\t<div class=\"elementor-element elementor-element-7373ac0 elementor-widget elementor-widget-text-editor\" data-id=\"7373ac0\" data-element_type=\"widget\" data-widget_type=\"text-editor.default\">\n\t\t\t\t<div class=\"elementor-widget-container\">\n\t\t\t<style>\/*! elementor - v3.20.0 - 26-03-2024 *\/\n.elementor-widget-text-editor.elementor-drop-cap-view-stacked .elementor-drop-cap{background-color:#69727d;color:#fff}.elementor-widget-text-editor.elementor-drop-cap-view-framed .elementor-drop-cap{color:#69727d;border:3px solid;background-color:transparent}.elementor-widget-text-editor:not(.elementor-drop-cap-view-default) .elementor-drop-cap{margin-top:8px}.elementor-widget-text-editor:not(.elementor-drop-cap-view-default) .elementor-drop-cap-letter{width:1em;height:1em}.elementor-widget-text-editor .elementor-drop-cap{float:left;text-align:center;line-height:1;font-size:50px}.elementor-widget-text-editor .elementor-drop-cap-letter{display:inline-block}<\/style>\t\t\t\t<p>Por todo el mundo crece cada vez m\u00e1s el ecoturista o paseante que busca recrearse a la vez que aprende y descubre de los recursos naturales de la zona que visita. Una de estas actividades es la observaci\u00f3n de fauna silvestre. Por lo regular son extranjeros, aunque en M\u00e9xico tambi\u00e9n comienza a crecer este tipo de ecoturistas.<\/p><p>La UMA presenta un buen atractivo en fauna y flora, tanto en n\u00famero de especies como en poblaciones. Los animales m\u00e1s atractivos que existen son la gran diversidad de aves canoras, rapaces y galliformes, como la chachalaca y el choncho, entre los grandes mam\u00edferos esta el venado cola blanca, el jabal\u00ed, la zorra gris y en especial los grandes felinos de Am\u00e9rica, el puma y el esquivo jaguar.<\/p><p>De acuerdo al Programa de Manejo de la UMA la observaci\u00f3n de las especies de fauna silvestre se realizar\u00e1 en los mismos senderos de interpretaci\u00f3n y dependiendo de los intereses del grupo \u00f3 visitante se podr\u00e1 utilizar otros senderos de menor tr\u00e1nsito buscando los rastros y huellas de los animales y eventualmente poder toparse con alguna de las especies de inter\u00e9s dentro de la UMA. Tambi\u00e9n se instalaran espiaderos para poder tomar fotograf\u00edas de la fauna silvestre en los lugares por donde suelen pasar, esto sin intervenir con las actividades biol\u00f3gicas de los organismos.<\/p><p>En esta etapa se ha realizado una gu\u00eda ilustrada de las aves presentes dentro de la UMA, a traves de un inventario y monitoreo de aves reportadas para la regi\u00f3n, Esta gu\u00edas estan a la venta.<\/p><p>La actividad de observaci\u00f3n de aves puede contratarse con guia interprete de flora y fauna o sin el, conforme a los precios de las actividades.<\/p>\t\t\t\t\t\t<\/div>\n\t\t\t\t<\/div>\n\t\t\t\t\t<\/div>\n\t\t<\/div>\n\t\t\t\t\t<\/div>\n\t\t<\/section>\n\t\t\t\t<\/div>\n\t\t","protected":false},"excerpt":{"rendered":"","protected":false},"author":1,"featured_media":0,"parent":0,"menu_order":0,"comment_status":"closed","ping_status":"closed","template":"","meta":{"footnotes":""},"yoast_head":"<!-- This site is optimized with the Yoast SEO plugin v22.3 - https:\/\/yoast.com\/wordpress\/plugins\/seo\/ -->\n<title>Observaci\u00f3n de aves - Potrero de mulas de San Sebastian del Oeste<\/title>\n<meta name=\"robots\" content=\"index, follow, max-snippet:-1, max-image-preview:large, max-video-preview:-1\" \/>\n<link rel=\"canonical\" href=\"http:\/\/potrerodemulas.mx\/es\/observacion-de-aves\/\" \/>\n<meta property=\"og:locale\" content=\"es_MX\" \/>\n<meta property=\"og:type\" content=\"article\" \/>\n<meta property=\"og:title\" content=\"Observaci\u00f3n de aves - Potrero de mulas de San Sebastian del Oeste\" \/>\n<meta property=\"og:url\" content=\"http:\/\/potrerodemulas.mx\/es\/observacion-de-aves\/\" \/>\n<meta property=\"og:site_name\" content=\"Potrero de mulas de San Sebastian del Oeste\" \/>\n<meta property=\"article:publisher\" content=\"https:\/\/www.facebook.com\/potrerodemulas\" \/>\n<meta property=\"article:modified_time\" content=\"2018-07-13T15:50:32+00:00\" \/>\n<meta name=\"twitter:card\" content=\"summary_large_image\" \/>\n<script type=\"application\/ld+json\" class=\"yoast-schema-graph\">{\"@context\":\"https:\/\/schema.org\",\"@graph\":[{\"@type\":\"WebPage\",\"@id\":\"http:\/\/potrerodemulas.mx\/es\/observacion-de-aves\/\",\"url\":\"http:\/\/potrerodemulas.mx\/es\/observacion-de-aves\/\",\"name\":\"Observaci\u00f3n de aves - Potrero de mulas de San Sebastian del Oeste\",\"isPartOf\":{\"@id\":\"http:\/\/potrerodemulas.mx\/es\/#website\"},\"datePublished\":\"2018-07-13T15:45:13+00:00\",\"dateModified\":\"2018-07-13T15:50:32+00:00\",\"breadcrumb\":{\"@id\":\"http:\/\/potrerodemulas.mx\/es\/observacion-de-aves\/#breadcrumb\"},\"inLanguage\":\"es-MX\",\"potentialAction\":[{\"@type\":\"ReadAction\",\"target\":[\"http:\/\/potrerodemulas.mx\/es\/observacion-de-aves\/\"]}]},{\"@type\":\"BreadcrumbList\",\"@id\":\"http:\/\/potrerodemulas.mx\/es\/observacion-de-aves\/#breadcrumb\",\"itemListElement\":[{\"@type\":\"ListItem\",\"position\":1,\"name\":\"Inicio\",\"item\":\"http:\/\/potrerodemulas.mx\/es\/\"},{\"@type\":\"ListItem\",\"position\":2,\"name\":\"Observaci\u00f3n de aves\"}]},{\"@type\":\"WebSite\",\"@id\":\"http:\/\/potrerodemulas.mx\/es\/#website\",\"url\":\"http:\/\/potrerodemulas.mx\/es\/\",\"name\":\"Potrero de mulas de San Sebastian del Oeste\",\"description\":\"Potrero de mulas ecoturismo amibental\",\"potentialAction\":[{\"@type\":\"SearchAction\",\"target\":{\"@type\":\"EntryPoint\",\"urlTemplate\":\"http:\/\/potrerodemulas.mx\/es\/?s={search_term_string}\"},\"query-input\":\"required name=search_term_string\"}],\"inLanguage\":\"es-MX\"}]}<\/script>\n<!-- \/ Yoast SEO plugin. -->","yoast_head_json":{"title":"Observaci\u00f3n de aves - Potrero de mulas de San Sebastian del Oeste","robots":{"index":"index","follow":"follow","max-snippet":"max-snippet:-1","max-image-preview":"max-image-preview:large","max-video-preview":"max-video-preview:-1"},"canonical":"http:\/\/potrerodemulas.mx\/es\/observacion-de-aves\/","og_locale":"es_MX","og_type":"article","og_title":"Observaci\u00f3n de aves - Potrero de mulas de San Sebastian del Oeste","og_url":"http:\/\/potrerodemulas.mx\/es\/observacion-de-aves\/","og_site_name":"Potrero de mulas de San Sebastian del Oeste","article_publisher":"https:\/\/www.facebook.com\/potrerodemulas","article_modified_time":"2018-07-13T15:50:32+00:00","twitter_card":"summary_large_image","schema":{"@context":"https:\/\/schema.org","@graph":[{"@type":"WebPage","@id":"http:\/\/potrerodemulas.mx\/es\/observacion-de-aves\/","url":"http:\/\/potrerodemulas.mx\/es\/observacion-de-aves\/","name":"Observaci\u00f3n de aves - Potrero de mulas de San Sebastian del Oeste","isPartOf":{"@id":"http:\/\/potrerodemulas.mx\/es\/#website"},"datePublished":"2018-07-13T15:45:13+00:00","dateModified":"2018-07-13T15:50:32+00:00","breadcrumb":{"@id":"http:\/\/potrerodemulas.mx\/es\/observacion-de-aves\/#breadcrumb"},"inLanguage":"es-MX","potentialAction":[{"@type":"ReadAction","target":["http:\/\/potrerodemulas.mx\/es\/observacion-de-aves\/"]}]},{"@type":"BreadcrumbList","@id":"http:\/\/potrerodemulas.mx\/es\/observacion-de-aves\/#breadcrumb","itemListElement":[{"@type":"ListItem","position":1,"name":"Inicio","item":"http:\/\/potrerodemulas.mx\/es\/"},{"@type":"ListItem","position":2,"name":"Observaci\u00f3n de aves"}]},{"@type":"WebSite","@id":"http:\/\/potrerodemulas.mx\/es\/#website","url":"http:\/\/potrerodemulas.mx\/es\/","name":"Potrero de mulas de San Sebastian del Oeste","description":"Potrero de mulas ecoturismo amibental","potentialAction":[{"@type":"SearchAction","target":{"@type":"EntryPoint","urlTemplate":"http:\/\/potrerodemulas.mx\/es\/?s={search_term_string}"},"query-input":"required name=search_term_string"}],"inLanguage":"es-MX"}]}},"_links":{"self":[{"href":"http:\/\/potrerodemulas.mx\/es\/wp-json\/wp\/v2\/pages\/111"}],"collection":[{"href":"http:\/\/potrerodemulas.mx\/es\/wp-json\/wp\/v2\/pages"}],"about":[{"href":"http:\/\/potrerodemulas.mx\/es\/wp-json\/wp\/v2\/types\/page"}],"author":[{"embeddable":true,"href":"http:\/\/potrerodemulas.mx\/es\/wp-json\/wp\/v2\/users\/1"}],"replies":[{"embeddable":true,"href":"http:\/\/potrerodemulas.mx\/es\/wp-json\/wp\/v2\/comments?post=111"}],"version-history":[{"count":4,"href":"http:\/\/potrerodemulas.mx\/es\/wp-json\/wp\/v2\/pages\/111\/revisions"}],"predecessor-version":[{"id":116,"href":"http:\/\/potrerodemulas.mx\/es\/wp-json\/wp\/v2\/pages\/111\/revisions\/116"}],"wp:attachment":[{"href":"http:\/\/potrerodemulas.mx\/es\/wp-json\/wp\/v2\/media?parent=111"}],"curies":[{"name":"wp","href":"https:\/\/api.w.org\/{rel}","templated":true}]}}